{"id":915,"date":"2025-04-25T12:33:11","date_gmt":"2025-04-25T15:33:11","guid":{"rendered":"https:\/\/resetfix.com\/instructions-pantum-generator-2-0-pantum-tool\/"},"modified":"2026-02-24T13:10:54","modified_gmt":"2026-02-24T16:10:54","slug":"instructions-pantum-generator-2-0-pantum-tool","status":"publish","type":"page","link":"https:\/\/resetfix.com\/en\/instructions-pantum-generator-2-0-pantum-tool\/","title":{"rendered":"Instructions &#8211; Pantum Generator 2.0 &#8211; Pantum Tool"},"content":{"rendered":"\n<p>To use the pantum 2.0 generator you must first create an account, if you don&#8217;t have one yet, click <a href=\"https:\/\/resetfix.com\/wp-login.php?action=register\" target=\"_blank\" rel=\"noreferrer noopener\"><em>here <\/em><\/a>to create one. After creating the account you will need to download the <em>Pantum Tool<\/em>. Click <em><a href=\"https:\/\/drive.google.com\/file\/d\/1W0Pa22XK4D6B--UlFFAFdr67dPBC4Q2M\/view?usp=sharing\" target=\"_blank\" rel=\"noreferrer noopener\">here <\/a><\/em>to download<\/p>\n\n\n\n<div class=\"wp-block-uagb-image uagb-block-ef67c20a wp-block-uagb-image--layout-default wp-block-uagb-image--effect-static wp-block-uagb-image--align-none\"><figure class=\"wp-block-uagb-image__figure\"><img decoding=\"async\" srcset=\"https:\/\/resetfix.com\/wp-content\/uploads\/2025\/04\/Captura-de-tela-2025-04-25-110809.png ,https:\/\/resetfix.com\/wp-content\/uploads\/2025\/04\/Captura-de-tela-2025-04-25-110809.png 780w, https:\/\/resetfix.com\/wp-content\/uploads\/2025\/04\/Captura-de-tela-2025-04-25-110809.png 360w\" sizes=\"auto, (max-width: 480px) 150px\" src=\"https:\/\/resetfix.com\/wp-content\/uploads\/2025\/04\/Captura-de-tela-2025-04-25-110809.png\" alt=\"Pantum Tool\" class=\"uag-image-508\" width=\"727\" height=\"241\" title=\"Pantum Tool 2.8\" loading=\"lazy\" role=\"img\"\/><\/figure><\/div>\n\n\n\n<ol class=\"wp-block-list\">\n<li>Connect the printer to the computer using a high-quality USB cable (up to 1.5m)<\/li>\n\n\n\n<li>Click on Get data from the printer. <\/li>\n\n\n\n<li>Click on the indicated area and copy the generated ID<\/li>\n<\/ol>\n\n\n\n<div class=\"wp-block-uagb-image uagb-block-86f92e04 wp-block-uagb-image--layout-default wp-block-uagb-image--effect-static wp-block-uagb-image--align-none\"><figure class=\"wp-block-uagb-image__figure\"><img decoding=\"async\" srcset=\"https:\/\/resetfix.com\/wp-content\/uploads\/2025\/04\/Captura-de-tela-2025-04-25-111808-1024x339.png ,https:\/\/resetfix.com\/wp-content\/uploads\/2025\/04\/Captura-de-tela-2025-04-25-111808.png 780w, https:\/\/resetfix.com\/wp-content\/uploads\/2025\/04\/Captura-de-tela-2025-04-25-111808.png 360w\" sizes=\"auto, (max-width: 480px) 150px\" src=\"https:\/\/resetfix.com\/wp-content\/uploads\/2025\/04\/Captura-de-tela-2025-04-25-111808-1024x339.png\" alt=\"\" class=\"uag-image-509\" width=\"747\" height=\"247\" title=\"Captura de tela 2025-04-25 111808\" loading=\"lazy\" role=\"img\"\/><\/figure><\/div>\n\n\n\n<p>4. Return to the generator, paste the ID and then click on \u201c<em>Validate and Generate Firmware<\/em>\u201d. You need to have sufficient credits to be able to generate. <\/p>\n\n\n\n<div class=\"wp-block-uagb-image uagb-block-5249e2af wp-block-uagb-image--layout-default wp-block-uagb-image--effect-static wp-block-uagb-image--align-none\"><figure class=\"wp-block-uagb-image__figure\"><img decoding=\"async\" srcset=\"https:\/\/resetfix.com\/wp-content\/uploads\/2025\/04\/Captura-de-tela-2025-04-25-112304.png ,https:\/\/resetfix.com\/wp-content\/uploads\/2025\/04\/Captura-de-tela-2025-04-25-112304.png 780w, https:\/\/resetfix.com\/wp-content\/uploads\/2025\/04\/Captura-de-tela-2025-04-25-112304.png 360w\" sizes=\"auto, (max-width: 480px) 150px\" src=\"https:\/\/resetfix.com\/wp-content\/uploads\/2025\/04\/Captura-de-tela-2025-04-25-112304.png\" alt=\"\" class=\"uag-image-510\" width=\"1175\" height=\"578\" title=\"Captura de tela 2025-04-25 112304\" loading=\"lazy\" role=\"img\"\/><\/figure><\/div>\n\n\n\n<p>5. To update your machine, download the generated file. In the Pantum Tool program click on <em>flash from a file<\/em> and select the firmware file. Wait for the programming to finish. If you have questions, please <a href=\"https:\/\/wa.me\/5537998273278\">contact us<\/a>. Important: do not interrupt the machine update after starting the procedure.     <\/p>\n","protected":false},"excerpt":{"rendered":"<p>To use the pantum 2.0 generator you must first create an account, if you don&#8217;t have one yet, click here [&hellip;]<\/p>\n","protected":false},"author":1,"featured_media":0,"parent":0,"menu_order":0,"comment_status":"closed","ping_status":"closed","template":"","meta":{"_uag_custom_page_level_css":"","site-sidebar-layout":"default","site-content-layout":"","ast-site-content-layout":"default","site-content-style":"default","site-sidebar-style":"default","ast-global-header-display":"","ast-banner-title-visibility":"","ast-main-header-display":"","ast-hfb-above-header-display":"","ast-hfb-below-header-display":"","ast-hfb-mobile-header-display":"","site-post-title":"","ast-breadcrumbs-content":"","ast-featured-img":"","footer-sml-layout":"","ast-disable-related-posts":"","theme-transparent-header-meta":"","adv-header-id-meta":"","stick-header-meta":"","header-above-stick-meta":"","header-main-stick-meta":"","header-below-stick-meta":"","astra-migrate-meta-layouts":"default","ast-page-background-enabled":"default","ast-page-background-meta":{"desktop":{"background-color":"var(--ast-global-color-5)","background-image":"","background-repeat":"repeat","background-position":"center center","background-size":"auto","background-attachment":"scroll","background-type":"","background-media":"","overlay-type":"","overlay-color":"","overlay-opacity":"","overlay-gradient":""},"tablet":{"background-color":"","background-image":"","background-repeat":"repeat","background-position":"center center","background-size":"auto","background-attachment":"scroll","background-type":"","background-media":"","overlay-type":"","overlay-color":"","overlay-opacity":"","overlay-gradient":""},"mobile":{"background-color":"","background-image":"","background-repeat":"repeat","background-position":"center center","background-size":"auto","background-attachment":"scroll","background-type":"","background-media":"","overlay-type":"","overlay-color":"","overlay-opacity":"","overlay-gradient":""}},"ast-content-background-meta":{"desktop":{"background-color":"var(--ast-global-color-4)","background-image":"","background-repeat":"repeat","background-position":"center center","background-size":"auto","background-attachment":"scroll","background-type":"","background-media":"","overlay-type":"","overlay-color":"","overlay-opacity":"","overlay-gradient":""},"tablet":{"background-color":"var(--ast-global-color-4)","background-image":"","background-repeat":"repeat","background-position":"center center","background-size":"auto","background-attachment":"scroll","background-type":"","background-media":"","overlay-type":"","overlay-color":"","overlay-opacity":"","overlay-gradient":""},"mobile":{"background-color":"var(--ast-global-color-4)","background-image":"","background-repeat":"repeat","background-position":"center center","background-size":"auto","background-attachment":"scroll","background-type":"","background-media":"","overlay-type":"","overlay-color":"","overlay-opacity":"","overlay-gradient":""}},"footnotes":""},"class_list":["post-915","page","type-page","status-publish","hentry"],"yoast_head":"<!-- This site is optimized with the Yoast SEO Premium plugin v24.7 (Yoast SEO v24.7) - https:\/\/yoast.com\/wordpress\/plugins\/seo\/ -->\n<title>Instructions - Pantum Generator 2.0 - Pantum Tool - ResetFix<\/title>\n<meta name=\"description\" content=\"resetfix.com specializes in unlocking laser printers. 100% online printer reset. Download the pantum tool program...\" \/>\n<meta name=\"robots\" content=\"index, follow, max-snippet:-1, max-image-preview:large, max-video-preview:-1\" \/>\n<link rel=\"canonical\" href=\"https:\/\/resetfix.com\/en\/instructions-pantum-generator-2-0-pantum-tool\/\" \/>\n<meta property=\"og:locale\" content=\"en_US\" \/>\n<meta property=\"og:type\" content=\"article\" \/>\n<meta property=\"og:title\" content=\"Instructions - Pantum Generator 2.0 - Pantum Tool\" \/>\n<meta property=\"og:description\" content=\"Gera\u00e7\u00e3o de firmware para impressoras a laser.\" \/>\n<meta property=\"og:url\" content=\"https:\/\/resetfix.com\/en\/instructions-pantum-generator-2-0-pantum-tool\/\" \/>\n<meta property=\"og:site_name\" content=\"ResetFix\" \/>\n<meta property=\"article:modified_time\" content=\"2026-02-24T16:10:54+00:00\" \/>\n<meta property=\"og:image\" content=\"https:\/\/resetfix.com\/wp-content\/uploads\/2025\/04\/Captura-de-tela-2025-04-25-110809.png\" \/>\n<meta name=\"twitter:card\" content=\"summary_large_image\" \/>\n<meta name=\"twitter:label1\" content=\"Est. reading time\" \/>\n\t<meta name=\"twitter:data1\" content=\"2 minutes\" \/>\n<script type=\"application\/ld+json\" class=\"yoast-schema-graph\">{\"@context\":\"https:\/\/schema.org\",\"@graph\":[{\"@type\":\"TechArticle\",\"@id\":\"https:\/\/resetfix.com\/en\/instructions-pantum-generator-2-0-pantum-tool\/#article\",\"isPartOf\":{\"@id\":\"https:\/\/resetfix.com\/en\/instructions-pantum-generator-2-0-pantum-tool\/\"},\"author\":{\"name\":\"resetfix\",\"@id\":\"https:\/\/resetfix.com\/en\/#\/schema\/person\/19a5fa056777f2b87306196913ce2cb5\"},\"headline\":\"Instructions &#8211; Pantum Generator 2.0 &#8211; Pantum Tool\",\"datePublished\":\"2025-04-25T15:33:11+00:00\",\"dateModified\":\"2026-02-24T16:10:54+00:00\",\"mainEntityOfPage\":{\"@id\":\"https:\/\/resetfix.com\/en\/instructions-pantum-generator-2-0-pantum-tool\/\"},\"wordCount\":151,\"publisher\":{\"@id\":\"https:\/\/resetfix.com\/en\/#organization\"},\"image\":{\"@id\":\"https:\/\/resetfix.com\/en\/instructions-pantum-generator-2-0-pantum-tool\/#primaryimage\"},\"thumbnailUrl\":\"https:\/\/resetfix.com\/wp-content\/uploads\/2025\/04\/Captura-de-tela-2025-04-25-110809.png\",\"inLanguage\":\"en-US\"},{\"@type\":\"WebPage\",\"@id\":\"https:\/\/resetfix.com\/en\/instructions-pantum-generator-2-0-pantum-tool\/\",\"url\":\"https:\/\/resetfix.com\/en\/instructions-pantum-generator-2-0-pantum-tool\/\",\"name\":\"Instructions - Pantum Generator 2.0 - Pantum Tool - ResetFix\",\"isPartOf\":{\"@id\":\"https:\/\/resetfix.com\/en\/#website\"},\"primaryImageOfPage\":{\"@id\":\"https:\/\/resetfix.com\/en\/instructions-pantum-generator-2-0-pantum-tool\/#primaryimage\"},\"image\":{\"@id\":\"https:\/\/resetfix.com\/en\/instructions-pantum-generator-2-0-pantum-tool\/#primaryimage\"},\"thumbnailUrl\":\"https:\/\/resetfix.com\/wp-content\/uploads\/2025\/04\/Captura-de-tela-2025-04-25-110809.png\",\"datePublished\":\"2025-04-25T15:33:11+00:00\",\"dateModified\":\"2026-02-24T16:10:54+00:00\",\"description\":\"resetfix.com specializes in unlocking laser printers. 100% online printer reset. Download the pantum tool program...\",\"breadcrumb\":{\"@id\":\"https:\/\/resetfix.com\/en\/instructions-pantum-generator-2-0-pantum-tool\/#breadcrumb\"},\"inLanguage\":\"en-US\",\"potentialAction\":[{\"@type\":\"ReadAction\",\"target\":[\"https:\/\/resetfix.com\/en\/instructions-pantum-generator-2-0-pantum-tool\/\"]}]},{\"@type\":\"ImageObject\",\"inLanguage\":\"en-US\",\"@id\":\"https:\/\/resetfix.com\/en\/instructions-pantum-generator-2-0-pantum-tool\/#primaryimage\",\"url\":\"https:\/\/resetfix.com\/wp-content\/uploads\/2025\/04\/Captura-de-tela-2025-04-25-110809.png\",\"contentUrl\":\"https:\/\/resetfix.com\/wp-content\/uploads\/2025\/04\/Captura-de-tela-2025-04-25-110809.png\"},{\"@type\":\"BreadcrumbList\",\"@id\":\"https:\/\/resetfix.com\/en\/instructions-pantum-generator-2-0-pantum-tool\/#breadcrumb\",\"itemListElement\":[{\"@type\":\"ListItem\",\"position\":1,\"name\":\"In\u00edcio\",\"item\":\"https:\/\/resetfix.com\/en\/\"},{\"@type\":\"ListItem\",\"position\":2,\"name\":\"Instructions &#8211; Pantum Generator 2.0 &#8211; Pantum Tool\"}]},{\"@type\":\"WebSite\",\"@id\":\"https:\/\/resetfix.com\/en\/#website\",\"url\":\"https:\/\/resetfix.com\/en\/\",\"name\":\"ResetFix\",\"description\":\"Firmwares de v\u00e1rios modelos de impressoras e multifuncionais compat\u00edveis\",\"publisher\":{\"@id\":\"https:\/\/resetfix.com\/en\/#organization\"},\"potentialAction\":[{\"@type\":\"SearchAction\",\"target\":{\"@type\":\"EntryPoint\",\"urlTemplate\":\"https:\/\/resetfix.com\/en\/?s={search_term_string}\"},\"query-input\":{\"@type\":\"PropertyValueSpecification\",\"valueRequired\":true,\"valueName\":\"search_term_string\"}}],\"inLanguage\":\"en-US\"},{\"@type\":\"Organization\",\"@id\":\"https:\/\/resetfix.com\/en\/#organization\",\"name\":\"ResetFix -Firmware Fix\",\"alternateName\":\"Resetfix\",\"url\":\"https:\/\/resetfix.com\/en\/\",\"logo\":{\"@type\":\"ImageObject\",\"inLanguage\":\"en-US\",\"@id\":\"https:\/\/resetfix.com\/en\/#\/schema\/logo\/image\/\",\"url\":\"https:\/\/resetfix.com\/wp-content\/uploads\/2025\/03\/logo-reset-fix-1.png\",\"contentUrl\":\"https:\/\/resetfix.com\/wp-content\/uploads\/2025\/03\/logo-reset-fix-1.png\",\"width\":876,\"height\":887,\"caption\":\"ResetFix -Firmware Fix\"},\"image\":{\"@id\":\"https:\/\/resetfix.com\/en\/#\/schema\/logo\/image\/\"},\"sameAs\":[\"https:\/\/lista.mercadolivre.com.br\/_CustId_698846821?item_id=MLB5126494038&category_id=MLB271870&seller_id=698846821&client=recoview-selleritems&recos_listing=true#origin=vip&component=sellerData&typeSeller=classic\"],\"description\":\"Resetfix.com \u00e9 um servi\u00e7o de gera\u00e7\u00e3o online de firmware para impressoras a laser\",\"email\":\"resetfixbr@gmail.com\",\"telephone\":\"37998273278\",\"legalName\":\"Resetfix\",\"foundingDate\":\"2025-01-26\",\"vatID\":\"52482588000160\",\"numberOfEmployees\":{\"@type\":\"QuantitativeValue\",\"minValue\":\"1\",\"maxValue\":\"10\"},\"actionableFeedbackPolicy\":\"https:\/\/resetfix.com\/politica-de-privacidade\/\"},{\"@type\":\"Person\",\"@id\":\"https:\/\/resetfix.com\/en\/#\/schema\/person\/19a5fa056777f2b87306196913ce2cb5\",\"name\":\"resetfix\",\"image\":{\"@type\":\"ImageObject\",\"inLanguage\":\"en-US\",\"@id\":\"https:\/\/resetfix.com\/en\/#\/schema\/person\/image\/\",\"url\":\"https:\/\/resetfix.com\/wp-content\/litespeed\/avatar\/533bc700ff5ac55749d3b7cc83a3abce.jpg?ver=1776654472\",\"contentUrl\":\"https:\/\/resetfix.com\/wp-content\/litespeed\/avatar\/533bc700ff5ac55749d3b7cc83a3abce.jpg?ver=1776654472\",\"caption\":\"resetfix\"},\"sameAs\":[\"https:\/\/resetfix.com\"],\"url\":\"https:\/\/resetfix.com\/en\/author\/resetfix\/\"}]}<\/script>\n<!-- \/ Yoast SEO Premium plugin. -->","yoast_head_json":{"title":"Instructions - Pantum Generator 2.0 - Pantum Tool - ResetFix","description":"resetfix.com specializes in unlocking laser printers. 100% online printer reset. Download the pantum tool program...","robots":{"index":"index","follow":"follow","max-snippet":"max-snippet:-1","max-image-preview":"max-image-preview:large","max-video-preview":"max-video-preview:-1"},"canonical":"https:\/\/resetfix.com\/en\/instructions-pantum-generator-2-0-pantum-tool\/","og_locale":"en_US","og_type":"article","og_title":"Instructions - Pantum Generator 2.0 - Pantum Tool","og_description":"Gera\u00e7\u00e3o de firmware para impressoras a laser.","og_url":"https:\/\/resetfix.com\/en\/instructions-pantum-generator-2-0-pantum-tool\/","og_site_name":"ResetFix","article_modified_time":"2026-02-24T16:10:54+00:00","og_image":[{"url":"https:\/\/resetfix.com\/wp-content\/uploads\/2025\/04\/Captura-de-tela-2025-04-25-110809.png","type":"","width":"","height":""}],"twitter_card":"summary_large_image","twitter_misc":{"Est. reading time":"2 minutes"},"schema":{"@context":"https:\/\/schema.org","@graph":[{"@type":"TechArticle","@id":"https:\/\/resetfix.com\/en\/instructions-pantum-generator-2-0-pantum-tool\/#article","isPartOf":{"@id":"https:\/\/resetfix.com\/en\/instructions-pantum-generator-2-0-pantum-tool\/"},"author":{"name":"resetfix","@id":"https:\/\/resetfix.com\/en\/#\/schema\/person\/19a5fa056777f2b87306196913ce2cb5"},"headline":"Instructions &#8211; Pantum Generator 2.0 &#8211; Pantum Tool","datePublished":"2025-04-25T15:33:11+00:00","dateModified":"2026-02-24T16:10:54+00:00","mainEntityOfPage":{"@id":"https:\/\/resetfix.com\/en\/instructions-pantum-generator-2-0-pantum-tool\/"},"wordCount":151,"publisher":{"@id":"https:\/\/resetfix.com\/en\/#organization"},"image":{"@id":"https:\/\/resetfix.com\/en\/instructions-pantum-generator-2-0-pantum-tool\/#primaryimage"},"thumbnailUrl":"https:\/\/resetfix.com\/wp-content\/uploads\/2025\/04\/Captura-de-tela-2025-04-25-110809.png","inLanguage":"en-US"},{"@type":"WebPage","@id":"https:\/\/resetfix.com\/en\/instructions-pantum-generator-2-0-pantum-tool\/","url":"https:\/\/resetfix.com\/en\/instructions-pantum-generator-2-0-pantum-tool\/","name":"Instructions - Pantum Generator 2.0 - Pantum Tool - ResetFix","isPartOf":{"@id":"https:\/\/resetfix.com\/en\/#website"},"primaryImageOfPage":{"@id":"https:\/\/resetfix.com\/en\/instructions-pantum-generator-2-0-pantum-tool\/#primaryimage"},"image":{"@id":"https:\/\/resetfix.com\/en\/instructions-pantum-generator-2-0-pantum-tool\/#primaryimage"},"thumbnailUrl":"https:\/\/resetfix.com\/wp-content\/uploads\/2025\/04\/Captura-de-tela-2025-04-25-110809.png","datePublished":"2025-04-25T15:33:11+00:00","dateModified":"2026-02-24T16:10:54+00:00","description":"resetfix.com specializes in unlocking laser printers. 100% online printer reset. Download the pantum tool program...","breadcrumb":{"@id":"https:\/\/resetfix.com\/en\/instructions-pantum-generator-2-0-pantum-tool\/#breadcrumb"},"inLanguage":"en-US","potentialAction":[{"@type":"ReadAction","target":["https:\/\/resetfix.com\/en\/instructions-pantum-generator-2-0-pantum-tool\/"]}]},{"@type":"ImageObject","inLanguage":"en-US","@id":"https:\/\/resetfix.com\/en\/instructions-pantum-generator-2-0-pantum-tool\/#primaryimage","url":"https:\/\/resetfix.com\/wp-content\/uploads\/2025\/04\/Captura-de-tela-2025-04-25-110809.png","contentUrl":"https:\/\/resetfix.com\/wp-content\/uploads\/2025\/04\/Captura-de-tela-2025-04-25-110809.png"},{"@type":"BreadcrumbList","@id":"https:\/\/resetfix.com\/en\/instructions-pantum-generator-2-0-pantum-tool\/#breadcrumb","itemListElement":[{"@type":"ListItem","position":1,"name":"In\u00edcio","item":"https:\/\/resetfix.com\/en\/"},{"@type":"ListItem","position":2,"name":"Instructions &#8211; Pantum Generator 2.0 &#8211; Pantum Tool"}]},{"@type":"WebSite","@id":"https:\/\/resetfix.com\/en\/#website","url":"https:\/\/resetfix.com\/en\/","name":"ResetFix","description":"Firmwares de v\u00e1rios modelos de impressoras e multifuncionais compat\u00edveis","publisher":{"@id":"https:\/\/resetfix.com\/en\/#organization"},"potentialAction":[{"@type":"SearchAction","target":{"@type":"EntryPoint","urlTemplate":"https:\/\/resetfix.com\/en\/?s={search_term_string}"},"query-input":{"@type":"PropertyValueSpecification","valueRequired":true,"valueName":"search_term_string"}}],"inLanguage":"en-US"},{"@type":"Organization","@id":"https:\/\/resetfix.com\/en\/#organization","name":"ResetFix -Firmware Fix","alternateName":"Resetfix","url":"https:\/\/resetfix.com\/en\/","logo":{"@type":"ImageObject","inLanguage":"en-US","@id":"https:\/\/resetfix.com\/en\/#\/schema\/logo\/image\/","url":"https:\/\/resetfix.com\/wp-content\/uploads\/2025\/03\/logo-reset-fix-1.png","contentUrl":"https:\/\/resetfix.com\/wp-content\/uploads\/2025\/03\/logo-reset-fix-1.png","width":876,"height":887,"caption":"ResetFix -Firmware Fix"},"image":{"@id":"https:\/\/resetfix.com\/en\/#\/schema\/logo\/image\/"},"sameAs":["https:\/\/lista.mercadolivre.com.br\/_CustId_698846821?item_id=MLB5126494038&category_id=MLB271870&seller_id=698846821&client=recoview-selleritems&recos_listing=true#origin=vip&component=sellerData&typeSeller=classic"],"description":"Resetfix.com \u00e9 um servi\u00e7o de gera\u00e7\u00e3o online de firmware para impressoras a laser","email":"resetfixbr@gmail.com","telephone":"37998273278","legalName":"Resetfix","foundingDate":"2025-01-26","vatID":"52482588000160","numberOfEmployees":{"@type":"QuantitativeValue","minValue":"1","maxValue":"10"},"actionableFeedbackPolicy":"https:\/\/resetfix.com\/politica-de-privacidade\/"},{"@type":"Person","@id":"https:\/\/resetfix.com\/en\/#\/schema\/person\/19a5fa056777f2b87306196913ce2cb5","name":"resetfix","image":{"@type":"ImageObject","inLanguage":"en-US","@id":"https:\/\/resetfix.com\/en\/#\/schema\/person\/image\/","url":"https:\/\/resetfix.com\/wp-content\/litespeed\/avatar\/533bc700ff5ac55749d3b7cc83a3abce.jpg?ver=1776654472","contentUrl":"https:\/\/resetfix.com\/wp-content\/litespeed\/avatar\/533bc700ff5ac55749d3b7cc83a3abce.jpg?ver=1776654472","caption":"resetfix"},"sameAs":["https:\/\/resetfix.com"],"url":"https:\/\/resetfix.com\/en\/author\/resetfix\/"}]}},"uagb_featured_image_src":{"full":false,"thumbnail":false,"medium":false,"medium_large":false,"large":false,"1536x1536":false,"2048x2048":false,"woocommerce_thumbnail":false,"woocommerce_single":false,"woocommerce_gallery_thumbnail":false},"uagb_author_info":{"display_name":"resetfix","author_link":"https:\/\/resetfix.com\/en\/author\/resetfix\/"},"uagb_comment_info":0,"uagb_excerpt":"To use the pantum 2.0 generator you must first create an account, if you don&#8217;t have one yet, click here [&hellip;]","_links":{"self":[{"href":"https:\/\/resetfix.com\/en\/wp-json\/wp\/v2\/pages\/915","targetHints":{"allow":["GET"]}}],"collection":[{"href":"https:\/\/resetfix.com\/en\/wp-json\/wp\/v2\/pages"}],"about":[{"href":"https:\/\/resetfix.com\/en\/wp-json\/wp\/v2\/types\/page"}],"author":[{"embeddable":true,"href":"https:\/\/resetfix.com\/en\/wp-json\/wp\/v2\/users\/1"}],"replies":[{"embeddable":true,"href":"https:\/\/resetfix.com\/en\/wp-json\/wp\/v2\/comments?post=915"}],"version-history":[{"count":1,"href":"https:\/\/resetfix.com\/en\/wp-json\/wp\/v2\/pages\/915\/revisions"}],"predecessor-version":[{"id":1740,"href":"https:\/\/resetfix.com\/en\/wp-json\/wp\/v2\/pages\/915\/revisions\/1740"}],"wp:attachment":[{"href":"https:\/\/resetfix.com\/en\/wp-json\/wp\/v2\/media?parent=915"}],"curies":[{"name":"wp","href":"https:\/\/api.w.org\/{rel}","templated":true}]}}