{"id":925,"date":"2025-03-18T16:40:53","date_gmt":"2025-03-18T19:40:53","guid":{"rendered":"https:\/\/resetfix.com\/pantum-reset-unlock-for-chipless-use\/"},"modified":"2026-02-13T17:32:30","modified_gmt":"2026-02-13T20:32:30","slug":"pantum-reset-unlock-for-chipless-use","status":"publish","type":"page","link":"https:\/\/resetfix.com\/en\/","title":{"rendered":"Pantum Reset \u2013 Unlock for Chipless Use"},"content":{"rendered":"\n<div style=\"height:30px\" aria-hidden=\"true\" class=\"wp-block-spacer\"><\/div>\n\n\n\n<h1 class=\"wp-block-heading has-text-align-left has-large-font-size\" id=\"h-pantum-reset-unlock-for-chipless-use\">Pantum Reset \u2013 Unlock for Chipless Use<\/h1>\n\n\n\n<div style=\"height:65px\" aria-hidden=\"true\" class=\"wp-block-spacer\"><\/div>\n\n\n\n<div class=\"wp-block-uagb-container uagb-block-72defb6f alignfull uagb-is-root-container\"><div class=\"uagb-container-inner-blocks-wrap\">\n<div class=\"wp-block-uagb-container uagb-block-ced1c5c8\">\n<p class=\"has-medium-font-size\">Tired of seeing messages like <strong>\u201cToner empty 3001\u201d<\/strong>, \u201c<strong>Replace drum<\/strong>\u201d, \u201c<strong>Incompatible toner\u201d<\/strong> or <strong>\u201c Cartridge Not detected\u201d?<\/strong><br><br><strong>Reset Pantum<\/strong> <strong>Pro <\/strong>is the simple, fast, and ultimate solution to fix this problem.<\/p>\n\n\n\n<div class=\"wp-block-uagb-buttons uagb-buttons__outer-wrap uagb-btn__default-btn uagb-btn-tablet__default-btn uagb-btn-mobile__default-btn uagb-block-7fd3f480\"><div class=\"uagb-buttons__wrap uagb-buttons-layout-wrap \">\n<div class=\"wp-block-uagb-buttons-child uagb-buttons__outer-wrap uagb-block-2142821e wp-block-button\"><div class=\"uagb-button__wrapper\"><a class=\"uagb-buttons-repeater wp-block-button__link\" aria-label=\"\" href=\"https:\/\/resetfix.com\/en\/pantum-reset-generator\/\" rel=\"follow noopener\" target=\"_self\" role=\"button\"><div class=\"uagb-button__link\">UNLOCK NOW<\/div><span class=\"uagb-button__icon uagb-button__icon-position-after\"><svg xmlns=\"https:\/\/www.w3.org\/2000\/svg\" viewBox=\"0 0 448 512\" aria-hidden=\"true\" focussable=\"false\"><path d=\"M224 64C179.8 64 144 99.82 144 144V192H384C419.3 192 448 220.7 448 256V448C448 483.3 419.3 512 384 512H64C28.65 512 0 483.3 0 448V256C0 220.7 28.65 192 64 192H80V144C80 64.47 144.5 0 224 0C281.5 0 331 33.69 354.1 82.27C361.7 98.23 354.9 117.3 338.1 124.9C322.1 132.5 303.9 125.7 296.3 109.7C283.4 82.63 255.9 64 224 64H224zM256 384C273.7 384 288 369.7 288 352C288 334.3 273.7 320 256 320H192C174.3 320 160 334.3 160 352C160 369.7 174.3 384 192 384H256z\"><\/path><\/svg><\/span><\/a><\/div><\/div>\n<\/div><\/div>\n<\/div>\n\n\n\n<div class=\"wp-block-uagb-container uagb-block-077288b6\">\n<figure class=\"wp-block-image size-full is-resized\"><img loading=\"lazy\" decoding=\"async\" width=\"768\" height=\"325\" src=\"https:\/\/resetfix.com\/wp-content\/uploads\/2025\/08\/banner-pantum-shadow-1.png\" alt=\"\" class=\"wp-image-1108\" style=\"object-fit:contain;width:768px;height:325px\" srcset=\"https:\/\/resetfix.com\/wp-content\/uploads\/2025\/08\/banner-pantum-shadow-1.png 768w, https:\/\/resetfix.com\/wp-content\/uploads\/2025\/08\/banner-pantum-shadow-1-300x127.png 300w, https:\/\/resetfix.com\/wp-content\/uploads\/2025\/08\/banner-pantum-shadow-1-600x254.png 600w\" sizes=\"auto, (max-width: 768px) 100vw, 768px\" \/><\/figure>\n<\/div>\n<\/div><\/div>\n\n\n\n<h2 class=\"wp-block-heading\" id=\"h-why-reset\"><strong><strong>Why Reset?<\/strong><\/strong><\/h2>\n\n\n\n<p><strong><em>Your printer. Your rules. <\/em><\/strong><\/p>\n\n\n\n<p>Firmware Fixing is the smartest way to save money and take full control of your printer. By removing factory restrictions, you stop depending on expensive supplies and gain the freedom to print the way you want.<br>Benefits:  <\/p>\n\n\n\n<ul class=\"wp-block-list\">\n<li>\u2705 <strong>No More Blocking:<\/strong> Automatically removes error messages like \u201cToner empty\u201d or \u201cReplace drum\u201d.<\/li>\n\n\n\n<li>\ud83d\udcb0 <strong>Maximum Savings:<\/strong> Cut your printing costs by up to 80% with compatible toners and refills.<\/li>\n\n\n\n<li>\ud83d\udd13 <strong>Total Freedom (Chipless):<\/strong> The printer starts working intelligently, without the need for chips in toners.<\/li>\n\n\n\n<li>\ud83d\ude80 <strong>Continuous Printing:<\/strong> Print without interruptions and with the toner level always showing 100%.<\/li>\n\n\n\n<li>\u2699\ufe0f <strong>Simple and Fast Installation:<\/strong> You do the procedure yourself in minutes and have our specialized support if needed.<\/li>\n<\/ul>\n\n\n\n<p class=\"has-small-font-size\" id=\"comprar\"><strong>REMOTE ASSISTANCE AVAILABLE<\/strong><\/p>\n\n\n\n<h2 class=\"wp-block-heading\" id=\"h-how-to-reset-pantum-printer\">How to Reset Pantum Printer<\/h2>\n\n\n\n<p>To request the Pantum firmware reset, download the <em>NoChipFirmwareUpgrade<\/em> program, connect the printer to your computer via USB, and click the <em>[Get Printer ID]<\/em> button. Once the ID is generated, copy and paste it into the designated field on the <a href=\"https:\/\/resetfix.com\/en\/pantum-reset-generator\/\">generator page<\/a>. If you encounter any issues, please contact us. Our technical support is available Monday to Saturday, from 7am to 8pm (Bras\u00edlia time), via WhatsApp or Telegram.   <\/p>\n\n\n\n<div class=\"wp-block-uagb-image uagb-block-557b8033 wp-block-uagb-image--layout-default wp-block-uagb-image--effect-static wp-block-uagb-image--align-none\"><figure class=\"wp-block-uagb-image__figure\"><img decoding=\"async\" srcset=\"https:\/\/resetfix.com\/wp-content\/uploads\/2025\/04\/NochipFirmwareUpgd-ID.png ,https:\/\/resetfix.com\/wp-content\/uploads\/2025\/04\/NochipFirmwareUpgd-ID.png 780w, https:\/\/resetfix.com\/wp-content\/uploads\/2025\/04\/NochipFirmwareUpgd-ID.png 360w\" sizes=\"auto, (max-width: 480px) 150px\" src=\"https:\/\/resetfix.com\/wp-content\/uploads\/2025\/04\/NochipFirmwareUpgd-ID.png\" alt=\"Esse programa Gera o ID necess\u00e1rio para fazer o reset \" class=\"uag-image-538\" width=\"579\" height=\"494\" title=\"NochipFirmwareUpgd-ID\" loading=\"lazy\" role=\"img\"\/><figcaption class=\"uagb-image-caption\">ID: Unique code used to identify and reset your device.<\/figcaption><\/figure><\/div>\n\n\n\n<p><\/p>\n\n\n\n<h2 class=\"wp-block-heading\" id=\"h-i-bought-it-now-what\">I Bought it, Now What?<\/h2>\n\n\n\n<p>You will get .fwr file to update the device. In the program, click \u201c<em>Upgrade Firmware<\/em>\u201d and select it (for example, \u201c<em>NoChip_XXXXXX_XXXXX_XXX.fwr<\/em>\u201d). Wait for the printer to restart.  <br>Some printers require confirmation on the panel to start the update. If this happens, press the <em>Start <\/em>button. <\/p>\n\n\n\n<p>P2500: wait for the LED to blink rapidly and then click the \u201ccontinue\/cancel\u201d button. The LED will start blinking slowly, indicating that the update is in progress. <\/p>\n\n\n\n<p><strong><em>Attention: wait until the printer fully completes the update. Do not interrupt the process before it finishes. Make sure the power supply remains stable until the end.  <\/em><\/strong><\/p>\n\n\n\n<p><br>First of all, you can <a href=\"https:\/\/wa.me\/5537998273278\"><strong><em>contact <\/em><\/strong><\/a>us if you need support with this procedure.<\/p>\n\n\n\n<h2 class=\"wp-block-heading\" id=\"h-prices-and-compatible-models\">Prices and Compatible Models<\/h2>\n\n\n\n<p><em><strong>The cost of pantum reset is 14 USD, except for the following models:<\/strong><br><\/em>BP2300, BP1800, BP5100, BM5100, M7300, CP1100, CM1100, BP2300W, BM2300: ~23 USD<\/p>\n\n\n\n<h2 class=\"wp-block-heading\" id=\"h-support-and-contact\">Support and Contact<\/h2>\n\n\n\n<p>We have generators for other brands (<a href=\"https:\/\/resetfix.com\/en\/firmware-generator-samsung-hp-xerox-pantum-dell\/\">Samsung, HP, Xerox and Dell<\/a>). If you have any questions, please contact: resetfixbr@gmail.com. Read our <strong><em><a data-type=\"page\" data-id=\"123\" href=\"https:\/\/resetfix.com\/faq\/\">FAQ<\/a> <\/em><\/strong>with the most frequently asked questions.<\/p>\n\n\n\n<p>Our service supports various Pantum models, M6700DW, M6500 and BP5100 etc., as well as monochrome and color printers\/multifunction devices. <a href=\"https:\/\/resetfix.com\/en\/supported-models\/\" target=\"_blank\" rel=\"noreferrer noopener\"><strong><em>List of Supported Models<\/em><\/strong><\/a><\/p>\n\n\n\n<p><em><a href=\"https:\/\/www.pantum.com.br\/support\/download\/driver\/\"><strong>Pantum Drivers<\/strong><\/a><br><\/em><a href=\"https:\/\/resetfix.com\/en\/pantum-reset-generator\/\"><strong><em>Generator <\/em><\/strong><\/a> <\/p>\n\n\n\n<figure class=\"wp-block-image aligncenter size-large is-resized uag-hide-tab uag-hide-mob\"><img loading=\"lazy\" decoding=\"async\" width=\"1024\" height=\"152\" src=\"https:\/\/resetfix.com\/wp-content\/uploads\/2025\/03\/DALL\u00b7E-2025-03-27-15.15.44-A-professional-office-setting-with-multiple-Pantum-printer-models-arranged-neatly-on-desks.-The-office-has-a-modern-and-clean-design-with-computers--e1743731649567-1024x152.webp\" alt=\"\" class=\"wp-image-277\" style=\"width:1200px;height:auto\" srcset=\"https:\/\/resetfix.com\/wp-content\/uploads\/2025\/03\/DALL\u00b7E-2025-03-27-15.15.44-A-professional-office-setting-with-multiple-Pantum-printer-models-arranged-neatly-on-desks.-The-office-has-a-modern-and-clean-design-with-computers--e1743731649567-1024x152.webp 1024w, https:\/\/resetfix.com\/wp-content\/uploads\/2025\/03\/DALL\u00b7E-2025-03-27-15.15.44-A-professional-office-setting-with-multiple-Pantum-printer-models-arranged-neatly-on-desks.-The-office-has-a-modern-and-clean-design-with-computers--e1743731649567-300x45.webp 300w, https:\/\/resetfix.com\/wp-content\/uploads\/2025\/03\/DALL\u00b7E-2025-03-27-15.15.44-A-professional-office-setting-with-multiple-Pantum-printer-models-arranged-neatly-on-desks.-The-office-has-a-modern-and-clean-design-with-computers--e1743731649567-768x114.webp 768w, https:\/\/resetfix.com\/wp-content\/uploads\/2025\/03\/DALL\u00b7E-2025-03-27-15.15.44-A-professional-office-setting-with-multiple-Pantum-printer-models-arranged-neatly-on-desks.-The-office-has-a-modern-and-clean-design-with-computers--e1743731649567-1536x228.webp 1536w, https:\/\/resetfix.com\/wp-content\/uploads\/2025\/03\/DALL\u00b7E-2025-03-27-15.15.44-A-professional-office-setting-with-multiple-Pantum-printer-models-arranged-neatly-on-desks.-The-office-has-a-modern-and-clean-design-with-computers--e1743731649567-600x89.webp 600w, https:\/\/resetfix.com\/wp-content\/uploads\/2025\/03\/DALL\u00b7E-2025-03-27-15.15.44-A-professional-office-setting-with-multiple-Pantum-printer-models-arranged-neatly-on-desks.-The-office-has-a-modern-and-clean-design-with-computers--e1743731649567.webp 1792w\" sizes=\"auto, (max-width: 1024px) 100vw, 1024px\" \/><\/figure>\n\n\n\n<p><\/p>\n","protected":false},"excerpt":{"rendered":"<p>Pantum Reset \u2013 Unlock for Chipless Use Tired of seeing messages like \u201cToner empty 3001\u201d, \u201cReplace drum\u201d, \u201cIncompatible toner\u201d or [&hellip;]<\/p>\n","protected":false},"author":1,"featured_media":0,"parent":0,"menu_order":0,"comment_status":"closed","ping_status":"closed","template":"","meta":{"_uag_custom_page_level_css":"","site-sidebar-layout":"default","site-content-layout":"","ast-site-content-layout":"","site-content-style":"default","site-sidebar-style":"default","ast-global-header-display":"","ast-banner-title-visibility":"","ast-main-header-display":"","ast-hfb-above-header-display":"","ast-hfb-below-header-display":"","ast-hfb-mobile-header-display":"","site-post-title":"disabled","ast-breadcrumbs-content":"","ast-featured-img":"","footer-sml-layout":"","ast-disable-related-posts":"","theme-transparent-header-meta":"","adv-header-id-meta":"","stick-header-meta":"","header-above-stick-meta":"","header-main-stick-meta":"","header-below-stick-meta":"","astra-migrate-meta-layouts":"default","ast-page-background-enabled":"default","ast-page-background-meta":{"desktop":{"background-color":"var(--ast-global-color-5)","background-image":"","background-repeat":"repeat","background-position":"center center","background-size":"auto","background-attachment":"scroll","background-type":"","background-media":"","overlay-type":"","overlay-color":"","overlay-opacity":"","overlay-gradient":""},"tablet":{"background-color":"","background-image":"","background-repeat":"repeat","background-position":"center center","background-size":"auto","background-attachment":"scroll","background-type":"","background-media":"","overlay-type":"","overlay-color":"","overlay-opacity":"","overlay-gradient":""},"mobile":{"background-color":"","background-image":"","background-repeat":"repeat","background-position":"center center","background-size":"auto","background-attachment":"scroll","background-type":"","background-media":"","overlay-type":"","overlay-color":"","overlay-opacity":"","overlay-gradient":""}},"ast-content-background-meta":{"desktop":{"background-color":"var(--ast-global-color-4)","background-image":"","background-repeat":"repeat","background-position":"center center","background-size":"auto","background-attachment":"scroll","background-type":"","background-media":"","overlay-type":"","overlay-color":"","overlay-opacity":"","overlay-gradient":""},"tablet":{"background-color":"var(--ast-global-color-4)","background-image":"","background-repeat":"repeat","background-position":"center center","background-size":"auto","background-attachment":"scroll","background-type":"","background-media":"","overlay-type":"","overlay-color":"","overlay-opacity":"","overlay-gradient":""},"mobile":{"background-color":"var(--ast-global-color-4)","background-image":"","background-repeat":"repeat","background-position":"center center","background-size":"auto","background-attachment":"scroll","background-type":"","background-media":"","overlay-type":"","overlay-color":"","overlay-opacity":"","overlay-gradient":""}},"footnotes":""},"class_list":["post-925","page","type-page","status-publish","hentry"],"yoast_head":"<!-- This site is optimized with the Yoast SEO Premium plugin v24.7 (Yoast SEO v24.7) - https:\/\/yoast.com\/wordpress\/plugins\/seo\/ -->\n<title>Pantum Reset \u2013 Unlock for Chipless Use - ResetFix<\/title>\n<meta name=\"description\" content=\"Firmware fix (reset) for Pantum printers. Unlock your laser printer. Remove messages like \u201ctoner empty\u201d. no chip firmware upgrade\" \/>\n<meta name=\"robots\" content=\"index, follow, max-snippet:-1, max-image-preview:large, max-video-preview:-1\" \/>\n<link rel=\"canonical\" href=\"https:\/\/resetfix.com\/en\/\" \/>\n<meta property=\"og:locale\" content=\"en_US\" \/>\n<meta property=\"og:type\" content=\"article\" \/>\n<meta property=\"og:title\" content=\"Pantum Reset \u2013 Unlock for Chipless Use\" \/>\n<meta property=\"og:description\" content=\"Gera\u00e7\u00e3o de firmware para impressoras a laser.\" \/>\n<meta property=\"og:url\" content=\"https:\/\/resetfix.com\/en\/\" \/>\n<meta property=\"og:site_name\" content=\"ResetFix\" \/>\n<meta property=\"article:modified_time\" content=\"2026-02-13T20:32:30+00:00\" \/>\n<meta property=\"og:image\" content=\"https:\/\/resetfix.com\/wp-content\/uploads\/2025\/08\/banner-pantum-shadow-1.png\" \/>\n\t<meta property=\"og:image:width\" content=\"768\" \/>\n\t<meta property=\"og:image:height\" content=\"325\" \/>\n\t<meta property=\"og:image:type\" content=\"image\/png\" \/>\n<meta name=\"twitter:card\" content=\"summary_large_image\" \/>\n<meta name=\"twitter:label1\" content=\"Est. reading time\" \/>\n\t<meta name=\"twitter:data1\" content=\"4 minutes\" \/>\n<script type=\"application\/ld+json\" class=\"yoast-schema-graph\">{\"@context\":\"https:\/\/schema.org\",\"@graph\":[{\"@type\":\"TechArticle\",\"@id\":\"https:\/\/resetfix.com\/en\/#article\",\"isPartOf\":{\"@id\":\"https:\/\/resetfix.com\/en\/\"},\"author\":{\"name\":\"resetfix\",\"@id\":\"https:\/\/resetfix.com\/en\/#\/schema\/person\/19a5fa056777f2b87306196913ce2cb5\"},\"headline\":\"Pantum Reset \u2013 Unlock for Chipless Use\",\"datePublished\":\"2025-03-18T19:40:53+00:00\",\"dateModified\":\"2026-02-13T20:32:30+00:00\",\"mainEntityOfPage\":{\"@id\":\"https:\/\/resetfix.com\/en\/\"},\"wordCount\":456,\"publisher\":{\"@id\":\"https:\/\/resetfix.com\/en\/#organization\"},\"image\":{\"@id\":\"https:\/\/resetfix.com\/en\/#primaryimage\"},\"thumbnailUrl\":\"https:\/\/resetfix.com\/wp-content\/uploads\/2025\/08\/banner-pantum-shadow-1.png\",\"inLanguage\":\"en-US\"},{\"@type\":\"WebPage\",\"@id\":\"https:\/\/resetfix.com\/en\/\",\"url\":\"https:\/\/resetfix.com\/en\/\",\"name\":\"Pantum Reset \u2013 Unlock for Chipless Use - ResetFix\",\"isPartOf\":{\"@id\":\"https:\/\/resetfix.com\/en\/#website\"},\"primaryImageOfPage\":{\"@id\":\"https:\/\/resetfix.com\/en\/#primaryimage\"},\"image\":{\"@id\":\"https:\/\/resetfix.com\/en\/#primaryimage\"},\"thumbnailUrl\":\"https:\/\/resetfix.com\/wp-content\/uploads\/2025\/08\/banner-pantum-shadow-1.png\",\"datePublished\":\"2025-03-18T19:40:53+00:00\",\"dateModified\":\"2026-02-13T20:32:30+00:00\",\"description\":\"Firmware fix (reset) for Pantum printers. Unlock your laser printer. Remove messages like \u201ctoner empty\u201d. no chip firmware upgrade\",\"breadcrumb\":{\"@id\":\"https:\/\/resetfix.com\/en\/#breadcrumb\"},\"inLanguage\":\"en-US\",\"potentialAction\":[{\"@type\":\"ReadAction\",\"target\":[\"https:\/\/resetfix.com\/en\/\"]}]},{\"@type\":\"ImageObject\",\"inLanguage\":\"en-US\",\"@id\":\"https:\/\/resetfix.com\/en\/#primaryimage\",\"url\":\"https:\/\/resetfix.com\/wp-content\/uploads\/2025\/08\/banner-pantum-shadow-1.png\",\"contentUrl\":\"https:\/\/resetfix.com\/wp-content\/uploads\/2025\/08\/banner-pantum-shadow-1.png\"},{\"@type\":\"BreadcrumbList\",\"@id\":\"https:\/\/resetfix.com\/en\/#breadcrumb\",\"itemListElement\":[{\"@type\":\"ListItem\",\"position\":1,\"name\":\"In\u00edcio\",\"item\":\"https:\/\/resetfix.com\/en\/\"},{\"@type\":\"ListItem\",\"position\":2,\"name\":\"Pantum Reset \u2013 Unlock for Chipless Use\"}]},{\"@type\":\"WebSite\",\"@id\":\"https:\/\/resetfix.com\/en\/#website\",\"url\":\"https:\/\/resetfix.com\/en\/\",\"name\":\"ResetFix\",\"description\":\"Firmwares de v\u00e1rios modelos de impressoras e multifuncionais compat\u00edveis\",\"publisher\":{\"@id\":\"https:\/\/resetfix.com\/en\/#organization\"},\"potentialAction\":[{\"@type\":\"SearchAction\",\"target\":{\"@type\":\"EntryPoint\",\"urlTemplate\":\"https:\/\/resetfix.com\/en\/?s={search_term_string}\"},\"query-input\":{\"@type\":\"PropertyValueSpecification\",\"valueRequired\":true,\"valueName\":\"search_term_string\"}}],\"inLanguage\":\"en-US\"},{\"@type\":\"Organization\",\"@id\":\"https:\/\/resetfix.com\/en\/#organization\",\"name\":\"ResetFix -Firmware Fix\",\"alternateName\":\"Resetfix\",\"url\":\"https:\/\/resetfix.com\/en\/\",\"logo\":{\"@type\":\"ImageObject\",\"inLanguage\":\"en-US\",\"@id\":\"https:\/\/resetfix.com\/en\/#\/schema\/logo\/image\/\",\"url\":\"https:\/\/resetfix.com\/wp-content\/uploads\/2025\/03\/logo-reset-fix-1.png\",\"contentUrl\":\"https:\/\/resetfix.com\/wp-content\/uploads\/2025\/03\/logo-reset-fix-1.png\",\"width\":876,\"height\":887,\"caption\":\"ResetFix -Firmware Fix\"},\"image\":{\"@id\":\"https:\/\/resetfix.com\/en\/#\/schema\/logo\/image\/\"},\"sameAs\":[\"https:\/\/lista.mercadolivre.com.br\/_CustId_698846821?item_id=MLB5126494038&category_id=MLB271870&seller_id=698846821&client=recoview-selleritems&recos_listing=true#origin=vip&component=sellerData&typeSeller=classic\"],\"description\":\"Resetfix.com \u00e9 um servi\u00e7o de gera\u00e7\u00e3o online de firmware para impressoras a laser\",\"email\":\"resetfixbr@gmail.com\",\"telephone\":\"37998273278\",\"legalName\":\"Resetfix\",\"foundingDate\":\"2025-01-26\",\"vatID\":\"52482588000160\",\"numberOfEmployees\":{\"@type\":\"QuantitativeValue\",\"minValue\":\"1\",\"maxValue\":\"10\"},\"actionableFeedbackPolicy\":\"https:\/\/resetfix.com\/politica-de-privacidade\/\"},{\"@type\":\"Person\",\"@id\":\"https:\/\/resetfix.com\/en\/#\/schema\/person\/19a5fa056777f2b87306196913ce2cb5\",\"name\":\"resetfix\",\"image\":{\"@type\":\"ImageObject\",\"inLanguage\":\"en-US\",\"@id\":\"https:\/\/resetfix.com\/en\/#\/schema\/person\/image\/\",\"url\":\"https:\/\/resetfix.com\/wp-content\/litespeed\/avatar\/533bc700ff5ac55749d3b7cc83a3abce.jpg?ver=1776654472\",\"contentUrl\":\"https:\/\/resetfix.com\/wp-content\/litespeed\/avatar\/533bc700ff5ac55749d3b7cc83a3abce.jpg?ver=1776654472\",\"caption\":\"resetfix\"},\"sameAs\":[\"https:\/\/resetfix.com\"],\"url\":\"https:\/\/resetfix.com\/en\/author\/resetfix\/\"}]}<\/script>\n<!-- \/ Yoast SEO Premium plugin. -->","yoast_head_json":{"title":"Pantum Reset \u2013 Unlock for Chipless Use - ResetFix","description":"Firmware fix (reset) for Pantum printers. Unlock your laser printer. Remove messages like \u201ctoner empty\u201d. no chip firmware upgrade","robots":{"index":"index","follow":"follow","max-snippet":"max-snippet:-1","max-image-preview":"max-image-preview:large","max-video-preview":"max-video-preview:-1"},"canonical":"https:\/\/resetfix.com\/en\/","og_locale":"en_US","og_type":"article","og_title":"Pantum Reset \u2013 Unlock for Chipless Use","og_description":"Gera\u00e7\u00e3o de firmware para impressoras a laser.","og_url":"https:\/\/resetfix.com\/en\/","og_site_name":"ResetFix","article_modified_time":"2026-02-13T20:32:30+00:00","og_image":[{"width":768,"height":325,"url":"https:\/\/resetfix.com\/wp-content\/uploads\/2025\/08\/banner-pantum-shadow-1.png","type":"image\/png"}],"twitter_card":"summary_large_image","twitter_misc":{"Est. reading time":"4 minutes"},"schema":{"@context":"https:\/\/schema.org","@graph":[{"@type":"TechArticle","@id":"https:\/\/resetfix.com\/en\/#article","isPartOf":{"@id":"https:\/\/resetfix.com\/en\/"},"author":{"name":"resetfix","@id":"https:\/\/resetfix.com\/en\/#\/schema\/person\/19a5fa056777f2b87306196913ce2cb5"},"headline":"Pantum Reset \u2013 Unlock for Chipless Use","datePublished":"2025-03-18T19:40:53+00:00","dateModified":"2026-02-13T20:32:30+00:00","mainEntityOfPage":{"@id":"https:\/\/resetfix.com\/en\/"},"wordCount":456,"publisher":{"@id":"https:\/\/resetfix.com\/en\/#organization"},"image":{"@id":"https:\/\/resetfix.com\/en\/#primaryimage"},"thumbnailUrl":"https:\/\/resetfix.com\/wp-content\/uploads\/2025\/08\/banner-pantum-shadow-1.png","inLanguage":"en-US"},{"@type":"WebPage","@id":"https:\/\/resetfix.com\/en\/","url":"https:\/\/resetfix.com\/en\/","name":"Pantum Reset \u2013 Unlock for Chipless Use - ResetFix","isPartOf":{"@id":"https:\/\/resetfix.com\/en\/#website"},"primaryImageOfPage":{"@id":"https:\/\/resetfix.com\/en\/#primaryimage"},"image":{"@id":"https:\/\/resetfix.com\/en\/#primaryimage"},"thumbnailUrl":"https:\/\/resetfix.com\/wp-content\/uploads\/2025\/08\/banner-pantum-shadow-1.png","datePublished":"2025-03-18T19:40:53+00:00","dateModified":"2026-02-13T20:32:30+00:00","description":"Firmware fix (reset) for Pantum printers. Unlock your laser printer. Remove messages like \u201ctoner empty\u201d. no chip firmware upgrade","breadcrumb":{"@id":"https:\/\/resetfix.com\/en\/#breadcrumb"},"inLanguage":"en-US","potentialAction":[{"@type":"ReadAction","target":["https:\/\/resetfix.com\/en\/"]}]},{"@type":"ImageObject","inLanguage":"en-US","@id":"https:\/\/resetfix.com\/en\/#primaryimage","url":"https:\/\/resetfix.com\/wp-content\/uploads\/2025\/08\/banner-pantum-shadow-1.png","contentUrl":"https:\/\/resetfix.com\/wp-content\/uploads\/2025\/08\/banner-pantum-shadow-1.png"},{"@type":"BreadcrumbList","@id":"https:\/\/resetfix.com\/en\/#breadcrumb","itemListElement":[{"@type":"ListItem","position":1,"name":"In\u00edcio","item":"https:\/\/resetfix.com\/en\/"},{"@type":"ListItem","position":2,"name":"Pantum Reset \u2013 Unlock for Chipless Use"}]},{"@type":"WebSite","@id":"https:\/\/resetfix.com\/en\/#website","url":"https:\/\/resetfix.com\/en\/","name":"ResetFix","description":"Firmwares de v\u00e1rios modelos de impressoras e multifuncionais compat\u00edveis","publisher":{"@id":"https:\/\/resetfix.com\/en\/#organization"},"potentialAction":[{"@type":"SearchAction","target":{"@type":"EntryPoint","urlTemplate":"https:\/\/resetfix.com\/en\/?s={search_term_string}"},"query-input":{"@type":"PropertyValueSpecification","valueRequired":true,"valueName":"search_term_string"}}],"inLanguage":"en-US"},{"@type":"Organization","@id":"https:\/\/resetfix.com\/en\/#organization","name":"ResetFix -Firmware Fix","alternateName":"Resetfix","url":"https:\/\/resetfix.com\/en\/","logo":{"@type":"ImageObject","inLanguage":"en-US","@id":"https:\/\/resetfix.com\/en\/#\/schema\/logo\/image\/","url":"https:\/\/resetfix.com\/wp-content\/uploads\/2025\/03\/logo-reset-fix-1.png","contentUrl":"https:\/\/resetfix.com\/wp-content\/uploads\/2025\/03\/logo-reset-fix-1.png","width":876,"height":887,"caption":"ResetFix -Firmware Fix"},"image":{"@id":"https:\/\/resetfix.com\/en\/#\/schema\/logo\/image\/"},"sameAs":["https:\/\/lista.mercadolivre.com.br\/_CustId_698846821?item_id=MLB5126494038&category_id=MLB271870&seller_id=698846821&client=recoview-selleritems&recos_listing=true#origin=vip&component=sellerData&typeSeller=classic"],"description":"Resetfix.com \u00e9 um servi\u00e7o de gera\u00e7\u00e3o online de firmware para impressoras a laser","email":"resetfixbr@gmail.com","telephone":"37998273278","legalName":"Resetfix","foundingDate":"2025-01-26","vatID":"52482588000160","numberOfEmployees":{"@type":"QuantitativeValue","minValue":"1","maxValue":"10"},"actionableFeedbackPolicy":"https:\/\/resetfix.com\/politica-de-privacidade\/"},{"@type":"Person","@id":"https:\/\/resetfix.com\/en\/#\/schema\/person\/19a5fa056777f2b87306196913ce2cb5","name":"resetfix","image":{"@type":"ImageObject","inLanguage":"en-US","@id":"https:\/\/resetfix.com\/en\/#\/schema\/person\/image\/","url":"https:\/\/resetfix.com\/wp-content\/litespeed\/avatar\/533bc700ff5ac55749d3b7cc83a3abce.jpg?ver=1776654472","contentUrl":"https:\/\/resetfix.com\/wp-content\/litespeed\/avatar\/533bc700ff5ac55749d3b7cc83a3abce.jpg?ver=1776654472","caption":"resetfix"},"sameAs":["https:\/\/resetfix.com"],"url":"https:\/\/resetfix.com\/en\/author\/resetfix\/"}]}},"uagb_featured_image_src":{"full":false,"thumbnail":false,"medium":false,"medium_large":false,"large":false,"1536x1536":false,"2048x2048":false,"woocommerce_thumbnail":false,"woocommerce_single":false,"woocommerce_gallery_thumbnail":false},"uagb_author_info":{"display_name":"resetfix","author_link":"https:\/\/resetfix.com\/en\/author\/resetfix\/"},"uagb_comment_info":0,"uagb_excerpt":"Pantum Reset \u2013 Unlock for Chipless Use Tired of seeing messages like \u201cToner empty 3001\u201d, \u201cReplace drum\u201d, \u201cIncompatible toner\u201d or [&hellip;]","_links":{"self":[{"href":"https:\/\/resetfix.com\/en\/wp-json\/wp\/v2\/pages\/925","targetHints":{"allow":["GET"]}}],"collection":[{"href":"https:\/\/resetfix.com\/en\/wp-json\/wp\/v2\/pages"}],"about":[{"href":"https:\/\/resetfix.com\/en\/wp-json\/wp\/v2\/types\/page"}],"author":[{"embeddable":true,"href":"https:\/\/resetfix.com\/en\/wp-json\/wp\/v2\/users\/1"}],"replies":[{"embeddable":true,"href":"https:\/\/resetfix.com\/en\/wp-json\/wp\/v2\/comments?post=925"}],"version-history":[{"count":44,"href":"https:\/\/resetfix.com\/en\/wp-json\/wp\/v2\/pages\/925\/revisions"}],"predecessor-version":[{"id":1726,"href":"https:\/\/resetfix.com\/en\/wp-json\/wp\/v2\/pages\/925\/revisions\/1726"}],"wp:attachment":[{"href":"https:\/\/resetfix.com\/en\/wp-json\/wp\/v2\/media?parent=925"}],"curies":[{"name":"wp","href":"https:\/\/api.w.org\/{rel}","templated":true}]}}