{"id":936,"date":"2025-04-06T02:16:14","date_gmt":"2025-04-06T05:16:14","guid":{"rendered":"https:\/\/resetfix.com\/firmware-generator-samsung-hp-xerox-pantum-dell\/"},"modified":"2025-04-06T02:16:14","modified_gmt":"2025-04-06T05:16:14","slug":"firmware-generator-samsung-hp-xerox-pantum-dell","status":"publish","type":"page","link":"https:\/\/resetfix.com\/en\/firmware-generator-samsung-hp-xerox-pantum-dell\/","title":{"rendered":"Firmware Generator | Samsung | HP | Xerox | Pantum | Dell"},"content":{"rendered":"\n<p><a href=\"https:\/\/resetfix.com\/en\/instructions-pantum-generator-2-0-pantum-tool\/\"><em>Pantum 2.0 generator instructions<br><\/em><\/a><a href=\"https:\/\/resetfix.com\/en\/instructions-firmware-fix-generator-samsung-hp-xerox-and-dell\/\"><em>Generator instructions for HP, Samsung, Xerox and Dell<\/em><\/a><\/p>\n\n\n\n<div class=\"fixbay-error\">Voc\u00ea deve estar logado para gerar firmware. <a href=\"https:\/\/resetfix.com\/en\/wp-login.php?redirect_to=https%3A%2F%2Fresetfix.com%2Fen%2Ffirmware-generator-samsung-hp-xerox-pantum-dell%2F\">Login aqui<\/a>.<\/div>\n\n\n\n<div class=\"fixbay-error\">Voc\u00ea deve estar logado para ver seus cr\u00e9ditos. <a href=\"https:\/\/resetfix.com\/en\/wp-login.php?redirect_to=https%3A%2F%2Fresetfix.com%2Fen%2Ffirmware-generator-samsung-hp-xerox-pantum-dell%2F\">Login aqui<\/a>.<\/div>\n\n\n\n<p><\/p>\n","protected":false},"excerpt":{"rendered":"<p>Pantum 2.0 generator instructionsGenerator instructions for HP, Samsung, Xerox and Dell<\/p>\n","protected":false},"author":1,"featured_media":0,"parent":0,"menu_order":0,"comment_status":"closed","ping_status":"closed","template":"","meta":{"_uag_custom_page_level_css":"","site-sidebar-layout":"default","site-content-layout":"","ast-site-content-layout":"default","site-content-style":"default","site-sidebar-style":"default","ast-global-header-display":"","ast-banner-title-visibility":"","ast-main-header-display":"","ast-hfb-above-header-display":"","ast-hfb-below-header-display":"","ast-hfb-mobile-header-display":"","site-post-title":"","ast-breadcrumbs-content":"","ast-featured-img":"","footer-sml-layout":"","ast-disable-related-posts":"","theme-transparent-header-meta":"","adv-header-id-meta":"","stick-header-meta":"","header-above-stick-meta":"","header-main-stick-meta":"","header-below-stick-meta":"","astra-migrate-meta-layouts":"default","ast-page-background-enabled":"default","ast-page-background-meta":{"desktop":{"background-color":"var(--ast-global-color-5)","background-image":"","background-repeat":"repeat","background-position":"center center","background-size":"auto","background-attachment":"scroll","background-type":"","background-media":"","overlay-type":"","overlay-color":"","overlay-opacity":"","overlay-gradient":""},"tablet":{"background-color":"","background-image":"","background-repeat":"repeat","background-position":"center center","background-size":"auto","background-attachment":"scroll","background-type":"","background-media":"","overlay-type":"","overlay-color":"","overlay-opacity":"","overlay-gradient":""},"mobile":{"background-color":"","background-image":"","background-repeat":"repeat","background-position":"center center","background-size":"auto","background-attachment":"scroll","background-type":"","background-media":"","overlay-type":"","overlay-color":"","overlay-opacity":"","overlay-gradient":""}},"ast-content-background-meta":{"desktop":{"background-color":"var(--ast-global-color-4)","background-image":"","background-repeat":"repeat","background-position":"center center","background-size":"auto","background-attachment":"scroll","background-type":"","background-media":"","overlay-type":"","overlay-color":"","overlay-opacity":"","overlay-gradient":""},"tablet":{"background-color":"var(--ast-global-color-4)","background-image":"","background-repeat":"repeat","background-position":"center center","background-size":"auto","background-attachment":"scroll","background-type":"","background-media":"","overlay-type":"","overlay-color":"","overlay-opacity":"","overlay-gradient":""},"mobile":{"background-color":"var(--ast-global-color-4)","background-image":"","background-repeat":"repeat","background-position":"center center","background-size":"auto","background-attachment":"scroll","background-type":"","background-media":"","overlay-type":"","overlay-color":"","overlay-opacity":"","overlay-gradient":""}},"footnotes":""},"class_list":["post-936","page","type-page","status-publish","hentry"],"yoast_head":"<!-- This site is optimized with the Yoast SEO Premium plugin v24.7 (Yoast SEO v24.7) - https:\/\/yoast.com\/wordpress\/plugins\/seo\/ -->\n<title>Firmware Generator | Samsung | HP | Xerox | Pantum | Dell - ResetFix<\/title>\n<meta name=\"description\" content=\"Laser printer unlocking. Reset for HP, Samsung, Xerox, Pantum, Dell printers. For use without the chip\" \/>\n<meta name=\"robots\" content=\"noindex, nofollow\" \/>\n<meta property=\"og:locale\" content=\"en_US\" \/>\n<meta property=\"og:type\" content=\"article\" \/>\n<meta property=\"og:title\" content=\"Firmware Generator | Samsung | HP | Xerox | Pantum | Dell\" \/>\n<meta property=\"og:description\" content=\"Gera\u00e7\u00e3o de firmware para impressoras a laser.\" \/>\n<meta property=\"og:url\" content=\"https:\/\/resetfix.com\/en\/firmware-generator-samsung-hp-xerox-pantum-dell\/\" \/>\n<meta property=\"og:site_name\" content=\"ResetFix\" \/>\n<meta property=\"og:image\" content=\"https:\/\/resetfix.com\/wp-content\/uploads\/2025\/03\/logo-reset-fix-1.png\" \/>\n\t<meta property=\"og:image:width\" content=\"876\" \/>\n\t<meta property=\"og:image:height\" content=\"887\" \/>\n\t<meta property=\"og:image:type\" content=\"image\/png\" \/>\n<meta name=\"twitter:card\" content=\"summary_large_image\" \/>\n<script type=\"application\/ld+json\" class=\"yoast-schema-graph\">{\"@context\":\"https:\/\/schema.org\",\"@graph\":[{\"@type\":\"TechArticle\",\"@id\":\"https:\/\/resetfix.com\/en\/firmware-generator-samsung-hp-xerox-pantum-dell\/#article\",\"isPartOf\":{\"@id\":\"https:\/\/resetfix.com\/en\/firmware-generator-samsung-hp-xerox-pantum-dell\/\"},\"author\":{\"name\":\"resetfix\",\"@id\":\"https:\/\/resetfix.com\/en\/#\/schema\/person\/19a5fa056777f2b87306196913ce2cb5\"},\"headline\":\"Firmware Generator | Samsung | HP | Xerox | Pantum | Dell\",\"datePublished\":\"2025-04-06T05:16:14+00:00\",\"mainEntityOfPage\":{\"@id\":\"https:\/\/resetfix.com\/en\/firmware-generator-samsung-hp-xerox-pantum-dell\/\"},\"wordCount\":22,\"publisher\":{\"@id\":\"https:\/\/resetfix.com\/en\/#organization\"},\"inLanguage\":\"en-US\"},{\"@type\":\"WebPage\",\"@id\":\"https:\/\/resetfix.com\/en\/firmware-generator-samsung-hp-xerox-pantum-dell\/\",\"url\":\"https:\/\/resetfix.com\/en\/firmware-generator-samsung-hp-xerox-pantum-dell\/\",\"name\":\"Firmware Generator | Samsung | HP | Xerox | Pantum | Dell - ResetFix\",\"isPartOf\":{\"@id\":\"https:\/\/resetfix.com\/en\/#website\"},\"datePublished\":\"2025-04-06T05:16:14+00:00\",\"description\":\"Laser printer unlocking. Reset for HP, Samsung, Xerox, Pantum, Dell printers. For use without the chip\",\"breadcrumb\":{\"@id\":\"https:\/\/resetfix.com\/en\/firmware-generator-samsung-hp-xerox-pantum-dell\/#breadcrumb\"},\"inLanguage\":\"en-US\",\"potentialAction\":[{\"@type\":\"ReadAction\",\"target\":[\"https:\/\/resetfix.com\/en\/firmware-generator-samsung-hp-xerox-pantum-dell\/\"]}]},{\"@type\":\"BreadcrumbList\",\"@id\":\"https:\/\/resetfix.com\/en\/firmware-generator-samsung-hp-xerox-pantum-dell\/#breadcrumb\",\"itemListElement\":[{\"@type\":\"ListItem\",\"position\":1,\"name\":\"In\u00edcio\",\"item\":\"https:\/\/resetfix.com\/en\/\"},{\"@type\":\"ListItem\",\"position\":2,\"name\":\"Firmware Generator | Samsung | HP | Xerox | Pantum | Dell\"}]},{\"@type\":\"WebSite\",\"@id\":\"https:\/\/resetfix.com\/en\/#website\",\"url\":\"https:\/\/resetfix.com\/en\/\",\"name\":\"ResetFix\",\"description\":\"Firmwares de v\u00e1rios modelos de impressoras e multifuncionais compat\u00edveis\",\"publisher\":{\"@id\":\"https:\/\/resetfix.com\/en\/#organization\"},\"potentialAction\":[{\"@type\":\"SearchAction\",\"target\":{\"@type\":\"EntryPoint\",\"urlTemplate\":\"https:\/\/resetfix.com\/en\/?s={search_term_string}\"},\"query-input\":{\"@type\":\"PropertyValueSpecification\",\"valueRequired\":true,\"valueName\":\"search_term_string\"}}],\"inLanguage\":\"en-US\"},{\"@type\":\"Organization\",\"@id\":\"https:\/\/resetfix.com\/en\/#organization\",\"name\":\"ResetFix -Firmware Fix\",\"alternateName\":\"Resetfix\",\"url\":\"https:\/\/resetfix.com\/en\/\",\"logo\":{\"@type\":\"ImageObject\",\"inLanguage\":\"en-US\",\"@id\":\"https:\/\/resetfix.com\/en\/#\/schema\/logo\/image\/\",\"url\":\"https:\/\/resetfix.com\/wp-content\/uploads\/2025\/03\/logo-reset-fix-1.png\",\"contentUrl\":\"https:\/\/resetfix.com\/wp-content\/uploads\/2025\/03\/logo-reset-fix-1.png\",\"width\":876,\"height\":887,\"caption\":\"ResetFix -Firmware Fix\"},\"image\":{\"@id\":\"https:\/\/resetfix.com\/en\/#\/schema\/logo\/image\/\"},\"sameAs\":[\"https:\/\/lista.mercadolivre.com.br\/_CustId_698846821?item_id=MLB5126494038&category_id=MLB271870&seller_id=698846821&client=recoview-selleritems&recos_listing=true#origin=vip&component=sellerData&typeSeller=classic\"],\"description\":\"Resetfix.com \u00e9 um servi\u00e7o de gera\u00e7\u00e3o online de firmware para impressoras a laser\",\"email\":\"resetfixbr@gmail.com\",\"telephone\":\"37998273278\",\"legalName\":\"Resetfix\",\"foundingDate\":\"2025-01-26\",\"vatID\":\"52482588000160\",\"numberOfEmployees\":{\"@type\":\"QuantitativeValue\",\"minValue\":\"1\",\"maxValue\":\"10\"},\"actionableFeedbackPolicy\":\"https:\/\/resetfix.com\/politica-de-privacidade\/\"},{\"@type\":\"Person\",\"@id\":\"https:\/\/resetfix.com\/en\/#\/schema\/person\/19a5fa056777f2b87306196913ce2cb5\",\"name\":\"resetfix\",\"image\":{\"@type\":\"ImageObject\",\"inLanguage\":\"en-US\",\"@id\":\"https:\/\/resetfix.com\/en\/#\/schema\/person\/image\/\",\"url\":\"https:\/\/resetfix.com\/wp-content\/litespeed\/avatar\/533bc700ff5ac55749d3b7cc83a3abce.jpg?ver=1776654472\",\"contentUrl\":\"https:\/\/resetfix.com\/wp-content\/litespeed\/avatar\/533bc700ff5ac55749d3b7cc83a3abce.jpg?ver=1776654472\",\"caption\":\"resetfix\"},\"sameAs\":[\"https:\/\/resetfix.com\"],\"url\":\"https:\/\/resetfix.com\/en\/author\/resetfix\/\"}]}<\/script>\n<!-- \/ Yoast SEO Premium plugin. -->","yoast_head_json":{"title":"Firmware Generator | Samsung | HP | Xerox | Pantum | Dell - ResetFix","description":"Laser printer unlocking. Reset for HP, Samsung, Xerox, Pantum, Dell printers. For use without the chip","robots":{"index":"noindex","follow":"nofollow"},"og_locale":"en_US","og_type":"article","og_title":"Firmware Generator | Samsung | HP | Xerox | Pantum | Dell","og_description":"Gera\u00e7\u00e3o de firmware para impressoras a laser.","og_url":"https:\/\/resetfix.com\/en\/firmware-generator-samsung-hp-xerox-pantum-dell\/","og_site_name":"ResetFix","og_image":[{"width":876,"height":887,"url":"https:\/\/resetfix.com\/wp-content\/uploads\/2025\/03\/logo-reset-fix-1.png","type":"image\/png"}],"twitter_card":"summary_large_image","schema":{"@context":"https:\/\/schema.org","@graph":[{"@type":"TechArticle","@id":"https:\/\/resetfix.com\/en\/firmware-generator-samsung-hp-xerox-pantum-dell\/#article","isPartOf":{"@id":"https:\/\/resetfix.com\/en\/firmware-generator-samsung-hp-xerox-pantum-dell\/"},"author":{"name":"resetfix","@id":"https:\/\/resetfix.com\/en\/#\/schema\/person\/19a5fa056777f2b87306196913ce2cb5"},"headline":"Firmware Generator | Samsung | HP | Xerox | Pantum | Dell","datePublished":"2025-04-06T05:16:14+00:00","mainEntityOfPage":{"@id":"https:\/\/resetfix.com\/en\/firmware-generator-samsung-hp-xerox-pantum-dell\/"},"wordCount":22,"publisher":{"@id":"https:\/\/resetfix.com\/en\/#organization"},"inLanguage":"en-US"},{"@type":"WebPage","@id":"https:\/\/resetfix.com\/en\/firmware-generator-samsung-hp-xerox-pantum-dell\/","url":"https:\/\/resetfix.com\/en\/firmware-generator-samsung-hp-xerox-pantum-dell\/","name":"Firmware Generator | Samsung | HP | Xerox | Pantum | Dell - ResetFix","isPartOf":{"@id":"https:\/\/resetfix.com\/en\/#website"},"datePublished":"2025-04-06T05:16:14+00:00","description":"Laser printer unlocking. Reset for HP, Samsung, Xerox, Pantum, Dell printers. For use without the chip","breadcrumb":{"@id":"https:\/\/resetfix.com\/en\/firmware-generator-samsung-hp-xerox-pantum-dell\/#breadcrumb"},"inLanguage":"en-US","potentialAction":[{"@type":"ReadAction","target":["https:\/\/resetfix.com\/en\/firmware-generator-samsung-hp-xerox-pantum-dell\/"]}]},{"@type":"BreadcrumbList","@id":"https:\/\/resetfix.com\/en\/firmware-generator-samsung-hp-xerox-pantum-dell\/#breadcrumb","itemListElement":[{"@type":"ListItem","position":1,"name":"In\u00edcio","item":"https:\/\/resetfix.com\/en\/"},{"@type":"ListItem","position":2,"name":"Firmware Generator | Samsung | HP | Xerox | Pantum | Dell"}]},{"@type":"WebSite","@id":"https:\/\/resetfix.com\/en\/#website","url":"https:\/\/resetfix.com\/en\/","name":"ResetFix","description":"Firmwares de v\u00e1rios modelos de impressoras e multifuncionais compat\u00edveis","publisher":{"@id":"https:\/\/resetfix.com\/en\/#organization"},"potentialAction":[{"@type":"SearchAction","target":{"@type":"EntryPoint","urlTemplate":"https:\/\/resetfix.com\/en\/?s={search_term_string}"},"query-input":{"@type":"PropertyValueSpecification","valueRequired":true,"valueName":"search_term_string"}}],"inLanguage":"en-US"},{"@type":"Organization","@id":"https:\/\/resetfix.com\/en\/#organization","name":"ResetFix -Firmware Fix","alternateName":"Resetfix","url":"https:\/\/resetfix.com\/en\/","logo":{"@type":"ImageObject","inLanguage":"en-US","@id":"https:\/\/resetfix.com\/en\/#\/schema\/logo\/image\/","url":"https:\/\/resetfix.com\/wp-content\/uploads\/2025\/03\/logo-reset-fix-1.png","contentUrl":"https:\/\/resetfix.com\/wp-content\/uploads\/2025\/03\/logo-reset-fix-1.png","width":876,"height":887,"caption":"ResetFix -Firmware Fix"},"image":{"@id":"https:\/\/resetfix.com\/en\/#\/schema\/logo\/image\/"},"sameAs":["https:\/\/lista.mercadolivre.com.br\/_CustId_698846821?item_id=MLB5126494038&category_id=MLB271870&seller_id=698846821&client=recoview-selleritems&recos_listing=true#origin=vip&component=sellerData&typeSeller=classic"],"description":"Resetfix.com \u00e9 um servi\u00e7o de gera\u00e7\u00e3o online de firmware para impressoras a laser","email":"resetfixbr@gmail.com","telephone":"37998273278","legalName":"Resetfix","foundingDate":"2025-01-26","vatID":"52482588000160","numberOfEmployees":{"@type":"QuantitativeValue","minValue":"1","maxValue":"10"},"actionableFeedbackPolicy":"https:\/\/resetfix.com\/politica-de-privacidade\/"},{"@type":"Person","@id":"https:\/\/resetfix.com\/en\/#\/schema\/person\/19a5fa056777f2b87306196913ce2cb5","name":"resetfix","image":{"@type":"ImageObject","inLanguage":"en-US","@id":"https:\/\/resetfix.com\/en\/#\/schema\/person\/image\/","url":"https:\/\/resetfix.com\/wp-content\/litespeed\/avatar\/533bc700ff5ac55749d3b7cc83a3abce.jpg?ver=1776654472","contentUrl":"https:\/\/resetfix.com\/wp-content\/litespeed\/avatar\/533bc700ff5ac55749d3b7cc83a3abce.jpg?ver=1776654472","caption":"resetfix"},"sameAs":["https:\/\/resetfix.com"],"url":"https:\/\/resetfix.com\/en\/author\/resetfix\/"}]}},"uagb_featured_image_src":{"full":false,"thumbnail":false,"medium":false,"medium_large":false,"large":false,"1536x1536":false,"2048x2048":false,"woocommerce_thumbnail":false,"woocommerce_single":false,"woocommerce_gallery_thumbnail":false},"uagb_author_info":{"display_name":"resetfix","author_link":"https:\/\/resetfix.com\/en\/author\/resetfix\/"},"uagb_comment_info":0,"uagb_excerpt":"Pantum 2.0 generator instructionsGenerator instructions for HP, Samsung, Xerox and Dell","_links":{"self":[{"href":"https:\/\/resetfix.com\/en\/wp-json\/wp\/v2\/pages\/936","targetHints":{"allow":["GET"]}}],"collection":[{"href":"https:\/\/resetfix.com\/en\/wp-json\/wp\/v2\/pages"}],"about":[{"href":"https:\/\/resetfix.com\/en\/wp-json\/wp\/v2\/types\/page"}],"author":[{"embeddable":true,"href":"https:\/\/resetfix.com\/en\/wp-json\/wp\/v2\/users\/1"}],"replies":[{"embeddable":true,"href":"https:\/\/resetfix.com\/en\/wp-json\/wp\/v2\/comments?post=936"}],"version-history":[{"count":0,"href":"https:\/\/resetfix.com\/en\/wp-json\/wp\/v2\/pages\/936\/revisions"}],"wp:attachment":[{"href":"https:\/\/resetfix.com\/en\/wp-json\/wp\/v2\/media?parent=936"}],"curies":[{"name":"wp","href":"https:\/\/api.w.org\/{rel}","templated":true}]}}