{"id":916,"date":"2025-04-25T13:11:37","date_gmt":"2025-04-25T16:11:37","guid":{"rendered":"https:\/\/resetfix.com\/instrucciones-generador-de-firmware-fix-samsung-hp-xerox-y-dell\/"},"modified":"2025-04-25T13:11:37","modified_gmt":"2025-04-25T16:11:37","slug":"instrucciones-generador-de-firmware-fix-samsung-hp-xerox-y-dell","status":"publish","type":"page","link":"https:\/\/resetfix.com\/es\/instrucciones-generador-de-firmware-fix-samsung-hp-xerox-y-dell\/","title":{"rendered":"Instrucciones &#8211; Generador de firmware fix &#8211; Samsung, HP, Xerox y Dell"},"content":{"rendered":"\n<p>Para usar el generador de firmware fix debe crear primero una cuenta, si a\u00fan no tiene una, haga clic <a href=\"https:\/\/resetfix.com\/wp-login.php?action=register\" target=\"_blank\" rel=\"noreferrer noopener\"><em>aqu\u00ed <\/em><\/a>para crearla. Despu\u00e9s de iniciar sesi\u00f3n tendr\u00e1 acceso al generador: <\/p>\n\n\n\n<div class=\"wp-block-uagb-image uagb-block-7dd8ebce wp-block-uagb-image--layout-default wp-block-uagb-image--effect-static wp-block-uagb-image--align-none\"><figure class=\"wp-block-uagb-image__figure\"><img decoding=\"async\" srcset=\"https:\/\/resetfix.com\/wp-content\/uploads\/2025\/04\/Captura-de-tela-2025-04-25-144525-1024x718.png ,https:\/\/resetfix.com\/wp-content\/uploads\/2025\/04\/Captura-de-tela-2025-04-25-144525.png 780w, https:\/\/resetfix.com\/wp-content\/uploads\/2025\/04\/Captura-de-tela-2025-04-25-144525.png 360w\" sizes=\"auto, (max-width: 480px) 150px\" src=\"https:\/\/resetfix.com\/wp-content\/uploads\/2025\/04\/Captura-de-tela-2025-04-25-144525-1024x718.png\" alt=\"Generador de fix online\" class=\"uag-image-531\" width=\"1174\" height=\"823\" title=\"Generador HP, Samsung, Xerox y Dell\" loading=\"lazy\" role=\"img\"><figcaption class=\"uagb-image-caption\">Generador<\/figcaption><\/figure><\/div>\n\n\n\n<ol class=\"wp-block-list\">\n<li>Conecte la impresora al ordenador utilizando un cable USB de alta calidad (hasta 1,5 m)<\/li>\n\n\n\n<li>Haga clic <em><a href=\"https:\/\/drive.google.com\/file\/d\/15baJ9WV2PISBtqZ3_nKeayY__WF6bb5i\/view?usp=sharing\">aqu\u00ed <\/a><\/em>para descargar la herramienta que permite extraer y ver los datos de la impresora (CRUM, versi\u00f3n de firmware, etc.). Haga clic en el bot\u00f3n indicado para extraer y mostrar los datos <\/li>\n<\/ol>\n\n\n\n<div class=\"wp-block-uagb-image uagb-block-b877f0b7 wp-block-uagb-image--layout-default wp-block-uagb-image--effect-static wp-block-uagb-image--align-none\"><figure class=\"wp-block-uagb-image__figure\"><img decoding=\"async\" srcset=\"https:\/\/resetfix.com\/wp-content\/uploads\/2025\/04\/Captura-de-tela-2025-04-25-125149.png ,https:\/\/resetfix.com\/wp-content\/uploads\/2025\/04\/Captura-de-tela-2025-04-25-125149.png 780w, https:\/\/resetfix.com\/wp-content\/uploads\/2025\/04\/Captura-de-tela-2025-04-25-125149.png 360w\" sizes=\"auto, (max-width: 480px) 150px\" src=\"https:\/\/resetfix.com\/wp-content\/uploads\/2025\/04\/Captura-de-tela-2025-04-25-125149.png\" alt=\"\" class=\"uag-image-517\" width=\"652\" height=\"460\" title=\"Programa para extraer la informaci\u00f3n necesaria\" loading=\"lazy\" role=\"img\"><\/figure><\/div>\n\n\n\n<p>3. Despu\u00e9s de extraer los datos, vaya al <a href=\"https:\/\/resetfix.com\/gerador-de-firmware-hp-samsung-xerox-pantum\/\">generador <\/a>y elija la l\u00ednea o marca de la impresora, modelo, confirme la versi\u00f3n compatible con su firmware, elija la versi\u00f3n apropiada, el tipo (Upd, NoUpd u Original), siendo que Upd significa que la impresora no ser\u00e1 bloqueada para futuras actualizaciones mientras que NoUpd bloquea futuras actualizaciones. Original es el firmware original de f\u00e1brica, sin alteraciones. Recomendamos elegir la versi\u00f3n Upd en la mayor\u00eda de los casos, si es posible.  <\/p>\n\n\n\n<p>4. Introduzca el n\u00famero de serie y\/o CRUM (si es necesario).<\/p>\n\n\n\n<p>5. Compruebe toda la informaci\u00f3n y haga clic en \u201c<em>\u00abValidar y Generar Firmware\u00bb<\/em>\u201d. Despu\u00e9s de generar, descargue el archivo y descompr\u00edmalo si es necesario. Arrastre el archivo Fix sobre usbprns2 y espere a que termine la programaci\u00f3n. No hacemos devoluciones en caso de informaci\u00f3n introducida incorrectamente en el generador, por tanto, la responsabilidad de realizar el reset y de verificar la informaci\u00f3n antes de generar es enteramente suya. No nos responsabilizamos de errores causados por el mal uso de los archivos. Servicio destinado a t\u00e9cnicos. En caso de dudas p\u00f3ngase en <a href=\"https:\/\/wa.me\/5537998273278\">contacto<\/a>.      <\/p>\n","protected":false},"excerpt":{"rendered":"<p>Para usar el generador de firmware fix debe crear primero una cuenta, si a\u00fan no tiene una, haga clic aqu\u00ed [&hellip;]<\/p>\n","protected":false},"author":1,"featured_media":0,"parent":0,"menu_order":0,"comment_status":"closed","ping_status":"closed","template":"","meta":{"_uag_custom_page_level_css":"","site-sidebar-layout":"default","site-content-layout":"","ast-site-content-layout":"default","site-content-style":"default","site-sidebar-style":"default","ast-global-header-display":"","ast-banner-title-visibility":"","ast-main-header-display":"","ast-hfb-above-header-display":"","ast-hfb-below-header-display":"","ast-hfb-mobile-header-display":"","site-post-title":"","ast-breadcrumbs-content":"","ast-featured-img":"","footer-sml-layout":"","ast-disable-related-posts":"","theme-transparent-header-meta":"","adv-header-id-meta":"","stick-header-meta":"","header-above-stick-meta":"","header-main-stick-meta":"","header-below-stick-meta":"","astra-migrate-meta-layouts":"default","ast-page-background-enabled":"default","ast-page-background-meta":{"desktop":{"background-color":"var(--ast-global-color-5)","background-image":"","background-repeat":"repeat","background-position":"center center","background-size":"auto","background-attachment":"scroll","background-type":"","background-media":"","overlay-type":"","overlay-color":"","overlay-opacity":"","overlay-gradient":""},"tablet":{"background-color":"","background-image":"","background-repeat":"repeat","background-position":"center center","background-size":"auto","background-attachment":"scroll","background-type":"","background-media":"","overlay-type":"","overlay-color":"","overlay-opacity":"","overlay-gradient":""},"mobile":{"background-color":"","background-image":"","background-repeat":"repeat","background-position":"center center","background-size":"auto","background-attachment":"scroll","background-type":"","background-media":"","overlay-type":"","overlay-color":"","overlay-opacity":"","overlay-gradient":""}},"ast-content-background-meta":{"desktop":{"background-color":"var(--ast-global-color-4)","background-image":"","background-repeat":"repeat","background-position":"center center","background-size":"auto","background-attachment":"scroll","background-type":"","background-media":"","overlay-type":"","overlay-color":"","overlay-opacity":"","overlay-gradient":""},"tablet":{"background-color":"var(--ast-global-color-4)","background-image":"","background-repeat":"repeat","background-position":"center center","background-size":"auto","background-attachment":"scroll","background-type":"","background-media":"","overlay-type":"","overlay-color":"","overlay-opacity":"","overlay-gradient":""},"mobile":{"background-color":"var(--ast-global-color-4)","background-image":"","background-repeat":"repeat","background-position":"center center","background-size":"auto","background-attachment":"scroll","background-type":"","background-media":"","overlay-type":"","overlay-color":"","overlay-opacity":"","overlay-gradient":""}},"footnotes":""},"class_list":["post-916","page","type-page","status-publish","hentry"],"yoast_head":"<!-- This site is optimized with the Yoast SEO Premium plugin v24.7 (Yoast SEO v24.7) - https:\/\/yoast.com\/wordpress\/plugins\/seo\/ -->\n<title>Instrucciones - Generador de firmware fix - Samsung, HP, Xerox y Dell - ResetFix<\/title>\n<meta name=\"description\" content=\"resetfix.com \u00e9 especializado no desbloqueio de impressoras a laser. Reset de impressoras 100% online.\" \/>\n<meta name=\"robots\" content=\"index, follow, max-snippet:-1, max-image-preview:large, max-video-preview:-1\" \/>\n<link rel=\"canonical\" href=\"https:\/\/resetfix.com\/es\/instrucciones-generador-de-firmware-fix-samsung-hp-xerox-y-dell\/\" \/>\n<meta property=\"og:locale\" content=\"es_ES\" \/>\n<meta property=\"og:type\" content=\"article\" \/>\n<meta property=\"og:title\" content=\"Instrucciones - Generador de firmware fix - Samsung, HP, Xerox y Dell\" \/>\n<meta property=\"og:description\" content=\"Gera\u00e7\u00e3o de firmware para impressoras a laser.\" \/>\n<meta property=\"og:url\" content=\"https:\/\/resetfix.com\/es\/instrucciones-generador-de-firmware-fix-samsung-hp-xerox-y-dell\/\" \/>\n<meta property=\"og:site_name\" content=\"ResetFix\" \/>\n<meta property=\"og:image\" content=\"https:\/\/resetfix.com\/wp-content\/uploads\/2025\/04\/Captura-de-tela-2025-04-25-144525-1024x718.png\" \/>\n<meta name=\"twitter:card\" content=\"summary_large_image\" \/>\n<meta name=\"twitter:label1\" content=\"Tiempo de lectura\" \/>\n\t<meta name=\"twitter:data1\" content=\"1 minuto\" \/>\n<script type=\"application\/ld+json\" class=\"yoast-schema-graph\">{\"@context\":\"https:\/\/schema.org\",\"@graph\":[{\"@type\":\"TechArticle\",\"@id\":\"https:\/\/resetfix.com\/es\/instrucciones-generador-de-firmware-fix-samsung-hp-xerox-y-dell\/#article\",\"isPartOf\":{\"@id\":\"https:\/\/resetfix.com\/es\/instrucciones-generador-de-firmware-fix-samsung-hp-xerox-y-dell\/\"},\"author\":{\"name\":\"resetfix\",\"@id\":\"https:\/\/resetfix.com\/es\/#\/schema\/person\/19a5fa056777f2b87306196913ce2cb5\"},\"headline\":\"Instrucciones &#8211; Generador de firmware fix &#8211; Samsung, HP, Xerox y Dell\",\"datePublished\":\"2025-04-25T16:11:37+00:00\",\"mainEntityOfPage\":{\"@id\":\"https:\/\/resetfix.com\/es\/instrucciones-generador-de-firmware-fix-samsung-hp-xerox-y-dell\/\"},\"wordCount\":291,\"publisher\":{\"@id\":\"https:\/\/resetfix.com\/es\/#organization\"},\"image\":{\"@id\":\"https:\/\/resetfix.com\/es\/instrucciones-generador-de-firmware-fix-samsung-hp-xerox-y-dell\/#primaryimage\"},\"thumbnailUrl\":\"https:\/\/resetfix.com\/wp-content\/uploads\/2025\/04\/Captura-de-tela-2025-04-25-144525-1024x718.png\",\"inLanguage\":\"es\"},{\"@type\":\"WebPage\",\"@id\":\"https:\/\/resetfix.com\/es\/instrucciones-generador-de-firmware-fix-samsung-hp-xerox-y-dell\/\",\"url\":\"https:\/\/resetfix.com\/es\/instrucciones-generador-de-firmware-fix-samsung-hp-xerox-y-dell\/\",\"name\":\"Instrucciones - Generador de firmware fix - Samsung, HP, Xerox y Dell - ResetFix\",\"isPartOf\":{\"@id\":\"https:\/\/resetfix.com\/es\/#website\"},\"primaryImageOfPage\":{\"@id\":\"https:\/\/resetfix.com\/es\/instrucciones-generador-de-firmware-fix-samsung-hp-xerox-y-dell\/#primaryimage\"},\"image\":{\"@id\":\"https:\/\/resetfix.com\/es\/instrucciones-generador-de-firmware-fix-samsung-hp-xerox-y-dell\/#primaryimage\"},\"thumbnailUrl\":\"https:\/\/resetfix.com\/wp-content\/uploads\/2025\/04\/Captura-de-tela-2025-04-25-144525-1024x718.png\",\"datePublished\":\"2025-04-25T16:11:37+00:00\",\"description\":\"resetfix.com \u00e9 especializado no desbloqueio de impressoras a laser. Reset de impressoras 100% online.\",\"breadcrumb\":{\"@id\":\"https:\/\/resetfix.com\/es\/instrucciones-generador-de-firmware-fix-samsung-hp-xerox-y-dell\/#breadcrumb\"},\"inLanguage\":\"es\",\"potentialAction\":[{\"@type\":\"ReadAction\",\"target\":[\"https:\/\/resetfix.com\/es\/instrucciones-generador-de-firmware-fix-samsung-hp-xerox-y-dell\/\"]}]},{\"@type\":\"ImageObject\",\"inLanguage\":\"es\",\"@id\":\"https:\/\/resetfix.com\/es\/instrucciones-generador-de-firmware-fix-samsung-hp-xerox-y-dell\/#primaryimage\",\"url\":\"https:\/\/resetfix.com\/wp-content\/uploads\/2025\/04\/Captura-de-tela-2025-04-25-144525-1024x718.png\",\"contentUrl\":\"https:\/\/resetfix.com\/wp-content\/uploads\/2025\/04\/Captura-de-tela-2025-04-25-144525-1024x718.png\"},{\"@type\":\"BreadcrumbList\",\"@id\":\"https:\/\/resetfix.com\/es\/instrucciones-generador-de-firmware-fix-samsung-hp-xerox-y-dell\/#breadcrumb\",\"itemListElement\":[{\"@type\":\"ListItem\",\"position\":1,\"name\":\"In\u00edcio\",\"item\":\"https:\/\/resetfix.com\/es\/\"},{\"@type\":\"ListItem\",\"position\":2,\"name\":\"Instrucciones &#8211; Generador de firmware fix &#8211; Samsung, HP, Xerox y Dell\"}]},{\"@type\":\"WebSite\",\"@id\":\"https:\/\/resetfix.com\/es\/#website\",\"url\":\"https:\/\/resetfix.com\/es\/\",\"name\":\"ResetFix\",\"description\":\"Firmwares de v\u00e1rios modelos de impressoras e multifuncionais compat\u00edveis\",\"publisher\":{\"@id\":\"https:\/\/resetfix.com\/es\/#organization\"},\"potentialAction\":[{\"@type\":\"SearchAction\",\"target\":{\"@type\":\"EntryPoint\",\"urlTemplate\":\"https:\/\/resetfix.com\/es\/?s={search_term_string}\"},\"query-input\":{\"@type\":\"PropertyValueSpecification\",\"valueRequired\":true,\"valueName\":\"search_term_string\"}}],\"inLanguage\":\"es\"},{\"@type\":\"Organization\",\"@id\":\"https:\/\/resetfix.com\/es\/#organization\",\"name\":\"ResetFix -Firmware Fix\",\"alternateName\":\"Resetfix\",\"url\":\"https:\/\/resetfix.com\/es\/\",\"logo\":{\"@type\":\"ImageObject\",\"inLanguage\":\"es\",\"@id\":\"https:\/\/resetfix.com\/es\/#\/schema\/logo\/image\/\",\"url\":\"https:\/\/resetfix.com\/wp-content\/uploads\/2025\/03\/logo-reset-fix-1.png\",\"contentUrl\":\"https:\/\/resetfix.com\/wp-content\/uploads\/2025\/03\/logo-reset-fix-1.png\",\"width\":876,\"height\":887,\"caption\":\"ResetFix -Firmware Fix\"},\"image\":{\"@id\":\"https:\/\/resetfix.com\/es\/#\/schema\/logo\/image\/\"},\"sameAs\":[\"https:\/\/lista.mercadolivre.com.br\/_CustId_698846821?item_id=MLB5126494038&category_id=MLB271870&seller_id=698846821&client=recoview-selleritems&recos_listing=true#origin=vip&component=sellerData&typeSeller=classic\"],\"description\":\"Resetfix.com \u00e9 um servi\u00e7o de gera\u00e7\u00e3o online de firmware para impressoras a laser\",\"email\":\"resetfixbr@gmail.com\",\"telephone\":\"37998273278\",\"legalName\":\"Resetfix\",\"foundingDate\":\"2025-01-26\",\"vatID\":\"52482588000160\",\"numberOfEmployees\":{\"@type\":\"QuantitativeValue\",\"minValue\":\"1\",\"maxValue\":\"10\"},\"actionableFeedbackPolicy\":\"https:\/\/resetfix.com\/politica-de-privacidade\/\"},{\"@type\":\"Person\",\"@id\":\"https:\/\/resetfix.com\/es\/#\/schema\/person\/19a5fa056777f2b87306196913ce2cb5\",\"name\":\"resetfix\",\"image\":{\"@type\":\"ImageObject\",\"inLanguage\":\"es\",\"@id\":\"https:\/\/resetfix.com\/es\/#\/schema\/person\/image\/\",\"url\":\"https:\/\/resetfix.com\/wp-content\/litespeed\/avatar\/533bc700ff5ac55749d3b7cc83a3abce.jpg?ver=1776654472\",\"contentUrl\":\"https:\/\/resetfix.com\/wp-content\/litespeed\/avatar\/533bc700ff5ac55749d3b7cc83a3abce.jpg?ver=1776654472\",\"caption\":\"resetfix\"},\"sameAs\":[\"https:\/\/resetfix.com\"],\"url\":\"https:\/\/resetfix.com\/es\/author\/resetfix\/\"}]}<\/script>\n<!-- \/ Yoast SEO Premium plugin. -->","yoast_head_json":{"title":"Instrucciones - Generador de firmware fix - Samsung, HP, Xerox y Dell - ResetFix","description":"resetfix.com \u00e9 especializado no desbloqueio de impressoras a laser. Reset de impressoras 100% online.","robots":{"index":"index","follow":"follow","max-snippet":"max-snippet:-1","max-image-preview":"max-image-preview:large","max-video-preview":"max-video-preview:-1"},"canonical":"https:\/\/resetfix.com\/es\/instrucciones-generador-de-firmware-fix-samsung-hp-xerox-y-dell\/","og_locale":"es_ES","og_type":"article","og_title":"Instrucciones - Generador de firmware fix - Samsung, HP, Xerox y Dell","og_description":"Gera\u00e7\u00e3o de firmware para impressoras a laser.","og_url":"https:\/\/resetfix.com\/es\/instrucciones-generador-de-firmware-fix-samsung-hp-xerox-y-dell\/","og_site_name":"ResetFix","og_image":[{"url":"https:\/\/resetfix.com\/wp-content\/uploads\/2025\/04\/Captura-de-tela-2025-04-25-144525-1024x718.png","type":"","width":"","height":""}],"twitter_card":"summary_large_image","twitter_misc":{"Tiempo de lectura":"1 minuto"},"schema":{"@context":"https:\/\/schema.org","@graph":[{"@type":"TechArticle","@id":"https:\/\/resetfix.com\/es\/instrucciones-generador-de-firmware-fix-samsung-hp-xerox-y-dell\/#article","isPartOf":{"@id":"https:\/\/resetfix.com\/es\/instrucciones-generador-de-firmware-fix-samsung-hp-xerox-y-dell\/"},"author":{"name":"resetfix","@id":"https:\/\/resetfix.com\/es\/#\/schema\/person\/19a5fa056777f2b87306196913ce2cb5"},"headline":"Instrucciones &#8211; Generador de firmware fix &#8211; Samsung, HP, Xerox y Dell","datePublished":"2025-04-25T16:11:37+00:00","mainEntityOfPage":{"@id":"https:\/\/resetfix.com\/es\/instrucciones-generador-de-firmware-fix-samsung-hp-xerox-y-dell\/"},"wordCount":291,"publisher":{"@id":"https:\/\/resetfix.com\/es\/#organization"},"image":{"@id":"https:\/\/resetfix.com\/es\/instrucciones-generador-de-firmware-fix-samsung-hp-xerox-y-dell\/#primaryimage"},"thumbnailUrl":"https:\/\/resetfix.com\/wp-content\/uploads\/2025\/04\/Captura-de-tela-2025-04-25-144525-1024x718.png","inLanguage":"es"},{"@type":"WebPage","@id":"https:\/\/resetfix.com\/es\/instrucciones-generador-de-firmware-fix-samsung-hp-xerox-y-dell\/","url":"https:\/\/resetfix.com\/es\/instrucciones-generador-de-firmware-fix-samsung-hp-xerox-y-dell\/","name":"Instrucciones - Generador de firmware fix - Samsung, HP, Xerox y Dell - ResetFix","isPartOf":{"@id":"https:\/\/resetfix.com\/es\/#website"},"primaryImageOfPage":{"@id":"https:\/\/resetfix.com\/es\/instrucciones-generador-de-firmware-fix-samsung-hp-xerox-y-dell\/#primaryimage"},"image":{"@id":"https:\/\/resetfix.com\/es\/instrucciones-generador-de-firmware-fix-samsung-hp-xerox-y-dell\/#primaryimage"},"thumbnailUrl":"https:\/\/resetfix.com\/wp-content\/uploads\/2025\/04\/Captura-de-tela-2025-04-25-144525-1024x718.png","datePublished":"2025-04-25T16:11:37+00:00","description":"resetfix.com \u00e9 especializado no desbloqueio de impressoras a laser. Reset de impressoras 100% online.","breadcrumb":{"@id":"https:\/\/resetfix.com\/es\/instrucciones-generador-de-firmware-fix-samsung-hp-xerox-y-dell\/#breadcrumb"},"inLanguage":"es","potentialAction":[{"@type":"ReadAction","target":["https:\/\/resetfix.com\/es\/instrucciones-generador-de-firmware-fix-samsung-hp-xerox-y-dell\/"]}]},{"@type":"ImageObject","inLanguage":"es","@id":"https:\/\/resetfix.com\/es\/instrucciones-generador-de-firmware-fix-samsung-hp-xerox-y-dell\/#primaryimage","url":"https:\/\/resetfix.com\/wp-content\/uploads\/2025\/04\/Captura-de-tela-2025-04-25-144525-1024x718.png","contentUrl":"https:\/\/resetfix.com\/wp-content\/uploads\/2025\/04\/Captura-de-tela-2025-04-25-144525-1024x718.png"},{"@type":"BreadcrumbList","@id":"https:\/\/resetfix.com\/es\/instrucciones-generador-de-firmware-fix-samsung-hp-xerox-y-dell\/#breadcrumb","itemListElement":[{"@type":"ListItem","position":1,"name":"In\u00edcio","item":"https:\/\/resetfix.com\/es\/"},{"@type":"ListItem","position":2,"name":"Instrucciones &#8211; Generador de firmware fix &#8211; Samsung, HP, Xerox y Dell"}]},{"@type":"WebSite","@id":"https:\/\/resetfix.com\/es\/#website","url":"https:\/\/resetfix.com\/es\/","name":"ResetFix","description":"Firmwares de v\u00e1rios modelos de impressoras e multifuncionais compat\u00edveis","publisher":{"@id":"https:\/\/resetfix.com\/es\/#organization"},"potentialAction":[{"@type":"SearchAction","target":{"@type":"EntryPoint","urlTemplate":"https:\/\/resetfix.com\/es\/?s={search_term_string}"},"query-input":{"@type":"PropertyValueSpecification","valueRequired":true,"valueName":"search_term_string"}}],"inLanguage":"es"},{"@type":"Organization","@id":"https:\/\/resetfix.com\/es\/#organization","name":"ResetFix -Firmware Fix","alternateName":"Resetfix","url":"https:\/\/resetfix.com\/es\/","logo":{"@type":"ImageObject","inLanguage":"es","@id":"https:\/\/resetfix.com\/es\/#\/schema\/logo\/image\/","url":"https:\/\/resetfix.com\/wp-content\/uploads\/2025\/03\/logo-reset-fix-1.png","contentUrl":"https:\/\/resetfix.com\/wp-content\/uploads\/2025\/03\/logo-reset-fix-1.png","width":876,"height":887,"caption":"ResetFix -Firmware Fix"},"image":{"@id":"https:\/\/resetfix.com\/es\/#\/schema\/logo\/image\/"},"sameAs":["https:\/\/lista.mercadolivre.com.br\/_CustId_698846821?item_id=MLB5126494038&category_id=MLB271870&seller_id=698846821&client=recoview-selleritems&recos_listing=true#origin=vip&component=sellerData&typeSeller=classic"],"description":"Resetfix.com \u00e9 um servi\u00e7o de gera\u00e7\u00e3o online de firmware para impressoras a laser","email":"resetfixbr@gmail.com","telephone":"37998273278","legalName":"Resetfix","foundingDate":"2025-01-26","vatID":"52482588000160","numberOfEmployees":{"@type":"QuantitativeValue","minValue":"1","maxValue":"10"},"actionableFeedbackPolicy":"https:\/\/resetfix.com\/politica-de-privacidade\/"},{"@type":"Person","@id":"https:\/\/resetfix.com\/es\/#\/schema\/person\/19a5fa056777f2b87306196913ce2cb5","name":"resetfix","image":{"@type":"ImageObject","inLanguage":"es","@id":"https:\/\/resetfix.com\/es\/#\/schema\/person\/image\/","url":"https:\/\/resetfix.com\/wp-content\/litespeed\/avatar\/533bc700ff5ac55749d3b7cc83a3abce.jpg?ver=1776654472","contentUrl":"https:\/\/resetfix.com\/wp-content\/litespeed\/avatar\/533bc700ff5ac55749d3b7cc83a3abce.jpg?ver=1776654472","caption":"resetfix"},"sameAs":["https:\/\/resetfix.com"],"url":"https:\/\/resetfix.com\/es\/author\/resetfix\/"}]}},"uagb_featured_image_src":{"full":false,"thumbnail":false,"medium":false,"medium_large":false,"large":false,"1536x1536":false,"2048x2048":false,"woocommerce_thumbnail":false,"woocommerce_single":false,"woocommerce_gallery_thumbnail":false},"uagb_author_info":{"display_name":"resetfix","author_link":"https:\/\/resetfix.com\/es\/author\/resetfix\/"},"uagb_comment_info":0,"uagb_excerpt":"Para usar el generador de firmware fix debe crear primero una cuenta, si a\u00fan no tiene una, haga clic aqu\u00ed [&hellip;]","_links":{"self":[{"href":"https:\/\/resetfix.com\/es\/wp-json\/wp\/v2\/pages\/916","targetHints":{"allow":["GET"]}}],"collection":[{"href":"https:\/\/resetfix.com\/es\/wp-json\/wp\/v2\/pages"}],"about":[{"href":"https:\/\/resetfix.com\/es\/wp-json\/wp\/v2\/types\/page"}],"author":[{"embeddable":true,"href":"https:\/\/resetfix.com\/es\/wp-json\/wp\/v2\/users\/1"}],"replies":[{"embeddable":true,"href":"https:\/\/resetfix.com\/es\/wp-json\/wp\/v2\/comments?post=916"}],"version-history":[{"count":0,"href":"https:\/\/resetfix.com\/es\/wp-json\/wp\/v2\/pages\/916\/revisions"}],"wp:attachment":[{"href":"https:\/\/resetfix.com\/es\/wp-json\/wp\/v2\/media?parent=916"}],"curies":[{"name":"wp","href":"https:\/\/api.w.org\/{rel}","templated":true}]}}