{"id":932,"date":"2025-04-12T22:50:36","date_gmt":"2025-04-13T01:50:36","guid":{"rendered":"https:\/\/resetfix.com\/generador-de-reset-pantum\/"},"modified":"2025-12-01T13:23:27","modified_gmt":"2025-12-01T16:23:27","slug":"generador-de-reset-pantum","status":"publish","type":"page","link":"https:\/\/resetfix.com\/es\/generador-de-reset-pantum\/","title":{"rendered":"Generador de Reset Pantum Chipless | NoChip | t\u00f3ner y tambor siempre 100%"},"content":{"rendered":"\n<div class=\"wp-block-buttons is-layout-flex wp-block-buttons-is-layout-flex\">\n<div class=\"wp-block-button\"><a class=\"wp-block-button__link wp-element-button\" href=\"#h-instrucciones\">Instrucciones<\/a><\/div>\n<\/div>\n\n\n<div class=\"fcg-wizard-container\"><div class=\"fcg-step-indicator\"><div class=\"fcg-step active\" data-step=\"1\"><div class=\"fcg-step-number\">1<\/div><div class=\"fcg-step-title\">Verificaci\u00f3n<\/div><\/div><div class=\"fcg-step\" data-step=\"2\"><div class=\"fcg-step-number\">2<\/div><div class=\"fcg-step-title\">Realizar pedido<\/div><\/div><\/div><div class=\"fcg-wizard-step fcg-step-1 active\" data-step=\"1\"><div class=\"fcg-card fcg-verification-card\"><div class=\"fcg-card-header\"><h3><span class=\"fcg-icon\">\ud83d\udd04<\/span> Generar Reset<\/h3><\/div><div class=\"fcg-card-body\"><div class=\"fcg-info-box\"><p><strong>Para obtener el reset de la impresora, siga estos pasos:<\/strong><\/p><ol><li>Descargue el programa NoChipFirmwareUpgrade<\/li><li>Conecte la impresora al ordenador por USB (instale el controlador si es necesario)<\/li><li>Haga clic en el bot\u00f3n [Get Printer ID]<\/li><li>Copie el ID generado y p\u00e9guelo abajo. Haga clic en Verificar impresora<\/li><\/ol><p class=\"fcg-download-link\"><a href=\"https:\/\/nochip.ru\/exe\/NoChipFirmwareUpgrade_5.8.exe\" class=\"fcg-button fcg-button-secondary\" target=\"_blank\">\ud83d\udce5 Descargar NoChipFirmwareUpgrade v5.8<\/a><\/p><\/div><form id=\"firmware-form\" method=\"post\"><div class=\"fcg-form-group\"><label for=\"printer-id\">ID de la impresora:<\/label><input type=\"text\" name=\"printer-id\" id=\"printer-id\" required placeholder=\"Pegue aqu\u00ed el ID de la impresora\"><\/div><div class=\"fcg-form-actions\"><button type=\"submit\" name=\"verify_printer\" class=\"fcg-button fcg-button-primary\" onclick=\"gtag_report_conversion()\"><span class=\"fcg-button-text\">Verificar impresora<\/span><span class=\"fcg-spinner\" style=\"display: none;\">\ud83d\udd04<\/span><\/button><\/div><\/form><\/div><\/div><\/div><div class=\"fcg-wizard-step fcg-step-2\" data-step=\"2\" style=\"display: none;\"><div class=\"fcg-card fcg-result-card\"><div class=\"fcg-card-header\"><h3 id=\"fcg-result-title\"><span class=\"fcg-icon\">\u23f3<\/span> Verificando...<\/h3><button type=\"button\" class=\"fcg-back-button\" id=\"fcg-back-to-step1\" title=\"Verificar otro ID\"><span class=\"fcg-back-icon\">\u2190<\/span><span class=\"fcg-back-text\">Nuevo ID<\/span><\/button><\/div><div class=\"fcg-card-body\"><div id=\"firmware-result\"><\/div><div id=\"firmware-actions\" style=\"margin-top: 20px;\"><\/div><\/div><\/div><\/div><\/div>\n\n\n\n<p class=\"has-small-font-size\">Si el programa falla, no responde o se produce un error, comun\u00edquese con el soporte t\u00e9cnico.<\/p>\n\n\n\n<h2 class=\"wp-block-heading\" id=\"h-instrucciones\">Instrucciones<\/h2>\n\n\n\n<p>Recibir\u00e1 un<strong> archivo .fwr<\/strong> para actualizar su dispositivo. Descargue el archivo y gu\u00e1rdelo en una carpeta de su ordenador. Ejecutar el programa <em>No Chip Firmware Upgrade<\/em> (<strong>NoChipFirmwareUpgrade<\/strong>), haga clic en &nbsp;<strong><em>Upgrade Firmware<\/em> <\/strong>y seleccione el archivo de firmware (ejemplo: <em>NoChip_XXXXXX_XXXXX_XXX.fwr<\/em>). Espere a que la impresora o multifunci\u00f3n se reinicie autom\u00e1ticamente.<\/p>\n\n\n\n<p>Algunas multifunciones (Serie M6500 y otras) requieren una confirmaci\u00f3n en el panel para que la actualizaci\u00f3n pueda iniciarse. Si este es el caso, haga clic en el bot\u00f3n <strong>start<\/strong> &lt;|&gt;. Espere a que termine la actualizaci\u00f3n. <\/p>\n\n\n\n<p><br>P2500: espere a que el LED parpadee r\u00e1pidamente y haga clic en el bot\u00f3n <strong>cancelar\/continuar (Cancel\/Continue<\/strong>) y entonces el LED empezar\u00e1 a parpadear lentamente indicando que la actualizaci\u00f3n est\u00e1 en curso.<\/p>\n\n\n\n<p><strong>ATENCI\u00d3N: ESPERE A QUE LA IMPRESORA TERMINE COMPLETAMENTE LA ACTUALIZACI\u00d3N. BAJO NINGUNA CIRCUNSTANCIA INTERRUMPA EL PROCESO ANTES DE QUE TERMINE COMPLETAMENTE. <\/strong> <\/p>\n\n\n\n<p class=\"has-small-font-size\">Todos los Firmwares son probados en nuestras m\u00e1quinas innumerables veces antes de ser puestos a disposici\u00f3n. <br>Al utilizar nuestros servicios, usted acepta que ha le\u00eddo y acepta \u00edntegramente nuestros <a href=\"https:\/\/resetfix.com\/es\/terminos-y-condiciones-de-uso-resetfix-com\/\">T\u00e9rminos y Condiciones<\/a> de servicio.<\/p>\n\n\n\n<p><\/p>\n","protected":false},"excerpt":{"rendered":"<p>Si el programa falla, no responde o se produce un error, comun\u00edquese con el soporte t\u00e9cnico. Instrucciones Recibir\u00e1 un archivo [&hellip;]<\/p>\n","protected":false},"author":1,"featured_media":0,"parent":0,"menu_order":0,"comment_status":"closed","ping_status":"closed","template":"","meta":{"_uag_custom_page_level_css":"","site-sidebar-layout":"default","site-content-layout":"","ast-site-content-layout":"default","site-content-style":"default","site-sidebar-style":"default","ast-global-header-display":"","ast-banner-title-visibility":"","ast-main-header-display":"","ast-hfb-above-header-display":"","ast-hfb-below-header-display":"","ast-hfb-mobile-header-display":"","site-post-title":"","ast-breadcrumbs-content":"","ast-featured-img":"","footer-sml-layout":"","ast-disable-related-posts":"","theme-transparent-header-meta":"","adv-header-id-meta":"","stick-header-meta":"","header-above-stick-meta":"","header-main-stick-meta":"","header-below-stick-meta":"","astra-migrate-meta-layouts":"default","ast-page-background-enabled":"default","ast-page-background-meta":{"desktop":{"background-color":"var(--ast-global-color-5)","background-image":"","background-repeat":"repeat","background-position":"center center","background-size":"auto","background-attachment":"scroll","background-type":"","background-media":"","overlay-type":"","overlay-color":"","overlay-opacity":"","overlay-gradient":""},"tablet":{"background-color":"","background-image":"","background-repeat":"repeat","background-position":"center center","background-size":"auto","background-attachment":"scroll","background-type":"","background-media":"","overlay-type":"","overlay-color":"","overlay-opacity":"","overlay-gradient":""},"mobile":{"background-color":"","background-image":"","background-repeat":"repeat","background-position":"center center","background-size":"auto","background-attachment":"scroll","background-type":"","background-media":"","overlay-type":"","overlay-color":"","overlay-opacity":"","overlay-gradient":""}},"ast-content-background-meta":{"desktop":{"background-color":"var(--ast-global-color-4)","background-image":"","background-repeat":"repeat","background-position":"center center","background-size":"auto","background-attachment":"scroll","background-type":"","background-media":"","overlay-type":"","overlay-color":"","overlay-opacity":"","overlay-gradient":""},"tablet":{"background-color":"var(--ast-global-color-4)","background-image":"","background-repeat":"repeat","background-position":"center center","background-size":"auto","background-attachment":"scroll","background-type":"","background-media":"","overlay-type":"","overlay-color":"","overlay-opacity":"","overlay-gradient":""},"mobile":{"background-color":"var(--ast-global-color-4)","background-image":"","background-repeat":"repeat","background-position":"center center","background-size":"auto","background-attachment":"scroll","background-type":"","background-media":"","overlay-type":"","overlay-color":"","overlay-opacity":"","overlay-gradient":""}},"footnotes":""},"class_list":["post-932","page","type-page","status-publish","hentry"],"yoast_head":"<!-- This site is optimized with the Yoast SEO Premium plugin v24.7 (Yoast SEO v24.7) - https:\/\/yoast.com\/wordpress\/plugins\/seo\/ -->\n<title>Generador de Reset Pantum Chipless | NoChip | t\u00f3ner y tambor siempre 100% - ResetFix<\/title>\n<meta name=\"description\" content=\"Resetear impresoras Pantum: t\u00f3ner y tambor SIEMPRE al 100 %. Ahora puede usar su impresora sin chips. Firmware sin chip (chipless). NoChip.\" \/>\n<meta name=\"robots\" content=\"index, follow, max-snippet:-1, max-image-preview:large, max-video-preview:-1\" \/>\n<link rel=\"canonical\" href=\"https:\/\/resetfix.com\/es\/generador-de-reset-pantum\/\" \/>\n<meta property=\"og:locale\" content=\"es_ES\" \/>\n<meta property=\"og:type\" content=\"article\" \/>\n<meta property=\"og:title\" content=\"Generador de Reset Pantum Chipless | NoChip | t\u00f3ner y tambor siempre 100%\" \/>\n<meta property=\"og:description\" content=\"Gera\u00e7\u00e3o de firmware para impressoras a laser.\" \/>\n<meta property=\"og:url\" content=\"https:\/\/resetfix.com\/es\/generador-de-reset-pantum\/\" \/>\n<meta property=\"og:site_name\" content=\"ResetFix\" \/>\n<meta property=\"article:modified_time\" content=\"2025-12-01T16:23:27+00:00\" \/>\n<meta property=\"og:image\" content=\"https:\/\/resetfix.com\/wp-content\/uploads\/2025\/03\/logo-reset-fix-1.png\" \/>\n\t<meta property=\"og:image:width\" content=\"876\" \/>\n\t<meta property=\"og:image:height\" content=\"887\" \/>\n\t<meta property=\"og:image:type\" content=\"image\/png\" \/>\n<meta name=\"twitter:card\" content=\"summary_large_image\" \/>\n<meta name=\"twitter:label1\" content=\"Tiempo de lectura\" \/>\n\t<meta name=\"twitter:data1\" content=\"2 minutos\" \/>\n<script type=\"application\/ld+json\" class=\"yoast-schema-graph\">{\"@context\":\"https:\/\/schema.org\",\"@graph\":[{\"@type\":\"TechArticle\",\"@id\":\"https:\/\/resetfix.com\/es\/generador-de-reset-pantum\/#article\",\"isPartOf\":{\"@id\":\"https:\/\/resetfix.com\/es\/generador-de-reset-pantum\/\"},\"author\":{\"name\":\"resetfix\",\"@id\":\"https:\/\/resetfix.com\/es\/#\/schema\/person\/19a5fa056777f2b87306196913ce2cb5\"},\"headline\":\"Generador de Reset Pantum Chipless | NoChip | t\u00f3ner y tambor siempre 100%\",\"datePublished\":\"2025-04-13T01:50:36+00:00\",\"dateModified\":\"2025-12-01T16:23:27+00:00\",\"mainEntityOfPage\":{\"@id\":\"https:\/\/resetfix.com\/es\/generador-de-reset-pantum\/\"},\"wordCount\":229,\"publisher\":{\"@id\":\"https:\/\/resetfix.com\/es\/#organization\"},\"inLanguage\":\"es\"},{\"@type\":\"WebPage\",\"@id\":\"https:\/\/resetfix.com\/es\/generador-de-reset-pantum\/\",\"url\":\"https:\/\/resetfix.com\/es\/generador-de-reset-pantum\/\",\"name\":\"Generador de Reset Pantum Chipless | NoChip | t\u00f3ner y tambor siempre 100% - ResetFix\",\"isPartOf\":{\"@id\":\"https:\/\/resetfix.com\/es\/#website\"},\"datePublished\":\"2025-04-13T01:50:36+00:00\",\"dateModified\":\"2025-12-01T16:23:27+00:00\",\"description\":\"Resetear impresoras Pantum: t\u00f3ner y tambor SIEMPRE al 100 %. Ahora puede usar su impresora sin chips. Firmware sin chip (chipless). NoChip.\",\"breadcrumb\":{\"@id\":\"https:\/\/resetfix.com\/es\/generador-de-reset-pantum\/#breadcrumb\"},\"inLanguage\":\"es\",\"potentialAction\":[{\"@type\":\"ReadAction\",\"target\":[\"https:\/\/resetfix.com\/es\/generador-de-reset-pantum\/\"]}]},{\"@type\":\"BreadcrumbList\",\"@id\":\"https:\/\/resetfix.com\/es\/generador-de-reset-pantum\/#breadcrumb\",\"itemListElement\":[{\"@type\":\"ListItem\",\"position\":1,\"name\":\"In\u00edcio\",\"item\":\"https:\/\/resetfix.com\/es\/\"},{\"@type\":\"ListItem\",\"position\":2,\"name\":\"Generador de Reset Pantum Chipless | NoChip | t\u00f3ner y tambor siempre 100%\"}]},{\"@type\":\"WebSite\",\"@id\":\"https:\/\/resetfix.com\/es\/#website\",\"url\":\"https:\/\/resetfix.com\/es\/\",\"name\":\"ResetFix\",\"description\":\"Firmwares de v\u00e1rios modelos de impressoras e multifuncionais compat\u00edveis\",\"publisher\":{\"@id\":\"https:\/\/resetfix.com\/es\/#organization\"},\"potentialAction\":[{\"@type\":\"SearchAction\",\"target\":{\"@type\":\"EntryPoint\",\"urlTemplate\":\"https:\/\/resetfix.com\/es\/?s={search_term_string}\"},\"query-input\":{\"@type\":\"PropertyValueSpecification\",\"valueRequired\":true,\"valueName\":\"search_term_string\"}}],\"inLanguage\":\"es\"},{\"@type\":\"Organization\",\"@id\":\"https:\/\/resetfix.com\/es\/#organization\",\"name\":\"ResetFix -Firmware Fix\",\"alternateName\":\"Resetfix\",\"url\":\"https:\/\/resetfix.com\/es\/\",\"logo\":{\"@type\":\"ImageObject\",\"inLanguage\":\"es\",\"@id\":\"https:\/\/resetfix.com\/es\/#\/schema\/logo\/image\/\",\"url\":\"https:\/\/resetfix.com\/wp-content\/uploads\/2025\/03\/logo-reset-fix-1.png\",\"contentUrl\":\"https:\/\/resetfix.com\/wp-content\/uploads\/2025\/03\/logo-reset-fix-1.png\",\"width\":876,\"height\":887,\"caption\":\"ResetFix -Firmware Fix\"},\"image\":{\"@id\":\"https:\/\/resetfix.com\/es\/#\/schema\/logo\/image\/\"},\"sameAs\":[\"https:\/\/lista.mercadolivre.com.br\/_CustId_698846821?item_id=MLB5126494038&category_id=MLB271870&seller_id=698846821&client=recoview-selleritems&recos_listing=true#origin=vip&component=sellerData&typeSeller=classic\"],\"description\":\"Resetfix.com \u00e9 um servi\u00e7o de gera\u00e7\u00e3o online de firmware para impressoras a laser\",\"email\":\"resetfixbr@gmail.com\",\"telephone\":\"37998273278\",\"legalName\":\"Resetfix\",\"foundingDate\":\"2025-01-26\",\"vatID\":\"52482588000160\",\"numberOfEmployees\":{\"@type\":\"QuantitativeValue\",\"minValue\":\"1\",\"maxValue\":\"10\"},\"actionableFeedbackPolicy\":\"https:\/\/resetfix.com\/politica-de-privacidade\/\"},{\"@type\":\"Person\",\"@id\":\"https:\/\/resetfix.com\/es\/#\/schema\/person\/19a5fa056777f2b87306196913ce2cb5\",\"name\":\"resetfix\",\"image\":{\"@type\":\"ImageObject\",\"inLanguage\":\"es\",\"@id\":\"https:\/\/resetfix.com\/es\/#\/schema\/person\/image\/\",\"url\":\"https:\/\/resetfix.com\/wp-content\/litespeed\/avatar\/533bc700ff5ac55749d3b7cc83a3abce.jpg?ver=1776654472\",\"contentUrl\":\"https:\/\/resetfix.com\/wp-content\/litespeed\/avatar\/533bc700ff5ac55749d3b7cc83a3abce.jpg?ver=1776654472\",\"caption\":\"resetfix\"},\"sameAs\":[\"https:\/\/resetfix.com\"],\"url\":\"https:\/\/resetfix.com\/es\/author\/resetfix\/\"}]}<\/script>\n<!-- \/ Yoast SEO Premium plugin. -->","yoast_head_json":{"title":"Generador de Reset Pantum Chipless | NoChip | t\u00f3ner y tambor siempre 100% - ResetFix","description":"Resetear impresoras Pantum: t\u00f3ner y tambor SIEMPRE al 100 %. Ahora puede usar su impresora sin chips. Firmware sin chip (chipless). NoChip.","robots":{"index":"index","follow":"follow","max-snippet":"max-snippet:-1","max-image-preview":"max-image-preview:large","max-video-preview":"max-video-preview:-1"},"canonical":"https:\/\/resetfix.com\/es\/generador-de-reset-pantum\/","og_locale":"es_ES","og_type":"article","og_title":"Generador de Reset Pantum Chipless | NoChip | t\u00f3ner y tambor siempre 100%","og_description":"Gera\u00e7\u00e3o de firmware para impressoras a laser.","og_url":"https:\/\/resetfix.com\/es\/generador-de-reset-pantum\/","og_site_name":"ResetFix","article_modified_time":"2025-12-01T16:23:27+00:00","og_image":[{"width":876,"height":887,"url":"https:\/\/resetfix.com\/wp-content\/uploads\/2025\/03\/logo-reset-fix-1.png","type":"image\/png"}],"twitter_card":"summary_large_image","twitter_misc":{"Tiempo de lectura":"2 minutos"},"schema":{"@context":"https:\/\/schema.org","@graph":[{"@type":"TechArticle","@id":"https:\/\/resetfix.com\/es\/generador-de-reset-pantum\/#article","isPartOf":{"@id":"https:\/\/resetfix.com\/es\/generador-de-reset-pantum\/"},"author":{"name":"resetfix","@id":"https:\/\/resetfix.com\/es\/#\/schema\/person\/19a5fa056777f2b87306196913ce2cb5"},"headline":"Generador de Reset Pantum Chipless | NoChip | t\u00f3ner y tambor siempre 100%","datePublished":"2025-04-13T01:50:36+00:00","dateModified":"2025-12-01T16:23:27+00:00","mainEntityOfPage":{"@id":"https:\/\/resetfix.com\/es\/generador-de-reset-pantum\/"},"wordCount":229,"publisher":{"@id":"https:\/\/resetfix.com\/es\/#organization"},"inLanguage":"es"},{"@type":"WebPage","@id":"https:\/\/resetfix.com\/es\/generador-de-reset-pantum\/","url":"https:\/\/resetfix.com\/es\/generador-de-reset-pantum\/","name":"Generador de Reset Pantum Chipless | NoChip | t\u00f3ner y tambor siempre 100% - ResetFix","isPartOf":{"@id":"https:\/\/resetfix.com\/es\/#website"},"datePublished":"2025-04-13T01:50:36+00:00","dateModified":"2025-12-01T16:23:27+00:00","description":"Resetear impresoras Pantum: t\u00f3ner y tambor SIEMPRE al 100 %. Ahora puede usar su impresora sin chips. Firmware sin chip (chipless). NoChip.","breadcrumb":{"@id":"https:\/\/resetfix.com\/es\/generador-de-reset-pantum\/#breadcrumb"},"inLanguage":"es","potentialAction":[{"@type":"ReadAction","target":["https:\/\/resetfix.com\/es\/generador-de-reset-pantum\/"]}]},{"@type":"BreadcrumbList","@id":"https:\/\/resetfix.com\/es\/generador-de-reset-pantum\/#breadcrumb","itemListElement":[{"@type":"ListItem","position":1,"name":"In\u00edcio","item":"https:\/\/resetfix.com\/es\/"},{"@type":"ListItem","position":2,"name":"Generador de Reset Pantum Chipless | NoChip | t\u00f3ner y tambor siempre 100%"}]},{"@type":"WebSite","@id":"https:\/\/resetfix.com\/es\/#website","url":"https:\/\/resetfix.com\/es\/","name":"ResetFix","description":"Firmwares de v\u00e1rios modelos de impressoras e multifuncionais compat\u00edveis","publisher":{"@id":"https:\/\/resetfix.com\/es\/#organization"},"potentialAction":[{"@type":"SearchAction","target":{"@type":"EntryPoint","urlTemplate":"https:\/\/resetfix.com\/es\/?s={search_term_string}"},"query-input":{"@type":"PropertyValueSpecification","valueRequired":true,"valueName":"search_term_string"}}],"inLanguage":"es"},{"@type":"Organization","@id":"https:\/\/resetfix.com\/es\/#organization","name":"ResetFix -Firmware Fix","alternateName":"Resetfix","url":"https:\/\/resetfix.com\/es\/","logo":{"@type":"ImageObject","inLanguage":"es","@id":"https:\/\/resetfix.com\/es\/#\/schema\/logo\/image\/","url":"https:\/\/resetfix.com\/wp-content\/uploads\/2025\/03\/logo-reset-fix-1.png","contentUrl":"https:\/\/resetfix.com\/wp-content\/uploads\/2025\/03\/logo-reset-fix-1.png","width":876,"height":887,"caption":"ResetFix -Firmware Fix"},"image":{"@id":"https:\/\/resetfix.com\/es\/#\/schema\/logo\/image\/"},"sameAs":["https:\/\/lista.mercadolivre.com.br\/_CustId_698846821?item_id=MLB5126494038&category_id=MLB271870&seller_id=698846821&client=recoview-selleritems&recos_listing=true#origin=vip&component=sellerData&typeSeller=classic"],"description":"Resetfix.com \u00e9 um servi\u00e7o de gera\u00e7\u00e3o online de firmware para impressoras a laser","email":"resetfixbr@gmail.com","telephone":"37998273278","legalName":"Resetfix","foundingDate":"2025-01-26","vatID":"52482588000160","numberOfEmployees":{"@type":"QuantitativeValue","minValue":"1","maxValue":"10"},"actionableFeedbackPolicy":"https:\/\/resetfix.com\/politica-de-privacidade\/"},{"@type":"Person","@id":"https:\/\/resetfix.com\/es\/#\/schema\/person\/19a5fa056777f2b87306196913ce2cb5","name":"resetfix","image":{"@type":"ImageObject","inLanguage":"es","@id":"https:\/\/resetfix.com\/es\/#\/schema\/person\/image\/","url":"https:\/\/resetfix.com\/wp-content\/litespeed\/avatar\/533bc700ff5ac55749d3b7cc83a3abce.jpg?ver=1776654472","contentUrl":"https:\/\/resetfix.com\/wp-content\/litespeed\/avatar\/533bc700ff5ac55749d3b7cc83a3abce.jpg?ver=1776654472","caption":"resetfix"},"sameAs":["https:\/\/resetfix.com"],"url":"https:\/\/resetfix.com\/es\/author\/resetfix\/"}]}},"uagb_featured_image_src":{"full":false,"thumbnail":false,"medium":false,"medium_large":false,"large":false,"1536x1536":false,"2048x2048":false,"woocommerce_thumbnail":false,"woocommerce_single":false,"woocommerce_gallery_thumbnail":false},"uagb_author_info":{"display_name":"resetfix","author_link":"https:\/\/resetfix.com\/es\/author\/resetfix\/"},"uagb_comment_info":0,"uagb_excerpt":"Si el programa falla, no responde o se produce un error, comun\u00edquese con el soporte t\u00e9cnico. Instrucciones Recibir\u00e1 un archivo [&hellip;]","_links":{"self":[{"href":"https:\/\/resetfix.com\/es\/wp-json\/wp\/v2\/pages\/932","targetHints":{"allow":["GET"]}}],"collection":[{"href":"https:\/\/resetfix.com\/es\/wp-json\/wp\/v2\/pages"}],"about":[{"href":"https:\/\/resetfix.com\/es\/wp-json\/wp\/v2\/types\/page"}],"author":[{"embeddable":true,"href":"https:\/\/resetfix.com\/es\/wp-json\/wp\/v2\/users\/1"}],"replies":[{"embeddable":true,"href":"https:\/\/resetfix.com\/es\/wp-json\/wp\/v2\/comments?post=932"}],"version-history":[{"count":7,"href":"https:\/\/resetfix.com\/es\/wp-json\/wp\/v2\/pages\/932\/revisions"}],"predecessor-version":[{"id":1588,"href":"https:\/\/resetfix.com\/es\/wp-json\/wp\/v2\/pages\/932\/revisions\/1588"}],"wp:attachment":[{"href":"https:\/\/resetfix.com\/es\/wp-json\/wp\/v2\/media?parent=932"}],"curies":[{"name":"wp","href":"https:\/\/api.w.org\/{rel}","templated":true}]}}