{"id":941,"date":"2025-03-21T22:30:49","date_gmt":"2025-03-22T01:30:49","guid":{"rendered":"https:\/\/resetfix.com\/modelos-compatibles\/"},"modified":"2025-03-21T22:30:49","modified_gmt":"2025-03-22T01:30:49","slug":"modelos-compatibles","status":"publish","type":"page","link":"https:\/\/resetfix.com\/es\/modelos-compatibles\/","title":{"rendered":"Modelos Compatibles"},"content":{"rendered":"\n<div style=\"height:46px\" aria-hidden=\"true\" class=\"wp-block-spacer\"><\/div>\n\n\n\n<h1 class=\"wp-block-heading has-text-align-center\" id=\"h-modelos-compativeis\">Modelos Compatibles<\/h1>\n\n\n\n<figure class=\"wp-block-table is-style-stripes\"><table class=\"has-ast-global-color-3-color has-cyan-bluish-gray-background-color has-text-color has-background has-link-color has-fixed-layout\"><thead><tr><th class=\"has-text-align-center\" data-align=\"center\">Modelos<\/th><\/tr><\/thead><tbody><tr><td class=\"has-text-align-center\" data-align=\"center\"><strong>Pantum M6200N Series<\/strong><\/td><\/tr><tr><td class=\"has-text-align-center\" data-align=\"center\"><strong>Pantum M6200W Series<\/strong><\/td><\/tr><tr><td class=\"has-text-align-center\" data-align=\"center\"><strong>Pantum M6200NW Series<\/strong><\/td><\/tr><tr><td class=\"has-text-align-center\" data-align=\"center\"><strong>Pantum M6500 Series<\/strong><\/td><\/tr><tr><td class=\"has-text-align-center\" data-align=\"center\"><strong>Pantum M6500N Series<\/strong><\/td><\/tr><tr><td class=\"has-text-align-center\" data-align=\"center\"><strong>Pantum M6500W Series<\/strong><\/td><\/tr><tr><td class=\"has-text-align-center\" data-align=\"center\"><strong>Pantum M6500NW Series<\/strong><\/td><\/tr><tr><td class=\"has-text-align-center\" data-align=\"center\"><strong>Pantum M6550 Series<\/strong><\/td><\/tr><tr><td class=\"has-text-align-center\" data-align=\"center\"><strong>Pantum M6550W Series<\/strong><\/td><\/tr><tr><td class=\"has-text-align-center\" data-align=\"center\"><strong>Pantum M6550NW Series<\/strong><\/td><\/tr><tr><td class=\"has-text-align-center\" data-align=\"center\"><strong>Pantum M6600 Series<\/strong><\/td><\/tr><tr><td class=\"has-text-align-center\" data-align=\"center\"><strong>Pantum M6600N Series<\/strong><\/td><\/tr><tr><td class=\"has-text-align-center\" data-align=\"center\"><strong>Pantum M6600W Series<\/strong><\/td><\/tr><tr><td class=\"has-text-align-center\" data-align=\"center\"><strong>Pantum M6600NW Series<\/strong><\/td><\/tr><tr><td class=\"has-text-align-center\" data-align=\"center\"><strong>Pantum M6700DW Series<\/strong><\/td><\/tr><tr><td class=\"has-text-align-center\" data-align=\"center\"><strong>Pantum M6800FDW Series<\/strong><\/td><\/tr><tr><td class=\"has-text-align-center\" data-align=\"center\"><strong>Pantum M7100DN Series<\/strong><\/td><\/tr><tr><td class=\"has-text-align-center\" data-align=\"center\"><strong>Pantum M7100DW Series<\/strong><\/td><\/tr><tr><td class=\"has-text-align-center\" data-align=\"center\"><strong>Pantum M7200FD Series<\/strong><\/td><\/tr><tr><td class=\"has-text-align-center\" data-align=\"center\"><strong>Pantum M7200FDN Series<\/strong><\/td><\/tr><tr><td class=\"has-text-align-center\" data-align=\"center\"><strong>Pantum M7200FDW Series<\/strong><\/td><\/tr><tr><td class=\"has-text-align-center\" data-align=\"center\"><strong>Pantum P2200\/2207<\/strong><\/td><\/tr><tr><td class=\"has-text-align-center\" data-align=\"center\"><strong>Pantum P2200W<\/strong><\/td><\/tr><tr><td class=\"has-text-align-center\" data-align=\"center\"><strong>Pantum P2200NW<\/strong><\/td><\/tr><tr><td class=\"has-text-align-center\" data-align=\"center\"><strong>Pantum P2210W<\/strong><\/td><\/tr><tr><td class=\"has-text-align-center\" data-align=\"center\"><strong>Pantum P2500\/2502\/2507<\/strong><\/td><\/tr><tr><td class=\"has-text-align-center\" data-align=\"center\"><strong>Pantum P2500W\/2502W<\/strong><\/td><\/tr><tr><td class=\"has-text-align-center\" data-align=\"center\"><strong>Pantum P2500NW<\/strong><\/td><\/tr><tr><td class=\"has-text-align-center\" data-align=\"center\"><strong>Pantum P2516\/2518<\/strong><\/td><\/tr><tr><td class=\"has-text-align-center\" data-align=\"center\"><strong>Pantum P3010D<\/strong><\/td><\/tr><tr><td class=\"has-text-align-center\" data-align=\"center\"><strong>Pantum P3010DW<\/strong><\/td><\/tr><tr><td class=\"has-text-align-center\" data-align=\"center\"><strong>Pantum P3020D<\/strong><\/td><\/tr><tr><td class=\"has-text-align-center\" data-align=\"center\"><strong>Pantum P3020DWS<\/strong><\/td><\/tr><tr><td class=\"has-text-align-center\" data-align=\"center\"><strong>Pantum P3300<\/strong><\/td><\/tr><tr><td class=\"has-text-align-center\" data-align=\"center\"><strong>Pantum P3300DN<\/strong><\/td><\/tr><tr><td class=\"has-text-align-center\" data-align=\"center\"><strong>Pantum P3300DW<\/strong><\/td><\/tr><tr><td class=\"has-text-align-center\" data-align=\"center\"><strong>Pantum P3301DN<\/strong><\/td><\/tr><tr><td class=\"has-text-align-center\" data-align=\"center\"><strong>Pantum P3320D<\/strong><\/td><\/tr><tr><td class=\"has-text-align-center\" data-align=\"center\"><strong>Pantum P3320DWS<\/strong><\/td><\/tr><tr><td class=\"has-text-align-center\" data-align=\"center\"><strong>Pantum P3370DN<\/strong><\/td><\/tr><tr><td class=\"has-text-align-center\" data-align=\"center\"><strong>Pantum BP1800<\/strong><\/td><\/tr><tr><td class=\"has-text-align-center\" data-align=\"center\"><strong>Pantum BP2300<\/strong><\/td><\/tr><tr><td class=\"has-text-align-center\" data-align=\"center\"><strong>Pantum M6202W<\/strong><\/td><\/tr><tr><td class=\"has-text-align-center\" data-align=\"center\"><strong>Pantum M6208W<\/strong><\/td><\/tr><tr><td class=\"has-text-align-center\" data-align=\"center\"><strong>Pantum M6700D Series v4<\/strong><\/td><\/tr><tr><td class=\"has-text-align-center\" data-align=\"center\"><strong>Pantum M6703DW<\/strong><\/td><\/tr><tr><td class=\"has-text-align-center\" data-align=\"center\"><strong>Pantum M7103DW<\/strong><\/td><\/tr><tr><td class=\"has-text-align-center\" data-align=\"center\"><strong>Pantum M7300FDN Series<\/strong><\/td><\/tr><tr><td class=\"has-text-align-center\" data-align=\"center\"><strong>Pantum M7300FDW Series<\/strong><\/td><\/tr><tr><td class=\"has-text-align-center\" data-align=\"center\"><strong>Pantum M7310DN Series<\/strong><\/td><\/tr><tr><td class=\"has-text-align-center\" data-align=\"center\"><strong>Pantum M7310DW Series<\/strong><\/td><\/tr><tr><td class=\"has-text-align-center\" data-align=\"center\"><strong>Pantum BM1800W<\/strong><\/td><\/tr><tr><td class=\"has-text-align-center\" data-align=\"center\"><strong>Pantum BM2300<\/strong><\/td><\/tr><tr><td class=\"has-text-align-center\" data-align=\"center\"><strong>Pantum BM2300A<\/strong><\/td><\/tr><tr><td class=\"has-text-align-center\" data-align=\"center\"><strong>Pantum BM2300W<\/strong><\/td><\/tr><tr><td class=\"has-text-align-center\" data-align=\"center\"><strong>Pantum BM2300AW<\/strong><\/td><\/tr><tr><td class=\"has-text-align-center\" data-align=\"center\"><strong>Pantum BM5100ADN Series<\/strong><\/td><\/tr><tr><td class=\"has-text-align-center\" data-align=\"center\"><strong>Pantum BM5100ADW Series<\/strong><\/td><\/tr><tr><td class=\"has-text-align-center\" data-align=\"center\"><strong>Pantum BM5100A Series v4<\/strong><\/td><\/tr><tr><td class=\"has-text-align-center\" data-align=\"center\"><strong>Pantum BM5100FDN Series<\/strong><\/td><\/tr><tr><td class=\"has-text-align-center\" data-align=\"center\"><strong>Pantum BM5100FDW Series<\/strong><\/td><\/tr><tr><td class=\"has-text-align-center\" data-align=\"center\"><strong>Pantum BM5200A Series<\/strong><\/td><\/tr><tr><td class=\"has-text-align-center\" data-align=\"center\"><strong>Pantum CM1100DN Series<\/strong><\/td><\/tr><tr><td class=\"has-text-align-center\" data-align=\"center\"><strong>Pantum CM1100DW Series<\/strong><\/td><\/tr><tr><td class=\"has-text-align-center\" data-align=\"center\"><strong>Pantum CM1100ADN Series<\/strong><\/td><\/tr><tr><td class=\"has-text-align-center\" data-align=\"center\"><strong>Pantum CM1100ADW Series<\/strong><\/td><\/tr><tr><td class=\"has-text-align-center\" data-align=\"center\"><strong>Pantum P2206W<\/strong><\/td><\/tr><tr><td class=\"has-text-align-center\" data-align=\"center\"><strong>Pantum BP2300W<\/strong><\/td><\/tr><tr><td class=\"has-text-align-center\" data-align=\"center\"><strong>Pantum BP5100DN<\/strong><\/td><\/tr><tr><td class=\"has-text-align-center\" data-align=\"center\"><strong>Pantum BP5100DW<\/strong><\/td><\/tr><tr><td class=\"has-text-align-center\" data-align=\"center\"><strong>Pantum BP5100D v4<\/strong><\/td><\/tr><tr><td class=\"has-text-align-center\" data-align=\"center\"><strong>Pantum BP5200D<\/strong><\/td><\/tr><tr><td class=\"has-text-align-center\" data-align=\"center\"><strong>Pantum CP1100<\/strong><\/td><\/tr><tr><td class=\"has-text-align-center\" data-align=\"center\"><strong>Pantum CP1100DN<\/strong><\/td><\/tr><tr><td class=\"has-text-align-center\" data-align=\"center\"><strong>Pantum CP1100DW<\/strong><\/td><\/tr><\/tbody><\/table><\/figure>\n","protected":false},"excerpt":{"rendered":"<p>Modelos Compatibles Modelos Pantum M6200N Series Pantum M6200W Series Pantum M6200NW Series Pantum M6500 Series Pantum M6500N Series Pantum M6500W [&hellip;]<\/p>\n","protected":false},"author":1,"featured_media":0,"parent":0,"menu_order":0,"comment_status":"closed","ping_status":"closed","template":"","meta":{"_uag_custom_page_level_css":"","site-sidebar-layout":"default","site-content-layout":"","ast-site-content-layout":"","site-content-style":"default","site-sidebar-style":"default","ast-global-header-display":"","ast-banner-title-visibility":"","ast-main-header-display":"","ast-hfb-above-header-display":"","ast-hfb-below-header-display":"","ast-hfb-mobile-header-display":"","site-post-title":"disabled","ast-breadcrumbs-content":"","ast-featured-img":"","footer-sml-layout":"","ast-disable-related-posts":"","theme-transparent-header-meta":"","adv-header-id-meta":"","stick-header-meta":"","header-above-stick-meta":"","header-main-stick-meta":"","header-below-stick-meta":"","astra-migrate-meta-layouts":"default","ast-page-background-enabled":"default","ast-page-background-meta":{"desktop":{"background-color":"var(--ast-global-color-5)","background-image":"","background-repeat":"repeat","background-position":"center center","background-size":"auto","background-attachment":"scroll","background-type":"","background-media":"","overlay-type":"","overlay-color":"","overlay-opacity":"","overlay-gradient":""},"tablet":{"background-color":"","background-image":"","background-repeat":"repeat","background-position":"center center","background-size":"auto","background-attachment":"scroll","background-type":"","background-media":"","overlay-type":"","overlay-color":"","overlay-opacity":"","overlay-gradient":""},"mobile":{"background-color":"","background-image":"","background-repeat":"repeat","background-position":"center center","background-size":"auto","background-attachment":"scroll","background-type":"","background-media":"","overlay-type":"","overlay-color":"","overlay-opacity":"","overlay-gradient":""}},"ast-content-background-meta":{"desktop":{"background-color":"var(--ast-global-color-4)","background-image":"","background-repeat":"repeat","background-position":"center center","background-size":"auto","background-attachment":"scroll","background-type":"","background-media":"","overlay-type":"","overlay-color":"","overlay-opacity":"","overlay-gradient":""},"tablet":{"background-color":"var(--ast-global-color-4)","background-image":"","background-repeat":"repeat","background-position":"center center","background-size":"auto","background-attachment":"scroll","background-type":"","background-media":"","overlay-type":"","overlay-color":"","overlay-opacity":"","overlay-gradient":""},"mobile":{"background-color":"var(--ast-global-color-4)","background-image":"","background-repeat":"repeat","background-position":"center center","background-size":"auto","background-attachment":"scroll","background-type":"","background-media":"","overlay-type":"","overlay-color":"","overlay-opacity":"","overlay-gradient":""}},"footnotes":""},"class_list":["post-941","page","type-page","status-publish","hentry"],"yoast_head":"<!-- This site is optimized with the Yoast SEO Premium plugin v24.7 (Yoast SEO v24.7) - https:\/\/yoast.com\/wordpress\/plugins\/seo\/ -->\n<title>Modelos Compatibles - ResetFix<\/title>\n<meta name=\"description\" content=\"Modelos Pantum compatibles con el reset: pantum m7100 bm5100 p2500w p3300 m7310dw m7105 m6550nw m6500 m6559\" \/>\n<meta name=\"robots\" content=\"index, follow, max-snippet:-1, max-image-preview:large, max-video-preview:-1\" \/>\n<link rel=\"canonical\" href=\"https:\/\/resetfix.com\/es\/modelos-compatibles\/\" \/>\n<meta property=\"og:locale\" content=\"es_ES\" \/>\n<meta property=\"og:type\" content=\"article\" \/>\n<meta property=\"og:title\" content=\"Modelos Compatibles\" \/>\n<meta property=\"og:description\" content=\"Gera\u00e7\u00e3o de firmware para impressoras a laser.\" \/>\n<meta property=\"og:url\" content=\"https:\/\/resetfix.com\/es\/modelos-compatibles\/\" \/>\n<meta property=\"og:site_name\" content=\"ResetFix\" \/>\n<meta property=\"og:image\" content=\"https:\/\/resetfix.com\/wp-content\/uploads\/2025\/03\/logo-reset-fix-1.png\" \/>\n\t<meta property=\"og:image:width\" content=\"876\" \/>\n\t<meta property=\"og:image:height\" content=\"887\" \/>\n\t<meta property=\"og:image:type\" content=\"image\/png\" \/>\n<meta name=\"twitter:card\" content=\"summary_large_image\" \/>\n<meta name=\"twitter:label1\" content=\"Tiempo de lectura\" \/>\n\t<meta name=\"twitter:data1\" content=\"1 minuto\" \/>\n<script type=\"application\/ld+json\" class=\"yoast-schema-graph\">{\"@context\":\"https:\/\/schema.org\",\"@graph\":[{\"@type\":\"TechArticle\",\"@id\":\"https:\/\/resetfix.com\/es\/modelos-compatibles\/#article\",\"isPartOf\":{\"@id\":\"https:\/\/resetfix.com\/es\/modelos-compatibles\/\"},\"author\":{\"name\":\"resetfix\",\"@id\":\"https:\/\/resetfix.com\/es\/#\/schema\/person\/19a5fa056777f2b87306196913ce2cb5\"},\"headline\":\"Modelos Compatibles\",\"datePublished\":\"2025-03-22T01:30:49+00:00\",\"mainEntityOfPage\":{\"@id\":\"https:\/\/resetfix.com\/es\/modelos-compatibles\/\"},\"wordCount\":259,\"publisher\":{\"@id\":\"https:\/\/resetfix.com\/es\/#organization\"},\"inLanguage\":\"es\"},{\"@type\":\"WebPage\",\"@id\":\"https:\/\/resetfix.com\/es\/modelos-compatibles\/\",\"url\":\"https:\/\/resetfix.com\/es\/modelos-compatibles\/\",\"name\":\"Modelos Compatibles - ResetFix\",\"isPartOf\":{\"@id\":\"https:\/\/resetfix.com\/es\/#website\"},\"datePublished\":\"2025-03-22T01:30:49+00:00\",\"description\":\"Modelos Pantum compatibles con el reset: pantum m7100 bm5100 p2500w p3300 m7310dw m7105 m6550nw m6500 m6559\",\"breadcrumb\":{\"@id\":\"https:\/\/resetfix.com\/es\/modelos-compatibles\/#breadcrumb\"},\"inLanguage\":\"es\",\"potentialAction\":[{\"@type\":\"ReadAction\",\"target\":[\"https:\/\/resetfix.com\/es\/modelos-compatibles\/\"]}]},{\"@type\":\"BreadcrumbList\",\"@id\":\"https:\/\/resetfix.com\/es\/modelos-compatibles\/#breadcrumb\",\"itemListElement\":[{\"@type\":\"ListItem\",\"position\":1,\"name\":\"In\u00edcio\",\"item\":\"https:\/\/resetfix.com\/es\/\"},{\"@type\":\"ListItem\",\"position\":2,\"name\":\"Modelos Compatibles\"}]},{\"@type\":\"WebSite\",\"@id\":\"https:\/\/resetfix.com\/es\/#website\",\"url\":\"https:\/\/resetfix.com\/es\/\",\"name\":\"ResetFix\",\"description\":\"Firmwares de v\u00e1rios modelos de impressoras e multifuncionais compat\u00edveis\",\"publisher\":{\"@id\":\"https:\/\/resetfix.com\/es\/#organization\"},\"potentialAction\":[{\"@type\":\"SearchAction\",\"target\":{\"@type\":\"EntryPoint\",\"urlTemplate\":\"https:\/\/resetfix.com\/es\/?s={search_term_string}\"},\"query-input\":{\"@type\":\"PropertyValueSpecification\",\"valueRequired\":true,\"valueName\":\"search_term_string\"}}],\"inLanguage\":\"es\"},{\"@type\":\"Organization\",\"@id\":\"https:\/\/resetfix.com\/es\/#organization\",\"name\":\"ResetFix -Firmware Fix\",\"alternateName\":\"Resetfix\",\"url\":\"https:\/\/resetfix.com\/es\/\",\"logo\":{\"@type\":\"ImageObject\",\"inLanguage\":\"es\",\"@id\":\"https:\/\/resetfix.com\/es\/#\/schema\/logo\/image\/\",\"url\":\"https:\/\/resetfix.com\/wp-content\/uploads\/2025\/03\/logo-reset-fix-1.png\",\"contentUrl\":\"https:\/\/resetfix.com\/wp-content\/uploads\/2025\/03\/logo-reset-fix-1.png\",\"width\":876,\"height\":887,\"caption\":\"ResetFix -Firmware Fix\"},\"image\":{\"@id\":\"https:\/\/resetfix.com\/es\/#\/schema\/logo\/image\/\"},\"sameAs\":[\"https:\/\/lista.mercadolivre.com.br\/_CustId_698846821?item_id=MLB5126494038&category_id=MLB271870&seller_id=698846821&client=recoview-selleritems&recos_listing=true#origin=vip&component=sellerData&typeSeller=classic\"],\"description\":\"Resetfix.com \u00e9 um servi\u00e7o de gera\u00e7\u00e3o online de firmware para impressoras a laser\",\"email\":\"resetfixbr@gmail.com\",\"telephone\":\"37998273278\",\"legalName\":\"Resetfix\",\"foundingDate\":\"2025-01-26\",\"vatID\":\"52482588000160\",\"numberOfEmployees\":{\"@type\":\"QuantitativeValue\",\"minValue\":\"1\",\"maxValue\":\"10\"},\"actionableFeedbackPolicy\":\"https:\/\/resetfix.com\/politica-de-privacidade\/\"},{\"@type\":\"Person\",\"@id\":\"https:\/\/resetfix.com\/es\/#\/schema\/person\/19a5fa056777f2b87306196913ce2cb5\",\"name\":\"resetfix\",\"image\":{\"@type\":\"ImageObject\",\"inLanguage\":\"es\",\"@id\":\"https:\/\/resetfix.com\/es\/#\/schema\/person\/image\/\",\"url\":\"https:\/\/resetfix.com\/wp-content\/litespeed\/avatar\/533bc700ff5ac55749d3b7cc83a3abce.jpg?ver=1776654472\",\"contentUrl\":\"https:\/\/resetfix.com\/wp-content\/litespeed\/avatar\/533bc700ff5ac55749d3b7cc83a3abce.jpg?ver=1776654472\",\"caption\":\"resetfix\"},\"sameAs\":[\"https:\/\/resetfix.com\"],\"url\":\"https:\/\/resetfix.com\/es\/author\/resetfix\/\"}]}<\/script>\n<!-- \/ Yoast SEO Premium plugin. -->","yoast_head_json":{"title":"Modelos Compatibles - ResetFix","description":"Modelos Pantum compatibles con el reset: pantum m7100 bm5100 p2500w p3300 m7310dw m7105 m6550nw m6500 m6559","robots":{"index":"index","follow":"follow","max-snippet":"max-snippet:-1","max-image-preview":"max-image-preview:large","max-video-preview":"max-video-preview:-1"},"canonical":"https:\/\/resetfix.com\/es\/modelos-compatibles\/","og_locale":"es_ES","og_type":"article","og_title":"Modelos Compatibles","og_description":"Gera\u00e7\u00e3o de firmware para impressoras a laser.","og_url":"https:\/\/resetfix.com\/es\/modelos-compatibles\/","og_site_name":"ResetFix","og_image":[{"width":876,"height":887,"url":"https:\/\/resetfix.com\/wp-content\/uploads\/2025\/03\/logo-reset-fix-1.png","type":"image\/png"}],"twitter_card":"summary_large_image","twitter_misc":{"Tiempo de lectura":"1 minuto"},"schema":{"@context":"https:\/\/schema.org","@graph":[{"@type":"TechArticle","@id":"https:\/\/resetfix.com\/es\/modelos-compatibles\/#article","isPartOf":{"@id":"https:\/\/resetfix.com\/es\/modelos-compatibles\/"},"author":{"name":"resetfix","@id":"https:\/\/resetfix.com\/es\/#\/schema\/person\/19a5fa056777f2b87306196913ce2cb5"},"headline":"Modelos Compatibles","datePublished":"2025-03-22T01:30:49+00:00","mainEntityOfPage":{"@id":"https:\/\/resetfix.com\/es\/modelos-compatibles\/"},"wordCount":259,"publisher":{"@id":"https:\/\/resetfix.com\/es\/#organization"},"inLanguage":"es"},{"@type":"WebPage","@id":"https:\/\/resetfix.com\/es\/modelos-compatibles\/","url":"https:\/\/resetfix.com\/es\/modelos-compatibles\/","name":"Modelos Compatibles - ResetFix","isPartOf":{"@id":"https:\/\/resetfix.com\/es\/#website"},"datePublished":"2025-03-22T01:30:49+00:00","description":"Modelos Pantum compatibles con el reset: pantum m7100 bm5100 p2500w p3300 m7310dw m7105 m6550nw m6500 m6559","breadcrumb":{"@id":"https:\/\/resetfix.com\/es\/modelos-compatibles\/#breadcrumb"},"inLanguage":"es","potentialAction":[{"@type":"ReadAction","target":["https:\/\/resetfix.com\/es\/modelos-compatibles\/"]}]},{"@type":"BreadcrumbList","@id":"https:\/\/resetfix.com\/es\/modelos-compatibles\/#breadcrumb","itemListElement":[{"@type":"ListItem","position":1,"name":"In\u00edcio","item":"https:\/\/resetfix.com\/es\/"},{"@type":"ListItem","position":2,"name":"Modelos Compatibles"}]},{"@type":"WebSite","@id":"https:\/\/resetfix.com\/es\/#website","url":"https:\/\/resetfix.com\/es\/","name":"ResetFix","description":"Firmwares de v\u00e1rios modelos de impressoras e multifuncionais compat\u00edveis","publisher":{"@id":"https:\/\/resetfix.com\/es\/#organization"},"potentialAction":[{"@type":"SearchAction","target":{"@type":"EntryPoint","urlTemplate":"https:\/\/resetfix.com\/es\/?s={search_term_string}"},"query-input":{"@type":"PropertyValueSpecification","valueRequired":true,"valueName":"search_term_string"}}],"inLanguage":"es"},{"@type":"Organization","@id":"https:\/\/resetfix.com\/es\/#organization","name":"ResetFix -Firmware Fix","alternateName":"Resetfix","url":"https:\/\/resetfix.com\/es\/","logo":{"@type":"ImageObject","inLanguage":"es","@id":"https:\/\/resetfix.com\/es\/#\/schema\/logo\/image\/","url":"https:\/\/resetfix.com\/wp-content\/uploads\/2025\/03\/logo-reset-fix-1.png","contentUrl":"https:\/\/resetfix.com\/wp-content\/uploads\/2025\/03\/logo-reset-fix-1.png","width":876,"height":887,"caption":"ResetFix -Firmware Fix"},"image":{"@id":"https:\/\/resetfix.com\/es\/#\/schema\/logo\/image\/"},"sameAs":["https:\/\/lista.mercadolivre.com.br\/_CustId_698846821?item_id=MLB5126494038&category_id=MLB271870&seller_id=698846821&client=recoview-selleritems&recos_listing=true#origin=vip&component=sellerData&typeSeller=classic"],"description":"Resetfix.com \u00e9 um servi\u00e7o de gera\u00e7\u00e3o online de firmware para impressoras a laser","email":"resetfixbr@gmail.com","telephone":"37998273278","legalName":"Resetfix","foundingDate":"2025-01-26","vatID":"52482588000160","numberOfEmployees":{"@type":"QuantitativeValue","minValue":"1","maxValue":"10"},"actionableFeedbackPolicy":"https:\/\/resetfix.com\/politica-de-privacidade\/"},{"@type":"Person","@id":"https:\/\/resetfix.com\/es\/#\/schema\/person\/19a5fa056777f2b87306196913ce2cb5","name":"resetfix","image":{"@type":"ImageObject","inLanguage":"es","@id":"https:\/\/resetfix.com\/es\/#\/schema\/person\/image\/","url":"https:\/\/resetfix.com\/wp-content\/litespeed\/avatar\/533bc700ff5ac55749d3b7cc83a3abce.jpg?ver=1776654472","contentUrl":"https:\/\/resetfix.com\/wp-content\/litespeed\/avatar\/533bc700ff5ac55749d3b7cc83a3abce.jpg?ver=1776654472","caption":"resetfix"},"sameAs":["https:\/\/resetfix.com"],"url":"https:\/\/resetfix.com\/es\/author\/resetfix\/"}]}},"uagb_featured_image_src":{"full":false,"thumbnail":false,"medium":false,"medium_large":false,"large":false,"1536x1536":false,"2048x2048":false,"woocommerce_thumbnail":false,"woocommerce_single":false,"woocommerce_gallery_thumbnail":false},"uagb_author_info":{"display_name":"resetfix","author_link":"https:\/\/resetfix.com\/es\/author\/resetfix\/"},"uagb_comment_info":0,"uagb_excerpt":"Modelos Compatibles Modelos Pantum M6200N Series Pantum M6200W Series Pantum M6200NW Series Pantum M6500 Series Pantum M6500N Series Pantum M6500W [&hellip;]","_links":{"self":[{"href":"https:\/\/resetfix.com\/es\/wp-json\/wp\/v2\/pages\/941","targetHints":{"allow":["GET"]}}],"collection":[{"href":"https:\/\/resetfix.com\/es\/wp-json\/wp\/v2\/pages"}],"about":[{"href":"https:\/\/resetfix.com\/es\/wp-json\/wp\/v2\/types\/page"}],"author":[{"embeddable":true,"href":"https:\/\/resetfix.com\/es\/wp-json\/wp\/v2\/users\/1"}],"replies":[{"embeddable":true,"href":"https:\/\/resetfix.com\/es\/wp-json\/wp\/v2\/comments?post=941"}],"version-history":[{"count":0,"href":"https:\/\/resetfix.com\/es\/wp-json\/wp\/v2\/pages\/941\/revisions"}],"wp:attachment":[{"href":"https:\/\/resetfix.com\/es\/wp-json\/wp\/v2\/media?parent=941"}],"curies":[{"name":"wp","href":"https:\/\/api.w.org\/{rel}","templated":true}]}}