{"id":1013,"date":"2025-07-22T08:14:23","date_gmt":"2025-07-22T11:14:23","guid":{"rendered":"https:\/\/resetfix.com\/produto\/restablecer-samsung-sl-m2070w-m2070\/"},"modified":"2025-08-25T12:08:14","modified_gmt":"2025-08-25T15:08:14","slug":"reset-samsung-sl-m2070w-m2070","status":"publish","type":"product","link":"https:\/\/resetfix.com\/es\/producto\/reset-samsung-sl-m2070w-m2070\/","title":{"rendered":"Reset Samsung Sl-M2070w | M2070"},"content":{"rendered":"<p>\u00bfCansado de que su trabajo se vea interrumpido por los bloqueos de la impresora y el intercambio constante de chips? Tenemos la soluci\u00f3n. Con Reset Pro, reset su impresora una vez y pone fin a esa preocupaci\u00f3n de una vez por todas. Nuestro sistema 100% seguro eleva los contadores de t\u00f3ner al 100% de forma permanente, lo que le permite usar su equipo en cualquier computadora, sin costos adicionales de chip.<\/p>\n","protected":false},"excerpt":{"rendered":"<p>\u00bfCansado de que su trabajo se vea interrumpido por los bloqueos de la impresora y el intercambio constante de chips? Tenemos la soluci\u00f3n. Con Reset Pro, reset su impresora una vez y pone fin a esa preocupaci\u00f3n de una vez por todas. Nuestro sistema 100% seguro eleva los contadores de t\u00f3ner al 100% de forma permanente, lo que le permite usar su equipo en cualquier computadora, sin costos adicionales de chip.<\/p>\n","protected":false},"featured_media":894,"template":"","meta":{"_uag_custom_page_level_css":"","site-sidebar-layout":"default","site-content-layout":"","ast-site-content-layout":"default","site-content-style":"default","site-sidebar-style":"default","ast-global-header-display":"","ast-banner-title-visibility":"","ast-main-header-display":"","ast-hfb-above-header-display":"","ast-hfb-below-header-display":"","ast-hfb-mobile-header-display":"","site-post-title":"","ast-breadcrumbs-content":"","ast-featured-img":"","footer-sml-layout":"","ast-disable-related-posts":"","theme-transparent-header-meta":"default","adv-header-id-meta":"","stick-header-meta":"","header-above-stick-meta":"","header-main-stick-meta":"","header-below-stick-meta":"","astra-migrate-meta-layouts":"set","ast-page-background-enabled":"default","ast-page-background-meta":{"desktop":{"background-color":"var(--ast-global-color-5)","background-image":"","background-repeat":"repeat","background-position":"center center","background-size":"auto","background-attachment":"scroll","background-type":"","background-media":"","overlay-type":"","overlay-color":"","overlay-opacity":"","overlay-gradient":""},"tablet":{"background-color":"","background-image":"","background-repeat":"repeat","background-position":"center center","background-size":"auto","background-attachment":"scroll","background-type":"","background-media":"","overlay-type":"","overlay-color":"","overlay-opacity":"","overlay-gradient":""},"mobile":{"background-color":"","background-image":"","background-repeat":"repeat","background-position":"center center","background-size":"auto","background-attachment":"scroll","background-type":"","background-media":"","overlay-type":"","overlay-color":"","overlay-opacity":"","overlay-gradient":""}},"ast-content-background-meta":{"desktop":{"background-color":"var(--ast-global-color-4)","background-image":"","background-repeat":"repeat","background-position":"center center","background-size":"auto","background-attachment":"scroll","background-type":"","background-media":"","overlay-type":"","overlay-color":"","overlay-opacity":"","overlay-gradient":""},"tablet":{"background-color":"var(--ast-global-color-4)","background-image":"","background-repeat":"repeat","background-position":"center center","background-size":"auto","background-attachment":"scroll","background-type":"","background-media":"","overlay-type":"","overlay-color":"","overlay-opacity":"","overlay-gradient":""},"mobile":{"background-color":"var(--ast-global-color-4)","background-image":"","background-repeat":"repeat","background-position":"center center","background-size":"auto","background-attachment":"scroll","background-type":"","background-media":"","overlay-type":"","overlay-color":"","overlay-opacity":"","overlay-gradient":""}}},"product_brand":[],"product_cat":[],"product_tag":[],"class_list":{"0":"post-1013","1":"product","2":"type-product","3":"status-publish","4":"has-post-thumbnail","6":"desktop-align-left","7":"tablet-align-left","8":"mobile-align-left","10":"first","11":"instock","12":"taxable","13":"shipping-taxable","14":"product-type-external"},"yoast_head":"<!-- This site is optimized with the Yoast SEO Premium plugin v24.7 (Yoast SEO v24.7) - https:\/\/yoast.com\/wordpress\/plugins\/seo\/ -->\n<title>Reset Samsung Sl-M2070w | M2070 - ResetFix<\/title>\n<meta name=\"description\" content=\"\u00bfCansado de que su trabajo se vea interrumpido por los bloqueos de la impresora y el intercambio constante de chips? Tenemos la soluci\u00f3n. Reset la impresora\" \/>\n<meta name=\"robots\" content=\"index, follow, max-snippet:-1, max-image-preview:large, max-video-preview:-1\" \/>\n<link rel=\"canonical\" href=\"https:\/\/resetfix.com\/es\/producto\/reset-samsung-sl-m2070w-m2070\/\" \/>\n<meta property=\"og:locale\" content=\"es_ES\" \/>\n<meta property=\"og:type\" content=\"article\" \/>\n<meta property=\"og:title\" content=\"Reset Samsung Sl-M2070w | M2070\" \/>\n<meta property=\"og:description\" content=\"\u00bfCansado de que su trabajo se vea interrumpido por los bloqueos de la impresora y el intercambio constante de chips? Tenemos la soluci\u00f3n. Reset la impresora\" \/>\n<meta property=\"og:url\" content=\"https:\/\/resetfix.com\/es\/producto\/reset-samsung-sl-m2070w-m2070\/\" \/>\n<meta property=\"og:site_name\" content=\"ResetFix\" \/>\n<meta property=\"article:modified_time\" content=\"2025-08-25T15:08:14+00:00\" \/>\n<meta property=\"og:image\" content=\"https:\/\/resetfix.com\/wp-content\/uploads\/2025\/07\/m2070.webp\" \/>\n\t<meta property=\"og:image:width\" content=\"1200\" \/>\n\t<meta property=\"og:image:height\" content=\"1200\" \/>\n\t<meta property=\"og:image:type\" content=\"image\/webp\" \/>\n<meta name=\"twitter:card\" content=\"summary_large_image\" \/>\n<meta name=\"twitter:label1\" content=\"Precio\" \/>\n\t<meta name=\"twitter:data1\" content=\"&#036;8.75\" \/>\n\t<meta name=\"twitter:label2\" content=\"Disponibilidad\" \/>\n\t<meta name=\"twitter:data2\" content=\"Disponible\" \/>\n<script type=\"application\/ld+json\" class=\"yoast-schema-graph\">{\"@context\":\"https:\/\/schema.org\",\"@graph\":[{\"@type\":\"WebPage\",\"@id\":\"https:\/\/resetfix.com\/es\/producto\/reset-samsung-sl-m2070w-m2070\/\",\"url\":\"https:\/\/resetfix.com\/es\/producto\/reset-samsung-sl-m2070w-m2070\/\",\"name\":\"Reset Samsung Sl-M2070w | M2070 - ResetFix\",\"isPartOf\":{\"@id\":\"https:\/\/resetfix.com\/es\/#website\"},\"primaryImageOfPage\":{\"@id\":\"https:\/\/resetfix.com\/es\/producto\/reset-samsung-sl-m2070w-m2070\/#primaryimage\"},\"image\":{\"@id\":\"https:\/\/resetfix.com\/es\/producto\/reset-samsung-sl-m2070w-m2070\/#primaryimage\"},\"thumbnailUrl\":\"https:\/\/resetfix.com\/wp-content\/uploads\/2025\/07\/m2070.webp\",\"datePublished\":\"2025-07-22T11:14:23+00:00\",\"dateModified\":\"2025-08-25T15:08:14+00:00\",\"description\":\"\u00bfCansado de que su trabajo se vea interrumpido por los bloqueos de la impresora y el intercambio constante de chips? Tenemos la soluci\u00f3n. Reset la impresora\",\"breadcrumb\":{\"@id\":\"https:\/\/resetfix.com\/es\/producto\/reset-samsung-sl-m2070w-m2070\/#breadcrumb\"},\"inLanguage\":\"es\",\"potentialAction\":[{\"@type\":\"ReadAction\",\"target\":[\"https:\/\/resetfix.com\/es\/producto\/reset-samsung-sl-m2070w-m2070\/\"]}]},{\"@type\":\"ImageObject\",\"inLanguage\":\"es\",\"@id\":\"https:\/\/resetfix.com\/es\/producto\/reset-samsung-sl-m2070w-m2070\/#primaryimage\",\"url\":\"https:\/\/resetfix.com\/wp-content\/uploads\/2025\/07\/m2070.webp\",\"contentUrl\":\"https:\/\/resetfix.com\/wp-content\/uploads\/2025\/07\/m2070.webp\",\"width\":1200,\"height\":1200},{\"@type\":\"BreadcrumbList\",\"@id\":\"https:\/\/resetfix.com\/es\/producto\/reset-samsung-sl-m2070w-m2070\/#breadcrumb\",\"itemListElement\":[{\"@type\":\"ListItem\",\"position\":1,\"name\":\"In\u00edcio\",\"item\":\"https:\/\/resetfix.com\/es\/\"},{\"@type\":\"ListItem\",\"position\":2,\"name\":\"Tienda\",\"item\":\"https:\/\/resetfix.com\/tienda\/\"},{\"@type\":\"ListItem\",\"position\":3,\"name\":\"Reset Samsung Sl-M2070w | M2070\"}]},{\"@type\":\"WebSite\",\"@id\":\"https:\/\/resetfix.com\/es\/#website\",\"url\":\"https:\/\/resetfix.com\/es\/\",\"name\":\"ResetFix\",\"description\":\"Firmwares de v\u00e1rios modelos de impressoras e multifuncionais compat\u00edveis\",\"publisher\":{\"@id\":\"https:\/\/resetfix.com\/es\/#organization\"},\"potentialAction\":[{\"@type\":\"SearchAction\",\"target\":{\"@type\":\"EntryPoint\",\"urlTemplate\":\"https:\/\/resetfix.com\/es\/?s={search_term_string}\"},\"query-input\":{\"@type\":\"PropertyValueSpecification\",\"valueRequired\":true,\"valueName\":\"search_term_string\"}}],\"inLanguage\":\"es\"},{\"@type\":\"Organization\",\"@id\":\"https:\/\/resetfix.com\/es\/#organization\",\"name\":\"ResetFix -Firmware Fix\",\"alternateName\":\"Resetfix\",\"url\":\"https:\/\/resetfix.com\/es\/\",\"logo\":{\"@type\":\"ImageObject\",\"inLanguage\":\"es\",\"@id\":\"https:\/\/resetfix.com\/es\/#\/schema\/logo\/image\/\",\"url\":\"https:\/\/resetfix.com\/wp-content\/uploads\/2025\/03\/logo-reset-fix-1.png\",\"contentUrl\":\"https:\/\/resetfix.com\/wp-content\/uploads\/2025\/03\/logo-reset-fix-1.png\",\"width\":876,\"height\":887,\"caption\":\"ResetFix -Firmware Fix\"},\"image\":{\"@id\":\"https:\/\/resetfix.com\/es\/#\/schema\/logo\/image\/\"},\"sameAs\":[\"https:\/\/lista.mercadolivre.com.br\/_CustId_698846821?item_id=MLB5126494038&category_id=MLB271870&seller_id=698846821&client=recoview-selleritems&recos_listing=true#origin=vip&component=sellerData&typeSeller=classic\"],\"description\":\"Resetfix.com \u00e9 um servi\u00e7o de gera\u00e7\u00e3o online de firmware para impressoras a laser\",\"email\":\"resetfixbr@gmail.com\",\"telephone\":\"37998273278\",\"legalName\":\"Resetfix\",\"foundingDate\":\"2025-01-26\",\"vatID\":\"52482588000160\",\"numberOfEmployees\":{\"@type\":\"QuantitativeValue\",\"minValue\":\"1\",\"maxValue\":\"10\"},\"actionableFeedbackPolicy\":\"https:\/\/resetfix.com\/politica-de-privacidade\/\"}]}<\/script>\n<meta property=\"product:price:amount\" content=\"8.75\" \/>\n<meta property=\"product:price:currency\" content=\"USD\" \/>\n<meta property=\"og:availability\" content=\"instock\" \/>\n<meta property=\"product:availability\" content=\"instock\" \/>\n<meta property=\"product:condition\" content=\"new\" \/>\n<!-- \/ Yoast SEO Premium plugin. -->","yoast_head_json":{"title":"Reset Samsung Sl-M2070w | M2070 - ResetFix","description":"\u00bfCansado de que su trabajo se vea interrumpido por los bloqueos de la impresora y el intercambio constante de chips? Tenemos la soluci\u00f3n. Reset la impresora","robots":{"index":"index","follow":"follow","max-snippet":"max-snippet:-1","max-image-preview":"max-image-preview:large","max-video-preview":"max-video-preview:-1"},"canonical":"https:\/\/resetfix.com\/es\/producto\/reset-samsung-sl-m2070w-m2070\/","og_locale":"es_ES","og_type":"article","og_title":"Reset Samsung Sl-M2070w | M2070","og_description":"\u00bfCansado de que su trabajo se vea interrumpido por los bloqueos de la impresora y el intercambio constante de chips? Tenemos la soluci\u00f3n. Reset la impresora","og_url":"https:\/\/resetfix.com\/es\/producto\/reset-samsung-sl-m2070w-m2070\/","og_site_name":"ResetFix","article_modified_time":"2025-08-25T15:08:14+00:00","og_image":[{"width":1200,"height":1200,"url":"https:\/\/resetfix.com\/wp-content\/uploads\/2025\/07\/m2070.webp","type":"image\/webp"}],"twitter_card":"summary_large_image","twitter_misc":{"Precio":"&#36;8.75","Disponibilidad":"Disponible"},"schema":{"@context":"https:\/\/schema.org","@graph":[{"@type":"WebPage","@id":"https:\/\/resetfix.com\/es\/producto\/reset-samsung-sl-m2070w-m2070\/","url":"https:\/\/resetfix.com\/es\/producto\/reset-samsung-sl-m2070w-m2070\/","name":"Reset Samsung Sl-M2070w | M2070 - ResetFix","isPartOf":{"@id":"https:\/\/resetfix.com\/es\/#website"},"primaryImageOfPage":{"@id":"https:\/\/resetfix.com\/es\/producto\/reset-samsung-sl-m2070w-m2070\/#primaryimage"},"image":{"@id":"https:\/\/resetfix.com\/es\/producto\/reset-samsung-sl-m2070w-m2070\/#primaryimage"},"thumbnailUrl":"https:\/\/resetfix.com\/wp-content\/uploads\/2025\/07\/m2070.webp","datePublished":"2025-07-22T11:14:23+00:00","dateModified":"2025-08-25T15:08:14+00:00","description":"\u00bfCansado de que su trabajo se vea interrumpido por los bloqueos de la impresora y el intercambio constante de chips? Tenemos la soluci\u00f3n. Reset la impresora","breadcrumb":{"@id":"https:\/\/resetfix.com\/es\/producto\/reset-samsung-sl-m2070w-m2070\/#breadcrumb"},"inLanguage":"es","potentialAction":[{"@type":"ReadAction","target":["https:\/\/resetfix.com\/es\/producto\/reset-samsung-sl-m2070w-m2070\/"]}]},{"@type":"ImageObject","inLanguage":"es","@id":"https:\/\/resetfix.com\/es\/producto\/reset-samsung-sl-m2070w-m2070\/#primaryimage","url":"https:\/\/resetfix.com\/wp-content\/uploads\/2025\/07\/m2070.webp","contentUrl":"https:\/\/resetfix.com\/wp-content\/uploads\/2025\/07\/m2070.webp","width":1200,"height":1200},{"@type":"BreadcrumbList","@id":"https:\/\/resetfix.com\/es\/producto\/reset-samsung-sl-m2070w-m2070\/#breadcrumb","itemListElement":[{"@type":"ListItem","position":1,"name":"In\u00edcio","item":"https:\/\/resetfix.com\/es\/"},{"@type":"ListItem","position":2,"name":"Tienda","item":"https:\/\/resetfix.com\/tienda\/"},{"@type":"ListItem","position":3,"name":"Reset Samsung Sl-M2070w | M2070"}]},{"@type":"WebSite","@id":"https:\/\/resetfix.com\/es\/#website","url":"https:\/\/resetfix.com\/es\/","name":"ResetFix","description":"Firmwares de v\u00e1rios modelos de impressoras e multifuncionais compat\u00edveis","publisher":{"@id":"https:\/\/resetfix.com\/es\/#organization"},"potentialAction":[{"@type":"SearchAction","target":{"@type":"EntryPoint","urlTemplate":"https:\/\/resetfix.com\/es\/?s={search_term_string}"},"query-input":{"@type":"PropertyValueSpecification","valueRequired":true,"valueName":"search_term_string"}}],"inLanguage":"es"},{"@type":"Organization","@id":"https:\/\/resetfix.com\/es\/#organization","name":"ResetFix -Firmware Fix","alternateName":"Resetfix","url":"https:\/\/resetfix.com\/es\/","logo":{"@type":"ImageObject","inLanguage":"es","@id":"https:\/\/resetfix.com\/es\/#\/schema\/logo\/image\/","url":"https:\/\/resetfix.com\/wp-content\/uploads\/2025\/03\/logo-reset-fix-1.png","contentUrl":"https:\/\/resetfix.com\/wp-content\/uploads\/2025\/03\/logo-reset-fix-1.png","width":876,"height":887,"caption":"ResetFix -Firmware Fix"},"image":{"@id":"https:\/\/resetfix.com\/es\/#\/schema\/logo\/image\/"},"sameAs":["https:\/\/lista.mercadolivre.com.br\/_CustId_698846821?item_id=MLB5126494038&category_id=MLB271870&seller_id=698846821&client=recoview-selleritems&recos_listing=true#origin=vip&component=sellerData&typeSeller=classic"],"description":"Resetfix.com \u00e9 um servi\u00e7o de gera\u00e7\u00e3o online de firmware para impressoras a laser","email":"resetfixbr@gmail.com","telephone":"37998273278","legalName":"Resetfix","foundingDate":"2025-01-26","vatID":"52482588000160","numberOfEmployees":{"@type":"QuantitativeValue","minValue":"1","maxValue":"10"},"actionableFeedbackPolicy":"https:\/\/resetfix.com\/politica-de-privacidade\/"}]},"product_price_amount":"8.75","product_price_currency":"USD","og_availability":"instock","product_availability":"instock","product_condition":"new"},"uagb_featured_image_src":{"full":["https:\/\/resetfix.com\/wp-content\/uploads\/2025\/07\/m2070.webp",1200,1200,false],"thumbnail":["https:\/\/resetfix.com\/wp-content\/uploads\/2025\/07\/m2070-150x150.webp",150,150,true],"medium":["https:\/\/resetfix.com\/wp-content\/uploads\/2025\/07\/m2070-300x300.webp",300,300,true],"medium_large":["https:\/\/resetfix.com\/wp-content\/uploads\/2025\/07\/m2070-768x768.webp",768,768,true],"large":["https:\/\/resetfix.com\/wp-content\/uploads\/2025\/07\/m2070-1024x1024.webp",1024,1024,true],"1536x1536":["https:\/\/resetfix.com\/wp-content\/uploads\/2025\/07\/m2070.webp",1200,1200,false],"2048x2048":["https:\/\/resetfix.com\/wp-content\/uploads\/2025\/07\/m2070.webp",1200,1200,false],"woocommerce_thumbnail":["https:\/\/resetfix.com\/wp-content\/uploads\/2025\/07\/m2070-300x300.webp",300,300,true],"woocommerce_single":["https:\/\/resetfix.com\/wp-content\/uploads\/2025\/07\/m2070-600x600.webp",600,600,true],"woocommerce_gallery_thumbnail":["https:\/\/resetfix.com\/wp-content\/uploads\/2025\/07\/m2070-100x100.webp",100,100,true]},"uagb_author_info":{"display_name":"resetfix","author_link":"https:\/\/resetfix.com\/es\/author\/"},"uagb_comment_info":0,"uagb_excerpt":"\u00bfCansado de que su trabajo se vea interrumpido por los bloqueos de la impresora y el intercambio constante de chips? Tenemos la soluci\u00f3n. Con Reset Pro, reset su impresora una vez y pone fin a esa preocupaci\u00f3n de una vez por todas. Nuestro sistema 100% seguro eleva los contadores de t\u00f3ner al 100% de forma&hellip;","_links":{"self":[{"href":"https:\/\/resetfix.com\/es\/wp-json\/wp\/v2\/product\/1013","targetHints":{"allow":["GET"]}}],"collection":[{"href":"https:\/\/resetfix.com\/es\/wp-json\/wp\/v2\/product"}],"about":[{"href":"https:\/\/resetfix.com\/es\/wp-json\/wp\/v2\/types\/product"}],"wp:featuredmedia":[{"embeddable":true,"href":"https:\/\/resetfix.com\/es\/wp-json\/wp\/v2\/media\/894"}],"wp:attachment":[{"href":"https:\/\/resetfix.com\/es\/wp-json\/wp\/v2\/media?parent=1013"}],"wp:term":[{"taxonomy":"product_brand","embeddable":true,"href":"https:\/\/resetfix.com\/es\/wp-json\/wp\/v2\/product_brand?post=1013"},{"taxonomy":"product_cat","embeddable":true,"href":"https:\/\/resetfix.com\/es\/wp-json\/wp\/v2\/product_cat?post=1013"},{"taxonomy":"product_tag","embeddable":true,"href":"https:\/\/resetfix.com\/es\/wp-json\/wp\/v2\/product_tag?post=1013"}],"curies":[{"name":"wp","href":"https:\/\/api.w.org\/{rel}","templated":true}]}}