{"id":1035,"date":"2025-05-19T14:54:31","date_gmt":"2025-05-19T17:54:31","guid":{"rendered":"https:\/\/resetfix.com\/produto\/restablecer-pantum-m6550nw-m6559nw-m6509\/"},"modified":"2025-09-19T14:05:16","modified_gmt":"2025-09-19T17:05:16","slug":"reset-pantum-m6550nw-m6559nw-m6509","status":"publish","type":"product","link":"https:\/\/resetfix.com\/es\/producto\/reset-pantum-m6550nw-m6559nw-m6509\/","title":{"rendered":"Reset Pantum M6550nw | M6559NW | M6509"},"content":{"rendered":"<div class=\"fcg-wizard-container\"><div class=\"fcg-step-indicator\"><div class=\"fcg-step active\" data-step=\"1\"><div class=\"fcg-step-number\">1<\/div><div class=\"fcg-step-title\">Verificaci\u00f3n<\/div><\/div><div class=\"fcg-step\" data-step=\"2\"><div class=\"fcg-step-number\">2<\/div><div class=\"fcg-step-title\">Realizar pedido<\/div><\/div><\/div><div class=\"fcg-wizard-step fcg-step-1 active\" data-step=\"1\"><div class=\"fcg-card fcg-verification-card\"><div class=\"fcg-card-header\"><h3><span class=\"fcg-icon\">\ud83d\udd04<\/span> Generar Reset<\/h3><\/div><div class=\"fcg-card-body\"><div class=\"fcg-info-box\"><p><strong>Para obtener el reset de la impresora, siga estos pasos:<\/strong><\/p><ol><li>Descargue el programa NoChipFirmwareUpgrade<\/li><li>Conecte la impresora al ordenador por USB (instale el controlador si es necesario)<\/li><li>Haga clic en el bot\u00f3n [Get Printer ID]<\/li><li>Copie el ID generado y p\u00e9guelo abajo. Haga clic en Verificar impresora<\/li><\/ol><p class=\"fcg-download-link\"><a href=\"https:\/\/nochip.ru\/exe\/NoChipFirmwareUpgrade_5.8.exe\" class=\"fcg-button fcg-button-secondary\" target=\"_blank\">\ud83d\udce5 Descargar NoChipFirmwareUpgrade v5.8<\/a><\/p><\/div><form id=\"firmware-form\" method=\"post\"><div class=\"fcg-form-group\"><label for=\"printer-id\">ID de la impresora:<\/label><input type=\"text\" name=\"printer-id\" id=\"printer-id\" required placeholder=\"Pegue aqu\u00ed el ID de la impresora\"><\/div><div class=\"fcg-form-actions\"><button type=\"submit\" name=\"verify_printer\" class=\"fcg-button fcg-button-primary\" onclick=\"gtag_report_conversion()\"><span class=\"fcg-button-text\">Verificar impresora<\/span><span class=\"fcg-spinner\" style=\"display: none;\">\ud83d\udd04<\/span><\/button><\/div><\/form><\/div><\/div><\/div><div class=\"fcg-wizard-step fcg-step-2\" data-step=\"2\" style=\"display: none;\"><div class=\"fcg-card fcg-result-card\"><div class=\"fcg-card-header\"><h3 id=\"fcg-result-title\"><span class=\"fcg-icon\">\u23f3<\/span> Verificando...<\/h3><button type=\"button\" class=\"fcg-back-button\" id=\"fcg-back-to-step1\" title=\"Verificar otro ID\"><span class=\"fcg-back-icon\">\u2190<\/span><span class=\"fcg-back-text\">Nuevo ID<\/span><\/button><\/div><div class=\"fcg-card-body\"><div id=\"firmware-result\"><\/div><div id=\"firmware-actions\" style=\"margin-top: 20px;\"><\/div><\/div><\/div><\/div><\/div>\n<h1>Reset Pantum M6550nw | M6559NW | M6509 | M6500<\/h1>\n<p>Reset es un software que desbloquea la impresora o impresora multifunci\u00f3n para que ya no utilice un chip en el t\u00f3ner y la unidad de imagen. Despu\u00e9s del reinicio, podr\u00e1 utilizar t\u00f3neres y consumibles compatibles en su m\u00e1quina. Reset compatible con: Pantum M6550nw | M6559NW | M6509 | M6500<\/p>\n<p>C\u00f3mo hacer el reinicio:<\/p>\n<p>Haga clic en comprar y ser\u00e1 redirigido al generador de reinicio de pantum. All\u00ed podr\u00e1 generar el reset\/firmware compatible con su dispositivo. Tambi\u00e9n puede ponerse en contacto directamente con nuestro <a href=\"https:\/\/wa.me\/5537998273278\">soporte <\/a>y realizar el pedido.<\/p>\n<h2>1\u00ba &#8211; Conecte la impresora a la computadora a trav\u00e9s de USB y haga clic en \u00abObtener ID de impresora\u00bb, luego copie el c\u00f3digo generado (ID).<\/h2>\n<p>&nbsp;<\/p>\n<p><img loading=\"lazy\" decoding=\"async\" class=\"wp-image-538 aligncenter\" src=\"https:\/\/resetfix.com\/wp-content\/uploads\/2025\/04\/NochipFirmwareUpgd-ID-300x256.png\" alt=\"\" width=\"547\" height=\"466\" srcset=\"https:\/\/resetfix.com\/wp-content\/uploads\/2025\/04\/NochipFirmwareUpgd-ID-300x256.png 300w, https:\/\/resetfix.com\/wp-content\/uploads\/2025\/04\/NochipFirmwareUpgd-ID.png 579w\" sizes=\"auto, (max-width: 547px) 100vw, 547px\" \/><\/p>\n<h2>2\u00ba &#8211; Copie y pegue el c\u00f3digo generado en la p\u00e1gina del generador de firmware de Pantum y haga clic en \u00abVerificar impresora\u00bb<\/h2>\n<p>&nbsp;<\/p>\n<h2>3\u00ba &#8211; Completar el pago y Descargar el archivo de Reset Pantum M6550nw | M6559NW | M6509<\/h2>\n<p>Descargue el archivo y En el programa, haga clic en Actualizar firmware y seleccione el archivo. En la impresora, aparecer\u00e1 el mensaje: \u00ab\u00bfactualizar?\u00bb. Presione el bot\u00f3n de inicio\/inicio. Espere a que aparezca \u00abActualizaci\u00f3n completa\u00bb. se reinicia\u00bb. En este punto, puede apagar y volver a encender la m\u00e1quina. \u00a1Reset completado! No es necesario quitar las virutas.<\/p>\n","protected":false},"excerpt":{"rendered":"<p>Reset es un software que desbloquea la impresora o impresora multifunci\u00f3n para que ya no utilice un chip en el t\u00f3ner y la unidad de imagen.<\/p>\n","protected":false},"featured_media":836,"template":"","meta":{"_uag_custom_page_level_css":"","site-sidebar-layout":"default","site-content-layout":"","ast-site-content-layout":"default","site-content-style":"default","site-sidebar-style":"default","ast-global-header-display":"","ast-banner-title-visibility":"","ast-main-header-display":"","ast-hfb-above-header-display":"","ast-hfb-below-header-display":"","ast-hfb-mobile-header-display":"","site-post-title":"","ast-breadcrumbs-content":"","ast-featured-img":"","footer-sml-layout":"","ast-disable-related-posts":"","theme-transparent-header-meta":"default","adv-header-id-meta":"","stick-header-meta":"","header-above-stick-meta":"","header-main-stick-meta":"","header-below-stick-meta":"","astra-migrate-meta-layouts":"set","ast-page-background-enabled":"default","ast-page-background-meta":{"desktop":{"background-color":"var(--ast-global-color-5)","background-image":"","background-repeat":"repeat","background-position":"center center","background-size":"auto","background-attachment":"scroll","background-type":"","background-media":"","overlay-type":"","overlay-color":"","overlay-opacity":"","overlay-gradient":""},"tablet":{"background-color":"","background-image":"","background-repeat":"repeat","background-position":"center center","background-size":"auto","background-attachment":"scroll","background-type":"","background-media":"","overlay-type":"","overlay-color":"","overlay-opacity":"","overlay-gradient":""},"mobile":{"background-color":"","background-image":"","background-repeat":"repeat","background-position":"center center","background-size":"auto","background-attachment":"scroll","background-type":"","background-media":"","overlay-type":"","overlay-color":"","overlay-opacity":"","overlay-gradient":""}},"ast-content-background-meta":{"desktop":{"background-color":"var(--ast-global-color-4)","background-image":"","background-repeat":"repeat","background-position":"center center","background-size":"auto","background-attachment":"scroll","background-type":"","background-media":"","overlay-type":"","overlay-color":"","overlay-opacity":"","overlay-gradient":""},"tablet":{"background-color":"var(--ast-global-color-4)","background-image":"","background-repeat":"repeat","background-position":"center center","background-size":"auto","background-attachment":"scroll","background-type":"","background-media":"","overlay-type":"","overlay-color":"","overlay-opacity":"","overlay-gradient":""},"mobile":{"background-color":"var(--ast-global-color-4)","background-image":"","background-repeat":"repeat","background-position":"center center","background-size":"auto","background-attachment":"scroll","background-type":"","background-media":"","overlay-type":"","overlay-color":"","overlay-opacity":"","overlay-gradient":""}}},"product_brand":[],"product_cat":[41,40],"product_tag":[],"class_list":{"0":"post-1035","1":"product","2":"type-product","3":"status-publish","4":"has-post-thumbnail","6":"product_cat-pantum-es","7":"product_cat-reset-es","8":"desktop-align-left","9":"tablet-align-left","10":"mobile-align-left","12":"first","13":"instock","14":"taxable","15":"shipping-taxable","16":"product-type-external"},"yoast_head":"<!-- This site is optimized with the Yoast SEO Premium plugin v24.7 (Yoast SEO v24.7) - https:\/\/yoast.com\/wordpress\/plugins\/seo\/ -->\n<title>Reset Pantum M6550nw | M6559NW | M6509 - ResetFix<\/title>\n<meta name=\"description\" content=\"Reset compatible con Pantum M6550nw | M6559NW | M6509. Para usar sin chip, t\u00f3ner y unidad de imagen. Soporte disponible. Nivel de t\u00f3ner siempre lleno\" \/>\n<meta name=\"robots\" content=\"index, follow, max-snippet:-1, max-image-preview:large, max-video-preview:-1\" \/>\n<link rel=\"canonical\" href=\"https:\/\/resetfix.com\/es\/producto\/reset-pantum-m6550nw-m6559nw-m6509\/\" \/>\n<meta property=\"og:locale\" content=\"es_ES\" \/>\n<meta property=\"og:type\" content=\"article\" \/>\n<meta property=\"og:title\" content=\"Reset Pantum M6550nw | M6559NW | M6509\" \/>\n<meta property=\"og:description\" content=\"Reset compatible con Pantum M6550nw | M6559NW | M6509. Para usar sin chip, t\u00f3ner y unidad de imagen. Soporte disponible. Nivel de t\u00f3ner siempre lleno\" \/>\n<meta property=\"og:url\" content=\"https:\/\/resetfix.com\/es\/producto\/reset-pantum-m6550nw-m6559nw-m6509\/\" \/>\n<meta property=\"og:site_name\" content=\"ResetFix\" \/>\n<meta property=\"article:modified_time\" content=\"2025-09-19T17:05:16+00:00\" \/>\n<meta property=\"og:image\" content=\"https:\/\/resetfix.com\/wp-content\/uploads\/2025\/04\/M6550.png\" \/>\n\t<meta property=\"og:image:width\" content=\"1620\" \/>\n\t<meta property=\"og:image:height\" content=\"1620\" \/>\n\t<meta property=\"og:image:type\" content=\"image\/png\" \/>\n<meta name=\"twitter:card\" content=\"summary_large_image\" \/>\n<meta name=\"twitter:label1\" content=\"Precio\" \/>\n\t<meta name=\"twitter:data1\" content=\"&#036;14.00\" \/>\n\t<meta name=\"twitter:label2\" content=\"Disponibilidad\" \/>\n\t<meta name=\"twitter:data2\" content=\"Disponible\" \/>\n<script type=\"application\/ld+json\" class=\"yoast-schema-graph\">{\"@context\":\"https:\/\/schema.org\",\"@graph\":[{\"@type\":\"WebPage\",\"@id\":\"https:\/\/resetfix.com\/es\/producto\/reset-pantum-m6550nw-m6559nw-m6509\/\",\"url\":\"https:\/\/resetfix.com\/es\/producto\/reset-pantum-m6550nw-m6559nw-m6509\/\",\"name\":\"Reset Pantum M6550nw | M6559NW | M6509 - ResetFix\",\"isPartOf\":{\"@id\":\"https:\/\/resetfix.com\/es\/#website\"},\"primaryImageOfPage\":{\"@id\":\"https:\/\/resetfix.com\/es\/producto\/reset-pantum-m6550nw-m6559nw-m6509\/#primaryimage\"},\"image\":{\"@id\":\"https:\/\/resetfix.com\/es\/producto\/reset-pantum-m6550nw-m6559nw-m6509\/#primaryimage\"},\"thumbnailUrl\":\"https:\/\/resetfix.com\/wp-content\/uploads\/2025\/04\/M6550.png\",\"datePublished\":\"2025-05-19T17:54:31+00:00\",\"dateModified\":\"2025-09-19T17:05:16+00:00\",\"description\":\"Reset compatible con Pantum M6550nw | M6559NW | M6509. Para usar sin chip, t\u00f3ner y unidad de imagen. Soporte disponible. Nivel de t\u00f3ner siempre lleno\",\"breadcrumb\":{\"@id\":\"https:\/\/resetfix.com\/es\/producto\/reset-pantum-m6550nw-m6559nw-m6509\/#breadcrumb\"},\"inLanguage\":\"es\",\"potentialAction\":[{\"@type\":\"ReadAction\",\"target\":[\"https:\/\/resetfix.com\/es\/producto\/reset-pantum-m6550nw-m6559nw-m6509\/\"]}]},{\"@type\":\"ImageObject\",\"inLanguage\":\"es\",\"@id\":\"https:\/\/resetfix.com\/es\/producto\/reset-pantum-m6550nw-m6559nw-m6509\/#primaryimage\",\"url\":\"https:\/\/resetfix.com\/wp-content\/uploads\/2025\/04\/M6550.png\",\"contentUrl\":\"https:\/\/resetfix.com\/wp-content\/uploads\/2025\/04\/M6550.png\",\"width\":1620,\"height\":1620},{\"@type\":\"BreadcrumbList\",\"@id\":\"https:\/\/resetfix.com\/es\/producto\/reset-pantum-m6550nw-m6559nw-m6509\/#breadcrumb\",\"itemListElement\":[{\"@type\":\"ListItem\",\"position\":1,\"name\":\"In\u00edcio\",\"item\":\"https:\/\/resetfix.com\/es\/\"},{\"@type\":\"ListItem\",\"position\":2,\"name\":\"Tienda\",\"item\":\"https:\/\/resetfix.com\/tienda\/\"},{\"@type\":\"ListItem\",\"position\":3,\"name\":\"Reset Pantum M6550nw | M6559NW | M6509\"}]},{\"@type\":\"WebSite\",\"@id\":\"https:\/\/resetfix.com\/es\/#website\",\"url\":\"https:\/\/resetfix.com\/es\/\",\"name\":\"ResetFix\",\"description\":\"Firmwares de v\u00e1rios modelos de impressoras e multifuncionais compat\u00edveis\",\"publisher\":{\"@id\":\"https:\/\/resetfix.com\/es\/#organization\"},\"potentialAction\":[{\"@type\":\"SearchAction\",\"target\":{\"@type\":\"EntryPoint\",\"urlTemplate\":\"https:\/\/resetfix.com\/es\/?s={search_term_string}\"},\"query-input\":{\"@type\":\"PropertyValueSpecification\",\"valueRequired\":true,\"valueName\":\"search_term_string\"}}],\"inLanguage\":\"es\"},{\"@type\":\"Organization\",\"@id\":\"https:\/\/resetfix.com\/es\/#organization\",\"name\":\"ResetFix -Firmware Fix\",\"alternateName\":\"Resetfix\",\"url\":\"https:\/\/resetfix.com\/es\/\",\"logo\":{\"@type\":\"ImageObject\",\"inLanguage\":\"es\",\"@id\":\"https:\/\/resetfix.com\/es\/#\/schema\/logo\/image\/\",\"url\":\"https:\/\/resetfix.com\/wp-content\/uploads\/2025\/03\/logo-reset-fix-1.png\",\"contentUrl\":\"https:\/\/resetfix.com\/wp-content\/uploads\/2025\/03\/logo-reset-fix-1.png\",\"width\":876,\"height\":887,\"caption\":\"ResetFix -Firmware Fix\"},\"image\":{\"@id\":\"https:\/\/resetfix.com\/es\/#\/schema\/logo\/image\/\"},\"sameAs\":[\"https:\/\/lista.mercadolivre.com.br\/_CustId_698846821?item_id=MLB5126494038&category_id=MLB271870&seller_id=698846821&client=recoview-selleritems&recos_listing=true#origin=vip&component=sellerData&typeSeller=classic\"],\"description\":\"Resetfix.com \u00e9 um servi\u00e7o de gera\u00e7\u00e3o online de firmware para impressoras a laser\",\"email\":\"resetfixbr@gmail.com\",\"telephone\":\"37998273278\",\"legalName\":\"Resetfix\",\"foundingDate\":\"2025-01-26\",\"vatID\":\"52482588000160\",\"numberOfEmployees\":{\"@type\":\"QuantitativeValue\",\"minValue\":\"1\",\"maxValue\":\"10\"},\"actionableFeedbackPolicy\":\"https:\/\/resetfix.com\/politica-de-privacidade\/\"}]}<\/script>\n<meta property=\"product:price:amount\" content=\"14.00\" \/>\n<meta property=\"product:price:currency\" content=\"USD\" \/>\n<meta property=\"og:availability\" content=\"instock\" \/>\n<meta property=\"product:availability\" content=\"instock\" \/>\n<meta property=\"product:condition\" content=\"new\" \/>\n<!-- \/ Yoast SEO Premium plugin. -->","yoast_head_json":{"title":"Reset Pantum M6550nw | M6559NW | M6509 - ResetFix","description":"Reset compatible con Pantum M6550nw | M6559NW | M6509. Para usar sin chip, t\u00f3ner y unidad de imagen. Soporte disponible. Nivel de t\u00f3ner siempre lleno","robots":{"index":"index","follow":"follow","max-snippet":"max-snippet:-1","max-image-preview":"max-image-preview:large","max-video-preview":"max-video-preview:-1"},"canonical":"https:\/\/resetfix.com\/es\/producto\/reset-pantum-m6550nw-m6559nw-m6509\/","og_locale":"es_ES","og_type":"article","og_title":"Reset Pantum M6550nw | M6559NW | M6509","og_description":"Reset compatible con Pantum M6550nw | M6559NW | M6509. Para usar sin chip, t\u00f3ner y unidad de imagen. Soporte disponible. Nivel de t\u00f3ner siempre lleno","og_url":"https:\/\/resetfix.com\/es\/producto\/reset-pantum-m6550nw-m6559nw-m6509\/","og_site_name":"ResetFix","article_modified_time":"2025-09-19T17:05:16+00:00","og_image":[{"width":1620,"height":1620,"url":"https:\/\/resetfix.com\/wp-content\/uploads\/2025\/04\/M6550.png","type":"image\/png"}],"twitter_card":"summary_large_image","twitter_misc":{"Precio":"&#36;14.00","Disponibilidad":"Disponible"},"schema":{"@context":"https:\/\/schema.org","@graph":[{"@type":"WebPage","@id":"https:\/\/resetfix.com\/es\/producto\/reset-pantum-m6550nw-m6559nw-m6509\/","url":"https:\/\/resetfix.com\/es\/producto\/reset-pantum-m6550nw-m6559nw-m6509\/","name":"Reset Pantum M6550nw | M6559NW | M6509 - ResetFix","isPartOf":{"@id":"https:\/\/resetfix.com\/es\/#website"},"primaryImageOfPage":{"@id":"https:\/\/resetfix.com\/es\/producto\/reset-pantum-m6550nw-m6559nw-m6509\/#primaryimage"},"image":{"@id":"https:\/\/resetfix.com\/es\/producto\/reset-pantum-m6550nw-m6559nw-m6509\/#primaryimage"},"thumbnailUrl":"https:\/\/resetfix.com\/wp-content\/uploads\/2025\/04\/M6550.png","datePublished":"2025-05-19T17:54:31+00:00","dateModified":"2025-09-19T17:05:16+00:00","description":"Reset compatible con Pantum M6550nw | M6559NW | M6509. Para usar sin chip, t\u00f3ner y unidad de imagen. Soporte disponible. Nivel de t\u00f3ner siempre lleno","breadcrumb":{"@id":"https:\/\/resetfix.com\/es\/producto\/reset-pantum-m6550nw-m6559nw-m6509\/#breadcrumb"},"inLanguage":"es","potentialAction":[{"@type":"ReadAction","target":["https:\/\/resetfix.com\/es\/producto\/reset-pantum-m6550nw-m6559nw-m6509\/"]}]},{"@type":"ImageObject","inLanguage":"es","@id":"https:\/\/resetfix.com\/es\/producto\/reset-pantum-m6550nw-m6559nw-m6509\/#primaryimage","url":"https:\/\/resetfix.com\/wp-content\/uploads\/2025\/04\/M6550.png","contentUrl":"https:\/\/resetfix.com\/wp-content\/uploads\/2025\/04\/M6550.png","width":1620,"height":1620},{"@type":"BreadcrumbList","@id":"https:\/\/resetfix.com\/es\/producto\/reset-pantum-m6550nw-m6559nw-m6509\/#breadcrumb","itemListElement":[{"@type":"ListItem","position":1,"name":"In\u00edcio","item":"https:\/\/resetfix.com\/es\/"},{"@type":"ListItem","position":2,"name":"Tienda","item":"https:\/\/resetfix.com\/tienda\/"},{"@type":"ListItem","position":3,"name":"Reset Pantum M6550nw | M6559NW | M6509"}]},{"@type":"WebSite","@id":"https:\/\/resetfix.com\/es\/#website","url":"https:\/\/resetfix.com\/es\/","name":"ResetFix","description":"Firmwares de v\u00e1rios modelos de impressoras e multifuncionais compat\u00edveis","publisher":{"@id":"https:\/\/resetfix.com\/es\/#organization"},"potentialAction":[{"@type":"SearchAction","target":{"@type":"EntryPoint","urlTemplate":"https:\/\/resetfix.com\/es\/?s={search_term_string}"},"query-input":{"@type":"PropertyValueSpecification","valueRequired":true,"valueName":"search_term_string"}}],"inLanguage":"es"},{"@type":"Organization","@id":"https:\/\/resetfix.com\/es\/#organization","name":"ResetFix -Firmware Fix","alternateName":"Resetfix","url":"https:\/\/resetfix.com\/es\/","logo":{"@type":"ImageObject","inLanguage":"es","@id":"https:\/\/resetfix.com\/es\/#\/schema\/logo\/image\/","url":"https:\/\/resetfix.com\/wp-content\/uploads\/2025\/03\/logo-reset-fix-1.png","contentUrl":"https:\/\/resetfix.com\/wp-content\/uploads\/2025\/03\/logo-reset-fix-1.png","width":876,"height":887,"caption":"ResetFix -Firmware Fix"},"image":{"@id":"https:\/\/resetfix.com\/es\/#\/schema\/logo\/image\/"},"sameAs":["https:\/\/lista.mercadolivre.com.br\/_CustId_698846821?item_id=MLB5126494038&category_id=MLB271870&seller_id=698846821&client=recoview-selleritems&recos_listing=true#origin=vip&component=sellerData&typeSeller=classic"],"description":"Resetfix.com \u00e9 um servi\u00e7o de gera\u00e7\u00e3o online de firmware para impressoras a laser","email":"resetfixbr@gmail.com","telephone":"37998273278","legalName":"Resetfix","foundingDate":"2025-01-26","vatID":"52482588000160","numberOfEmployees":{"@type":"QuantitativeValue","minValue":"1","maxValue":"10"},"actionableFeedbackPolicy":"https:\/\/resetfix.com\/politica-de-privacidade\/"}]},"product_price_amount":"14.00","product_price_currency":"USD","og_availability":"instock","product_availability":"instock","product_condition":"new"},"uagb_featured_image_src":{"full":["https:\/\/resetfix.com\/wp-content\/uploads\/2025\/04\/M6550.png",1620,1620,false],"thumbnail":["https:\/\/resetfix.com\/wp-content\/uploads\/2025\/04\/M6550-150x150.png",150,150,true],"medium":["https:\/\/resetfix.com\/wp-content\/uploads\/2025\/04\/M6550-300x300.png",300,300,true],"medium_large":["https:\/\/resetfix.com\/wp-content\/uploads\/2025\/04\/M6550-768x768.png",768,768,true],"large":["https:\/\/resetfix.com\/wp-content\/uploads\/2025\/04\/M6550-1024x1024.png",1024,1024,true],"1536x1536":["https:\/\/resetfix.com\/wp-content\/uploads\/2025\/04\/M6550-1536x1536.png",1536,1536,true],"2048x2048":["https:\/\/resetfix.com\/wp-content\/uploads\/2025\/04\/M6550.png",1620,1620,false],"woocommerce_thumbnail":["https:\/\/resetfix.com\/wp-content\/uploads\/2025\/04\/M6550-300x300.png",300,300,true],"woocommerce_single":["https:\/\/resetfix.com\/wp-content\/uploads\/2025\/04\/M6550-600x600.png",600,600,true],"woocommerce_gallery_thumbnail":["https:\/\/resetfix.com\/wp-content\/uploads\/2025\/04\/M6550-100x100.png",100,100,true]},"uagb_author_info":{"display_name":"resetfix","author_link":"https:\/\/resetfix.com\/es\/author\/"},"uagb_comment_info":0,"uagb_excerpt":"Reset es un software que desbloquea la impresora o impresora multifunci\u00f3n para que ya no utilice un chip en el t\u00f3ner y la unidad de imagen.","_links":{"self":[{"href":"https:\/\/resetfix.com\/es\/wp-json\/wp\/v2\/product\/1035","targetHints":{"allow":["GET"]}}],"collection":[{"href":"https:\/\/resetfix.com\/es\/wp-json\/wp\/v2\/product"}],"about":[{"href":"https:\/\/resetfix.com\/es\/wp-json\/wp\/v2\/types\/product"}],"wp:featuredmedia":[{"embeddable":true,"href":"https:\/\/resetfix.com\/es\/wp-json\/wp\/v2\/media\/836"}],"wp:attachment":[{"href":"https:\/\/resetfix.com\/es\/wp-json\/wp\/v2\/media?parent=1035"}],"wp:term":[{"taxonomy":"product_brand","embeddable":true,"href":"https:\/\/resetfix.com\/es\/wp-json\/wp\/v2\/product_brand?post=1035"},{"taxonomy":"product_cat","embeddable":true,"href":"https:\/\/resetfix.com\/es\/wp-json\/wp\/v2\/product_cat?post=1035"},{"taxonomy":"product_tag","embeddable":true,"href":"https:\/\/resetfix.com\/es\/wp-json\/wp\/v2\/product_tag?post=1035"}],"curies":[{"name":"wp","href":"https:\/\/api.w.org\/{rel}","templated":true}]}}